{"id":99,"date":"2021-09-04T11:49:04","date_gmt":"2021-09-04T10:49:04","guid":{"rendered":"http:\/\/akm-test.bensalem.de\/?page_id=99"},"modified":"2024-09-10T13:15:59","modified_gmt":"2024-09-10T12:15:59","slug":"boris-becker","status":"publish","type":"page","link":"https:\/\/www.akm-koblenz.de\/index.php\/mitglieder\/boris-becker\/","title":{"rendered":"Boris Becker"},"content":{"rendered":"\n<div class=\"wp-block-columns is-layout-flex wp-container-core-columns-is-layout-1 wp-block-columns-is-layout-flex\">\n<div class=\"wp-block-column is-layout-flow wp-block-column-is-layout-flow\" style=\"flex-basis:66.66%\">\n<figure class=\"wp-block-table is-style-stripes\"><table><tbody><tr><td>1961<\/td><td>geboren in K\u00f6ln<\/td><\/tr><tr><td>1982 &#8211; 1984<\/td><td>Studium an der Hochschule der K\u00fcnste, Berlin, bei Wolfgang Ramsbott<\/td><\/tr><tr><td>1984 &#8211; 1990<\/td><td>Studium an der Kunstakademie, D\u00fcsseldorf bei Bernd Becher, seit 1988 Meistersch\u00fcler<\/td><\/tr><tr><td>2004 &#8211; 2006<\/td><td>Gastprofessur f\u00fcr Fotografie an der Hochschule f\u00fcr K\u00fcnste, Bremen<\/td><\/tr><tr><td>2010 &#8211; 2011<\/td><td>Vertretungsprofessur an der Kunsthochschule f\u00fcr Medien K\u00f6ln<\/td><\/tr><tr><td>2012<\/td><td>Gr\u00fcndung des Sprungturm Verlags<br>lebt und arbeitet in K\u00f6ln<\/td><\/tr><\/tbody><\/table><\/figure>\n<\/div>\n\n\n\n<div class=\"wp-block-column is-layout-flow wp-block-column-is-layout-flow\" style=\"flex-basis:33.33%\">\n<figure class=\"wp-block-image size-large\"><img decoding=\"async\" src=\"\/wp-content\/uploads\/2021\/09\/98436ebb3ef1bf1969c8dd2b4e2d207f.jpg\" alt=\"\"\/><\/figure>\n<\/div>\n<\/div>\n\n\n\n<h2 class=\"wp-block-heading\">Stipendien<\/h2>\n\n\n\n<figure class=\"wp-block-table is-style-stripes\"><table><tbody><tr><td>2008<\/td><td>Stipendium K\u00fcnstlerhaus Schloss Wiepersdorf, Land Brandenburg<\/td><\/tr><tr><td>2004<\/td><td>Stipendium K\u00fcnstlerhaus Lukas, Ahrenshoop<br>Stipendium K\u00fcnstlerdorf Sch\u00f6ppingen<\/td><\/tr><tr><td>1997<\/td><td>Stipendium an der Deutschen Akademie Villa Massimo, Rom<\/td><\/tr><tr><td>1996<\/td><td>Chargesheimer Stipendium der Stadt K\u00f6ln<\/td><\/tr><tr><td>1993<\/td><td>Arbeitsstipendium des Landes Schleswig-Holstein<\/td><\/tr><\/tbody><\/table><\/figure>\n\n\n\n<h2 class=\"wp-block-heading\">Einzelausstellungen (Auswahl ab 1997)<\/h2>\n\n\n\n<figure class=\"wp-block-table is-style-stripes\"><table><tbody><tr><td>2012<\/td><td>ROSPHOTO State Museum and Exhibition Centre, St. Petersburg<br>Galerie Heinz Holtmann, K\u00f6ln<br>AKM K\u00fcnstlerhaus Metternich, Koblenz<\/td><\/tr><tr><td>2011<\/td><td>Rautenstrauch-Joest -Museum, K\u00f6ln<\/td><\/tr><tr><td>2010<\/td><td>Kulturforum in Herz Jesu, K\u00f6ln\/Galerie Heinz Holtmann, K\u00f6ln<br>Fotomuseum Provincie, Antwerpen (B)<br>Landesmuseum Oldenburg<\/td><\/tr><tr><td>2009<\/td><td>Die Photographische Sammlung, SK Stiftung Kultur, K\u00f6ln<br>Landesgalerie Linz, (A)<\/td><\/tr><tr><td>2008<\/td><td>Galerie Heinz Holtmann, K\u00f6ln<\/td><\/tr><tr><td>2007<\/td><td>Kunst &#8211; und Ausstellungshalle der BRD, Bonn<\/td><\/tr><tr><td>2006<\/td><td>Galerie Heinz Holtmann, K\u00f6ln<br>Kunsthalle Recklinghausen<\/td><\/tr><tr><td>2005<\/td><td>St\u00e4dtische Galerie im Park, Viersen<\/td><\/tr><tr><td>2004<\/td><td>St\u00e4dtische Galerie, Sonneberg<\/td><\/tr><tr><td>2002<\/td><td>Goethe- Institut Lyon (F) \/Galerie Metropolis, Lyon (F)<br>Kunstverein Bochum\/Rotonda Galerie, K\u00f6ln<\/td><\/tr><tr><td>2001<\/td><td>St\u00e4dtische Galerie Wolfsburg<br>Galerie Ulrich Fiedler, K\u00f6ln<\/td><\/tr><tr><td>2000<\/td><td>Pfalzgalerie Kaiserslautern\/Galerie Holm&amp;Wirth, Z\u00fcrich<\/td><\/tr><tr><td>1999<\/td><td>Goethe &#8211; Institut, Rotterdam (NL)<\/td><\/tr><tr><td>1998<\/td><td>Kunstverein N\u00fcrnberg<br>Aschenbach Galerie, Amsterdam (NL)<br>Galerie Ulrich Fiedler, K\u00f6ln\/Kunstmuseum Bonn<br>Ausstellungsraum Parking Meters, K\u00f6ln<br>Galerie Conrads, D\u00fcsseldorf<\/td><\/tr><tr><td>1997<\/td><td>Villa Massimo, Rom (I)<br>Kunsthalle Bremerhaven<\/td><\/tr><\/tbody><\/table><\/figure>\n\n\n\n<h2 class=\"wp-block-heading\">Ausstellungsbeteiligungen (Auswahl ab 1997)<\/h2>\n\n\n\n<figure class=\"wp-block-table is-style-stripes\"><table><tbody><tr><td>2013<\/td><td>Kunstmuseum Bochum<br>Kunsthalle Bremen<\/td><\/tr><tr><td>2012<\/td><td>Galerie Beck&amp; Eggeling, D\u00fcsseldorf<\/td><\/tr><tr><td>2011<\/td><td>Akademie -Galerie, D\u00fcsseldorf<br>Osthaus Museum, Hagen<\/td><\/tr><tr><td>2010<\/td><td>Schlo\u00df Moyland, Bedburg<\/td><\/tr><tr><td>2009<\/td><td>Neues Museum Weserburg, Bremen<\/td><\/tr><tr><td>2008<\/td><td>Neues Kunsthaus, Ahrenshoop<\/td><\/tr><tr><td>2007<\/td><td>SK Stiftung Kultur, K\u00f6ln<\/td><\/tr><tr><td>2006<\/td><td>Ludwig Forum f\u00fcr Internationale Kunst, Aachen<\/td><\/tr><tr><td>2005<\/td><td>Visual Art Center, Doha Qatar<\/td><\/tr><tr><td>2004<\/td><td>Pinakothek der Moderne, M\u00fcnchen<\/td><\/tr><tr><td>2003<\/td><td>Galerie Ulrich Fiedler, K\u00f6ln<br>St\u00e4dtische Galerie, Wolfsburg<\/td><\/tr><tr><td>2002<\/td><td>Kunsthalle Emden<br>ZKM Museum f\u00fcr Neue Kunst, Karlsruhe<\/td><\/tr><tr><td>2001<\/td><td>Fotomuseum Winterthur (CH)<\/td><\/tr><tr><td>2000<\/td><td>Centro Cultural de Bel\u00e9m, Lissabon(P)<br>Fries Museum, Leeuwarden (NL)<br>Bluecoat Gallery, Liverpool (GB)<\/td><\/tr><tr><td>1999<\/td><td>Museum Ludwig, Budapest (H)<\/td><\/tr><tr><td>1997<\/td><td>Galleria Bonomo, Rom (I)<\/td><\/tr><\/tbody><\/table><\/figure>\n\n\n\n<h2 class=\"wp-block-heading\">Lebt und arbeitet in:<\/h2>\n\n\n\n<p>Yorckstra\u00dfe 5 \u2022 50733 K\u00f6ln<br>Tel.: 0221- 764784 \u2022 <a href=\"mailto:info@borisbecker.net\" target=\"_blank\" rel=\"noreferrer noopener\">info@borisbecker.net<\/a><br><a href=\"http:\/\/www.boris-becker.com\" target=\"_blank\" rel=\"noreferrer noopener\">www.boris-becker.com<\/a><\/p>\n\n\n\n<p class=\"has-text-align-center\">Kontrollraum 2006, c &#8211; print diasec, 160 x 200 cm<\/p>\n\n\n\n<div class=\"wp-block-image\"><figure class=\"aligncenter size-large is-resized\"><img decoding=\"async\" src=\"https:\/\/www.interatmedia-content.de\/z-leistung\/cmstop\/images\/775057ccc3d5308eff1b305ef609b0e7.jpg\" alt=\"\" width=\"400\"\/><\/figure><\/div>\n\n\n\n<hr class=\"wp-block-separator\"\/>\n\n\n\n<p class=\"has-text-align-center\">Hebewerk 2008, c &#8211; print diasec, 200 x 160 cm<\/p>\n\n\n\n<div class=\"wp-block-image\"><figure class=\"aligncenter size-large is-resized\"><img decoding=\"async\" src=\"https:\/\/www.interatmedia-content.de\/z-leistung\/cmstop\/images\/a62433e5129bd823afa465d9396608e3.jpg\" alt=\"\" width=\"400\"\/><\/figure><\/div>\n\n\n\n<hr class=\"wp-block-separator\"\/>\n\n\n\n<p class=\"has-text-align-center\">Parkdeck 2009, c &#8211; print diasec, 200 x 160 cm<\/p>\n\n\n\n<div class=\"wp-block-image\"><figure class=\"aligncenter size-large is-resized\"><img loading=\"lazy\" decoding=\"async\" src=\"https:\/\/www.interatmedia-content.de\/z-leistung\/cmstop\/images\/6fa9ea4bcdcd23dc1431a083aed6fd3b.jpg\" alt=\"\" width=\"400\" height=\"293\"\/><\/figure><\/div>\n","protected":false},"excerpt":{"rendered":"<p>1961 geboren in K\u00f6ln 1982 &#8211; 1984 Studium an der Hochschule der K\u00fcnste, Berlin, bei Wolfgang Ramsbott 1984 &#8211; 1990 Studium an der Kunstakademie, D\u00fcsseldorf bei Bernd Becher, seit 1988 Meistersch\u00fcler 2004 &#8211; 2006 Gastprofessur f\u00fcr Fotografie an der Hochschule f\u00fcr K\u00fcnste, Bremen 2010 &#8211; 2011 Vertretungsprofessur an der Kunsthochschule f\u00fcr Medien K\u00f6ln 2012 Gr\u00fcndung &hellip; <\/p>\n<p class=\"link-more\"><a href=\"https:\/\/www.akm-koblenz.de\/index.php\/mitglieder\/boris-becker\/\" class=\"more-link\">Continue reading<span class=\"screen-reader-text\"> &#8220;Boris Becker&#8221;<\/span><\/a><\/p>\n","protected":false},"author":1,"featured_media":0,"parent":92,"menu_order":0,"comment_status":"closed","ping_status":"closed","template":"","meta":{"footnotes":""},"class_list":["post-99","page","type-page","status-publish","hentry"],"_links":{"self":[{"href":"https:\/\/www.akm-koblenz.de\/index.php\/wp-json\/wp\/v2\/pages\/99","targetHints":{"allow":["GET"]}}],"collection":[{"href":"https:\/\/www.akm-koblenz.de\/index.php\/wp-json\/wp\/v2\/pages"}],"about":[{"href":"https:\/\/www.akm-koblenz.de\/index.php\/wp-json\/wp\/v2\/types\/page"}],"author":[{"embeddable":true,"href":"https:\/\/www.akm-koblenz.de\/index.php\/wp-json\/wp\/v2\/users\/1"}],"replies":[{"embeddable":true,"href":"https:\/\/www.akm-koblenz.de\/index.php\/wp-json\/wp\/v2\/comments?post=99"}],"version-history":[{"count":4,"href":"https:\/\/www.akm-koblenz.de\/index.php\/wp-json\/wp\/v2\/pages\/99\/revisions"}],"predecessor-version":[{"id":1106,"href":"https:\/\/www.akm-koblenz.de\/index.php\/wp-json\/wp\/v2\/pages\/99\/revisions\/1106"}],"up":[{"embeddable":true,"href":"https:\/\/www.akm-koblenz.de\/index.php\/wp-json\/wp\/v2\/pages\/92"}],"wp:attachment":[{"href":"https:\/\/www.akm-koblenz.de\/index.php\/wp-json\/wp\/v2\/media?parent=99"}],"curies":[{"name":"wp","href":"https:\/\/api.w.org\/{rel}","templated":true}]}}