{"id":97,"date":"2021-09-04T11:28:24","date_gmt":"2021-09-04T10:28:24","guid":{"rendered":"http:\/\/akm-test.bensalem.de\/?page_id=97"},"modified":"2024-09-10T13:15:00","modified_gmt":"2024-09-10T12:15:00","slug":"martine-andernach","status":"publish","type":"page","link":"https:\/\/www.akm-koblenz.de\/index.php\/mitglieder\/martine-andernach\/","title":{"rendered":"Martine Andernach"},"content":{"rendered":"\n<div class=\"wp-block-columns is-layout-flex wp-container-core-columns-is-layout-1 wp-block-columns-is-layout-flex\">\n<div class=\"wp-block-column is-layout-flow wp-block-column-is-layout-flow\" style=\"flex-basis:66.66%\">\n<figure class=\"wp-block-table is-style-stripes\"><table><tbody><tr><td>1948<\/td><td>geboren in Rang du Fliers, Frankreich, seit 1969 in Deutschland<\/td><\/tr><tr><td>1978 &#8211; 1981<\/td><td>Studium der Bildhauerei an der Kunstfachhochschule K\u00f6ln<br>bei H. K. Burgeff und D. Spoerri<\/td><\/tr><tr><td>1984<\/td><td>Burgundstipendium des Kultusministeriums Rheinland-Pfalz<\/td><\/tr><tr><td>1989<\/td><td>Lincolnstipendium des Kultusministeriums Rheinland &#8211; Pfalz<\/td><\/tr><tr><td>1991 &#8211; 2014<\/td><td>Dozentin an der Europ\u00e4ischen Kunstakademie Trier<\/td><\/tr><tr><td>1993<\/td><td>Internationales Symposion Kandel<\/td><\/tr><tr><td>1999<\/td><td>Deutsch &#8211; Franz\u00f6sisches Symposion Hagenbach \/ Lauterbourg<\/td><\/tr><tr><td>2001<\/td><td>Symposion Steine am Flu\u00df, Nittel \/ Konz<\/td><\/tr><tr><td>2002<\/td><td>Internationales Symposion Bad Neuenahr-Ahrweiler<\/td><\/tr><tr><td>2005<\/td><td>Symposion Kaiserslautern, Steinbruch Picard<\/td><\/tr><tr><td>2015<\/td><td>Hans-Sprung-Preis der AKM<\/td><\/tr><\/tbody><\/table><\/figure>\n<\/div>\n\n\n\n<div class=\"wp-block-column is-layout-flow wp-block-column-is-layout-flow\" style=\"flex-basis:33.33%\">\n<figure class=\"wp-block-image size-large\"><img decoding=\"async\" src=\"\/wp-content\/uploads\/2021\/09\/d5a685c3cfba4d3ee056cea1d166be7e.jpg\" alt=\"\"\/><\/figure>\n<\/div>\n<\/div>\n\n\n\n<h2 class=\"wp-block-heading\">Einzelausstellungen (Auswahl ab 2000)<\/h2>\n\n\n\n<figure class=\"wp-block-table is-style-stripes\"><table><tbody><tr><td>2020<\/td><td>Galerie am Stall, Hude<br>Kunstraum Bernusstra\u00dfe, Frankfurt (mit H. Steinbrenner und D. Eilbacher)<\/td><\/tr><tr><td>2019<\/td><td>Galerie Laik, Koblenz<\/td><\/tr><tr><td>2018<\/td><td>Galerie Rehberg, Horn<\/td><\/tr><tr><td>2017<\/td><td>Fritz-Winter-Haus, Ahlen (mit H. Jaenisch und J. Albrecht)<\/td><\/tr><tr><td>2016<\/td><td>Galerie Kunstraum Bernusstrasse, Frankfurt<br>Galerie Contemporanea, Oberbillig,Trier<\/td><\/tr><tr><td>2015<\/td><td>Galerie Arthus (mit U. Wolff), Zell am Harmersbach<br>Mittelrhein-Museum Koblenz<\/td><\/tr><tr><td>2014<\/td><td>Galerie am Stall, Hude<\/td><\/tr><tr><td>2013<\/td><td>Galerie op der Kap, mit Michael Kravagna und Jean Leyder<br>Capellen, Luxemburg<br>Galerie Rehberg, Horn<br>vier l\u00e4nder &#8211; vier positionen, mit C. Hermann, M. Kravagna und A. Lambotte, AKM K\u00fcnstlerhaus Metternich, Koblenz<br>Galerie Dreiseitel, K\u00f6ln<\/td><\/tr><tr><td>2012<\/td><td>Fritz-Winter-Atelier, Diessen (Ammersee)<br>Kunstraum Bernusstra\u00dfe, mit Aloys Rump, Frankfurt<br>Fritz-Winter-Haus, mit Hede B\u00fchl und Yael Niemeyer, Ahlen<\/td><\/tr><tr><td>2011<\/td><td>Kunsthalle Koblenz, mit Rosemarie Schauer<br>Galerie ArtHus, Zell am Harmersbach<br>Positionen, mit K. H. Seemann u. H. B\u00f6ning, Kunsthalle Koblenz<\/td><\/tr><tr><td>2009<\/td><td>Ch\u00e2teau de Vaudr\u00e9mont, Frankreich, mit Paul Strecker<\/td><\/tr><tr><td>2008<\/td><td>60 Jahre form+farbe, AKM K\u00fcnstlerhaus Metternich, Koblenz<\/td><\/tr><tr><td>2007<\/td><td>Galerie Rehberg, Mainz<br>Galerie Dreiseitel, K\u00f6ln<\/td><\/tr><tr><td>2006<\/td><td>Fritz-Winter-Haus, Ahlen<br>Fritz-Winter-Atelier, Diessen (Ammersee)<\/td><\/tr><tr><td>2005<\/td><td>Galerie Dreiseitel, K\u00f6ln<br>Oberhessisches Museum, Giessen<\/td><\/tr><tr><td>2004<\/td><td>Galerie Rehberg, Mainz<\/td><\/tr><tr><td>2003<\/td><td>Kunsthalle der Europ\u00e4ischen Kunstakademie, mit C. Henn, Trier<\/td><\/tr><tr><td>2002<\/td><td>Galerie Dreiseitel, K\u00f6ln<\/td><\/tr><tr><td>2001<\/td><td>Galerie Steinacker, Koblenz<br>Galerie Rehberg, Mainz<\/td><\/tr><tr><td>2000<\/td><td>Fritz-Winter-Atelier, Diessen (Ammersee)<\/td><\/tr><\/tbody><\/table><\/figure>\n\n\n\n<h2 class=\"wp-block-heading\">Ausstellungsbeteiligungen (Auswahl ab 1992)<\/h2>\n\n\n\n<figure class=\"wp-block-table is-style-stripes\"><table><tbody><tr><td>2014<\/td><td>Galerie Rothe, Frankfurt, Bildhauer der Galerie<br>Nexus II, Mittelrhein-Museum Koblenz<br>Galerie Dreiseitel, K\u00f6ln<\/td><\/tr><tr><td>2012<\/td><td>Die andere Seite, Internat. Skulpturenausstellung, Haus Beda, Bitburg<\/td><\/tr><tr><td>2011<\/td><td>quer, Galerie artmark, Wien<br>Zeller Kunstwege, Zell am Harmersbach<br>New Paradises, Museum Ludwig, Bundesgartenschau\/BUGA Koblenz<\/td><\/tr><tr><td>2009<\/td><td>Orientation, Dialog zwischen Orient und Europa, K\u00fcnstlerforum Bonn<br>Stahl und Stein, 6 x Skulptur, Oberhessisches Museum, Gie\u00dfen<\/td><\/tr><tr><td>2007<\/td><td>Geometrie der Figur, Kulturgeschichtliches Museum Osnabr\u00fcck<\/td><\/tr><tr><td>2006<\/td><td>Ein : Aus DRUCKE, Europ\u00e4ische Kunstakademie, Trier<\/td><\/tr><tr><td>2003<\/td><td>Querblick, Aktuelle Kunst aus K\u00f6lner Galerien, Stadtmuseum K\u00f6ln<\/td><\/tr><tr><td>2002<\/td><td>Querblick, Aktuelle Kunst aus K\u00f6lner Galerien, Stadtmuseum K\u00f6ln<br>Spektrum Kunstlandschaft, Trier<br>KunstDialog Dresden-Trier, Festspielhaus Hellerau, Dresden<\/td><\/tr><tr><td>2001<\/td><td>Spektrum Kunstlandschaft, Kunsthalle Darmstadt<br>Kopf und Maske, 40 Jahre Galerie Rothe, Frankfurt<br>Volksverm\u00f6gen Neuerwerbungen, Mittelrhein-Museum, Koblenz<\/td><\/tr><tr><td>1996<\/td><td>20 Bildhauer, Galerie Rothe, Frankfurt<\/td><\/tr><tr><td>1993<\/td><td>Kopf-Ansichten, St\u00e4dtische Museen Heilbronn<\/td><\/tr><tr><td>1992<\/td><td>Kopf-Ansichten, Pfalzgalerie Kaiserslautern<\/td><\/tr><tr><td>seit 1993<\/td><td>Teilnahme an der Art Cologne, Art Basel<br>Art Frankfurt, Art Karlsruhe<\/td><\/tr><tr><td>seit 1980<\/td><td>Teilnahme an der Jahresausstellung form+farbe,<br>AKM K\u00fcnstlerhaus Metternich, Koblenz<\/td><\/tr><\/tbody><\/table><\/figure>\n\n\n\n<h2 class=\"wp-block-heading\">Lebt und arbeitet in:<\/h2>\n\n\n\n<p>Jahnstra\u00dfe 38 \u2022 56218 M\u00fclheim-K\u00e4rlich<br>Tel.: 02630 &#8211; 18 07<br><a href=\"mailto:martine.andernach@t-online.de\" target=\"_blank\" rel=\"noreferrer noopener\">martine.andernach@t-online.de<\/a><br><a href=\"http:\/\/www.martine-anderbach.de\" target=\"_blank\" rel=\"noreferrer noopener\">www.martine-andernach.de<\/a><\/p>\n\n\n\n<p class=\"has-text-align-center\">Reine 2019, Corten-Stahl, 121 x 30 x 26 cm<\/p>\n\n\n\n<div class=\"wp-block-image\"><figure class=\"aligncenter size-large is-resized\"><img decoding=\"async\" src=\"https:\/\/www.interatmedia-content.de\/z-leistung\/cmstop\/images\/dd33e12619908c3abd74cd950ec9d8de.jpg\" alt=\"\" width=\"400\"\/><\/figure><\/div>\n\n\n\n<hr class=\"wp-block-separator\"\/>\n\n\n\n<p class=\"has-text-align-center\">Vertrautheit 2019, Corten-Stahl, 162,5 x 32,5 x 32,5 cm<\/p>\n\n\n\n<div class=\"wp-block-image\"><figure class=\"aligncenter size-large is-resized\"><img decoding=\"async\" src=\"https:\/\/www.interatmedia-content.de\/z-leistung\/cmstop\/images\/b5a4805222bf6fbebd9529aa6d852beb.jpg\" alt=\"\" width=\"400\"\/><\/figure><\/div>\n\n\n\n<hr class=\"wp-block-separator\"\/>\n\n\n\n<p class=\"has-text-align-center\">Coban III 2020, Edelstahl, Aluminium, Acrylfarbe, 35 x 50 cm<\/p>\n\n\n\n<div class=\"wp-block-image\"><figure class=\"aligncenter size-large is-resized\"><img decoding=\"async\" src=\"https:\/\/www.interatmedia-content.de\/z-leistung\/cmstop\/images\/ae5b6370fc1235eae8b1440fde10fa91.jpg\" alt=\"\" width=\"400\"\/><\/figure><\/div>\n","protected":false},"excerpt":{"rendered":"<p>1948 geboren in Rang du Fliers, Frankreich, seit 1969 in Deutschland 1978 &#8211; 1981 Studium der Bildhauerei an der Kunstfachhochschule K\u00f6lnbei H. K. Burgeff und D. Spoerri 1984 Burgundstipendium des Kultusministeriums Rheinland-Pfalz 1989 Lincolnstipendium des Kultusministeriums Rheinland &#8211; Pfalz 1991 &#8211; 2014 Dozentin an der Europ\u00e4ischen Kunstakademie Trier 1993 Internationales Symposion Kandel 1999 Deutsch &#8211; &hellip; <\/p>\n<p class=\"link-more\"><a href=\"https:\/\/www.akm-koblenz.de\/index.php\/mitglieder\/martine-andernach\/\" class=\"more-link\">Continue reading<span class=\"screen-reader-text\"> &#8220;Martine Andernach&#8221;<\/span><\/a><\/p>\n","protected":false},"author":1,"featured_media":0,"parent":92,"menu_order":0,"comment_status":"closed","ping_status":"closed","template":"","meta":{"footnotes":""},"class_list":["post-97","page","type-page","status-publish","hentry"],"_links":{"self":[{"href":"https:\/\/www.akm-koblenz.de\/index.php\/wp-json\/wp\/v2\/pages\/97","targetHints":{"allow":["GET"]}}],"collection":[{"href":"https:\/\/www.akm-koblenz.de\/index.php\/wp-json\/wp\/v2\/pages"}],"about":[{"href":"https:\/\/www.akm-koblenz.de\/index.php\/wp-json\/wp\/v2\/types\/page"}],"author":[{"embeddable":true,"href":"https:\/\/www.akm-koblenz.de\/index.php\/wp-json\/wp\/v2\/users\/1"}],"replies":[{"embeddable":true,"href":"https:\/\/www.akm-koblenz.de\/index.php\/wp-json\/wp\/v2\/comments?post=97"}],"version-history":[{"count":5,"href":"https:\/\/www.akm-koblenz.de\/index.php\/wp-json\/wp\/v2\/pages\/97\/revisions"}],"predecessor-version":[{"id":1105,"href":"https:\/\/www.akm-koblenz.de\/index.php\/wp-json\/wp\/v2\/pages\/97\/revisions\/1105"}],"up":[{"embeddable":true,"href":"https:\/\/www.akm-koblenz.de\/index.php\/wp-json\/wp\/v2\/pages\/92"}],"wp:attachment":[{"href":"https:\/\/www.akm-koblenz.de\/index.php\/wp-json\/wp\/v2\/media?parent=97"}],"curies":[{"name":"wp","href":"https:\/\/api.w.org\/{rel}","templated":true}]}}