{"id":882,"date":"2023-09-21T17:49:38","date_gmt":"2023-09-21T16:49:38","guid":{"rendered":"https:\/\/www.akm-koblenz.de\/?page_id=882"},"modified":"2023-09-21T17:49:38","modified_gmt":"2023-09-21T16:49:38","slug":"akm-forderpreis","status":"publish","type":"page","link":"https:\/\/www.akm-koblenz.de\/index.php\/akm-forderpreis\/","title":{"rendered":"AKM-F\u00f6rderpreis"},"content":{"rendered":"\n<h2 class=\"wp-block-heading\">Preistr\u00e4ger<\/h2>\n\n\n\n<figure class=\"wp-block-table is-style-stripes\"><table><tbody><tr><td>1992<\/td><td>Gaby Gems-Manz<\/td><\/tr><tr><td>1993<\/td><td>Markus Fr\u00e4ger<\/td><\/tr><tr><td>1994<\/td><td>G\u00fcnther May<\/td><\/tr><tr><td>1997<\/td><td>Maritna Kaul<\/td><\/tr><tr><td>2014<\/td><td>Violetta Richard<\/td><\/tr><tr><td>2016<\/td><td>Heike Schumacher<\/td><\/tr><tr><td>2018<\/td><td>Sophia Pechau<\/td><\/tr><tr><td>2021<\/td><td>Lea Sprenger<\/td><\/tr><tr><td>2023<\/td><td>Lena Feldmann<\/td><\/tr><\/tbody><\/table><\/figure>\n\n\n\n<p><\/p>\n","protected":false},"excerpt":{"rendered":"<p>Preistr\u00e4ger 1992 Gaby Gems-Manz 1993 Markus Fr\u00e4ger 1994 G\u00fcnther May 1997 Maritna Kaul 2014 Violetta Richard 2016 Heike Schumacher 2018 Sophia Pechau 2021 Lea Sprenger 2023 Lena Feldmann<\/p>\n","protected":false},"author":1,"featured_media":0,"parent":0,"menu_order":0,"comment_status":"closed","ping_status":"closed","template":"","meta":{"footnotes":""},"class_list":["post-882","page","type-page","status-publish","hentry"],"_links":{"self":[{"href":"https:\/\/www.akm-koblenz.de\/index.php\/wp-json\/wp\/v2\/pages\/882","targetHints":{"allow":["GET"]}}],"collection":[{"href":"https:\/\/www.akm-koblenz.de\/index.php\/wp-json\/wp\/v2\/pages"}],"about":[{"href":"https:\/\/www.akm-koblenz.de\/index.php\/wp-json\/wp\/v2\/types\/page"}],"author":[{"embeddable":true,"href":"https:\/\/www.akm-koblenz.de\/index.php\/wp-json\/wp\/v2\/users\/1"}],"replies":[{"embeddable":true,"href":"https:\/\/www.akm-koblenz.de\/index.php\/wp-json\/wp\/v2\/comments?post=882"}],"version-history":[{"count":1,"href":"https:\/\/www.akm-koblenz.de\/index.php\/wp-json\/wp\/v2\/pages\/882\/revisions"}],"predecessor-version":[{"id":883,"href":"https:\/\/www.akm-koblenz.de\/index.php\/wp-json\/wp\/v2\/pages\/882\/revisions\/883"}],"wp:attachment":[{"href":"https:\/\/www.akm-koblenz.de\/index.php\/wp-json\/wp\/v2\/media?parent=882"}],"curies":[{"name":"wp","href":"https:\/\/api.w.org\/{rel}","templated":true}]}}