{"id":839,"date":"2023-06-23T10:09:51","date_gmt":"2023-06-23T09:09:51","guid":{"rendered":"https:\/\/www.akm-koblenz.de\/?page_id=839"},"modified":"2023-06-23T10:09:51","modified_gmt":"2023-06-23T09:09:51","slug":"das-asterstein-stipendium","status":"publish","type":"page","link":"https:\/\/www.akm-koblenz.de\/index.php\/das-asterstein-stipendium\/","title":{"rendered":"Das Asterstein-Stipendium"},"content":{"rendered":"\n<div class=\"wp-block-image\"><figure class=\"aligncenter size-large\"><img loading=\"lazy\" decoding=\"async\" width=\"1024\" height=\"724\" src=\"https:\/\/www.akm-koblenz.de\/wp-content\/uploads\/2023\/06\/a-stipend-1-1024x724.png\" alt=\"\" class=\"wp-image-840\" srcset=\"https:\/\/www.akm-koblenz.de\/wp-content\/uploads\/2023\/06\/a-stipend-1-1024x724.png 1024w, https:\/\/www.akm-koblenz.de\/wp-content\/uploads\/2023\/06\/a-stipend-1-300x212.png 300w, https:\/\/www.akm-koblenz.de\/wp-content\/uploads\/2023\/06\/a-stipend-1-768x543.png 768w, https:\/\/www.akm-koblenz.de\/wp-content\/uploads\/2023\/06\/a-stipend-1.png 1069w\" sizes=\"auto, (max-width: 706px) 89vw, (max-width: 767px) 82vw, 740px\" \/><\/figure><\/div>\n\n\n\n<p>Die AKM wurde im Jahr 1948 durch die beiden K\u00fcnstler Prof. Dr. Ludwig Thormaehlen und Hans Dornbach in Koblenz mit dem Ziel gegr\u00fcndet, die K\u00fcnstler direkt nach dem Krieg zu unterst\u00fctzen und ihnen geeignete Ausstellungsm\u00f6glichkeiten zur Verf\u00fcgung stellen zu k\u00f6nnen. Aufgrund der schwierigen wirtschaftlichen Verh\u00e4ltnisse, in denen sich die K\u00fcnstler damals befanden, wurde allerdings sehr schnell die Forderung nach weiteren F\u00f6rderma\u00dfnahmen\u00a0laut. So sollten den Kolleginnen und Kollegen zudem geeignete Atelier- und Wohnr\u00e4ume zur Verf\u00fcgung gestellt werden k\u00f6nnen. Die Ideen des Vorstandes der Arbeitsgemeinschaft erwiesen sich als richtungsweisend und wurden durch den engagierten Einsatz der damaligen Staatssekret\u00e4rin, Frau Dr. Gantenberg, zielstrebig umgesetzt, sodass im Fr\u00fchjahr 1950 die K\u00fcnstlersiedlung auf dem Asterstein (ein ehemaligen Pferdestall der Goebenkaserne) offiziell durch die Landesregierung er\u00f6ffnet werden konnte. Dabei wurden sechs R\u00e4umlichkeiten an bereits etablierte K\u00fcnstler vermietet und zwei als Arbeitsstipendien f\u00fcr die Zeit von jeweils einem Jahr an junge K\u00fcnstlerinnen und K\u00fcnstler vergeben. Zu den ersten Stipendiaten geh\u00f6rte der Grafiker und Maler Heijo Hangen, heute Ehrenmitglied der AKM, der\u00a0 bis heute dort lebt und arbeitet.<\/p>\n\n\n\n<p>Viele herausragende K\u00fcnstlerpers\u00f6nlichkeiten folgten als Stipendiaten bzw. Mieter der Atelierwohnungen, so u.a. der Maler und Grafiker Johann Georg M\u00fcller, der Bildhauer Rudi Scheuermann und der Maler Heinz Kassung, alle ebenfalls Mitglieder der AKM. Allesamt geh\u00f6rten die Astersteiner K\u00fcnstler entweder der AKM an oder standen ihr zumindest nahe und wurden auf Initiative der Gruppe in Ausstellungen einer breiten \u00d6ffentlichkeit vorgestellt.<\/p>\n\n\n\n<div class=\"wp-block-image\"><figure class=\"aligncenter size-full\"><img loading=\"lazy\" decoding=\"async\" width=\"960\" height=\"720\" src=\"https:\/\/www.akm-koblenz.de\/wp-content\/uploads\/2023\/06\/a-stipend-2.jpg\" alt=\"\" class=\"wp-image-841\" srcset=\"https:\/\/www.akm-koblenz.de\/wp-content\/uploads\/2023\/06\/a-stipend-2.jpg 960w, https:\/\/www.akm-koblenz.de\/wp-content\/uploads\/2023\/06\/a-stipend-2-300x225.jpg 300w, https:\/\/www.akm-koblenz.de\/wp-content\/uploads\/2023\/06\/a-stipend-2-768x576.jpg 768w\" sizes=\"auto, (max-width: 706px) 89vw, (max-width: 767px) 82vw, 740px\" \/><\/figure><\/div>\n\n\n\n<p>1958 wurde die Initiative des Asterstein-Stipendiums zu Gunsten des Villa-Massimo-Stipendiums in Rom bereits wieder eingestellt. 1993 konnte das zw\u00f6lfmonatige Stipendium in Koblenz noch einmal aktiviert werden. Ge\u00e4nderte Eigentumsverh\u00e4ltnisse machten es m\u00f6glich, dass in der ehemaligen Waffenschmiede ein neues Atelier mit einem kleinen Wohnbereich eingerichtet werden konnte. Das rheinland-pf\u00e4lzische Kultusministerium vergab dort erneut Stipendien f\u00fcr junge rheinland-pf\u00e4lzische Nachwuchs-K\u00fcnstlerinnen und K\u00fcnstler, um sie nach Abschluss ihrer Ausbildung zu unterst\u00fctzen.<\/p>\n\n\n\n<div class=\"wp-block-image\"><figure class=\"aligncenter size-large\"><img loading=\"lazy\" decoding=\"async\" width=\"616\" height=\"1024\" src=\"https:\/\/www.akm-koblenz.de\/wp-content\/uploads\/2023\/06\/a-stipend-3-616x1024.png\" alt=\"\" class=\"wp-image-842\" srcset=\"https:\/\/www.akm-koblenz.de\/wp-content\/uploads\/2023\/06\/a-stipend-3-616x1024.png 616w, https:\/\/www.akm-koblenz.de\/wp-content\/uploads\/2023\/06\/a-stipend-3-181x300.png 181w, https:\/\/www.akm-koblenz.de\/wp-content\/uploads\/2023\/06\/a-stipend-3.png 705w\" sizes=\"auto, (max-width: 616px) 100vw, 616px\" \/><\/figure><\/div>\n\n\n\n<div class=\"wp-block-image\"><figure class=\"aligncenter size-full\"><img loading=\"lazy\" decoding=\"async\" width=\"890\" height=\"960\" src=\"https:\/\/www.akm-koblenz.de\/wp-content\/uploads\/2023\/06\/a-stipend-4.jpg\" alt=\"\" class=\"wp-image-843\" srcset=\"https:\/\/www.akm-koblenz.de\/wp-content\/uploads\/2023\/06\/a-stipend-4.jpg 890w, https:\/\/www.akm-koblenz.de\/wp-content\/uploads\/2023\/06\/a-stipend-4-278x300.jpg 278w, https:\/\/www.akm-koblenz.de\/wp-content\/uploads\/2023\/06\/a-stipend-4-768x828.jpg 768w\" sizes=\"auto, (max-width: 706px) 89vw, (max-width: 767px) 82vw, 740px\" \/><\/figure><\/div>\n\n\n\n<h2 class=\"wp-block-heading\"><strong>Stipendiaten ab 1993<\/strong><\/h2>\n\n\n\n<figure class=\"wp-block-table is-style-stripes\"><table><tbody><tr><td>Volkmar M\u00fcnz<\/td><td>Stipendium<\/td><td>1993 &#8211; 1994<\/td><\/tr><tr><td>Franz Martin<\/td><td> Stipendium <\/td><td>1994 &#8211; 1995<\/td><\/tr><tr><td>Gudrun Schuster<\/td><td> Stipendium <\/td><td>1995 &#8211; 1996<\/td><\/tr><tr><td>Elke Lehmann<\/td><td> Stipendium <\/td><td>1996 &#8211; 1997<\/td><\/tr><tr><td>Oliver Schultz<\/td><td> Stipendium <\/td><td>1997 &#8211; 1998<\/td><\/tr><tr><td>Susanne Wadle<\/td><td> Stipendium <\/td><td>1998 &#8211; 1999<\/td><\/tr><tr><td>Angela Glajcar<\/td><td> Stipendium <\/td><td>1999 &#8211; 2000<\/td><\/tr><tr><td>Andrea Esswein<\/td><td> Stipendium <\/td><td>2000 &#8211; 2001<\/td><\/tr><tr><td>Klaus Lomnitzer<\/td><td> Stipendium <\/td><td>2001 &#8211; 2002<\/td><\/tr><tr><td>Michael Volkmer<\/td><td> Stipendium <\/td><td>2002 &#8211; 2003<\/td><\/tr><tr><td>Marion Anna Simon<\/td><td> Stipendium <\/td><td>2003 &#8211; 2004<\/td><\/tr><\/tbody><\/table><\/figure>\n\n\n\n<p>Durch den erneuten Verkauf der Geb\u00e4ude musste diese Form der K\u00fcnstlerf\u00f6rderung in Koblenz im Jahr 2004 dann endg\u00fcltig aufgegeben werden. Das Stipendium selbst wurde 2005, umgewandelt als Projektstipendium, an das K\u00fcnstlerhaus Schloss Balmoral in Bad Ems \u00fcbergeleitet. Auch in diesen letzten Jahren wurde das Werk der einzelnen tipendiaten in Einzelausstellungen von der AKM im K\u00fcnstlerhaus Metternich oder im Mittelrhein-Museum gew\u00fcrdigt.<\/p>\n","protected":false},"excerpt":{"rendered":"<p>Die AKM wurde im Jahr 1948 durch die beiden K\u00fcnstler Prof. Dr. Ludwig Thormaehlen und Hans Dornbach in Koblenz mit dem Ziel gegr\u00fcndet, die K\u00fcnstler direkt nach dem Krieg zu unterst\u00fctzen und ihnen geeignete Ausstellungsm\u00f6glichkeiten zur Verf\u00fcgung stellen zu k\u00f6nnen. Aufgrund der schwierigen wirtschaftlichen Verh\u00e4ltnisse, in denen sich die K\u00fcnstler damals befanden, wurde allerdings sehr &hellip; <\/p>\n<p class=\"link-more\"><a href=\"https:\/\/www.akm-koblenz.de\/index.php\/das-asterstein-stipendium\/\" class=\"more-link\">Continue reading<span class=\"screen-reader-text\"> &#8220;Das Asterstein-Stipendium&#8221;<\/span><\/a><\/p>\n","protected":false},"author":1,"featured_media":0,"parent":0,"menu_order":0,"comment_status":"closed","ping_status":"closed","template":"","meta":{"footnotes":""},"class_list":["post-839","page","type-page","status-publish","hentry"],"_links":{"self":[{"href":"https:\/\/www.akm-koblenz.de\/index.php\/wp-json\/wp\/v2\/pages\/839","targetHints":{"allow":["GET"]}}],"collection":[{"href":"https:\/\/www.akm-koblenz.de\/index.php\/wp-json\/wp\/v2\/pages"}],"about":[{"href":"https:\/\/www.akm-koblenz.de\/index.php\/wp-json\/wp\/v2\/types\/page"}],"author":[{"embeddable":true,"href":"https:\/\/www.akm-koblenz.de\/index.php\/wp-json\/wp\/v2\/users\/1"}],"replies":[{"embeddable":true,"href":"https:\/\/www.akm-koblenz.de\/index.php\/wp-json\/wp\/v2\/comments?post=839"}],"version-history":[{"count":2,"href":"https:\/\/www.akm-koblenz.de\/index.php\/wp-json\/wp\/v2\/pages\/839\/revisions"}],"predecessor-version":[{"id":845,"href":"https:\/\/www.akm-koblenz.de\/index.php\/wp-json\/wp\/v2\/pages\/839\/revisions\/845"}],"wp:attachment":[{"href":"https:\/\/www.akm-koblenz.de\/index.php\/wp-json\/wp\/v2\/media?parent=839"}],"curies":[{"name":"wp","href":"https:\/\/api.w.org\/{rel}","templated":true}]}}