{"id":616,"date":"2022-05-15T12:54:44","date_gmt":"2022-05-15T11:54:44","guid":{"rendered":"https:\/\/www.akm-koblenz.de\/?page_id=616"},"modified":"2024-09-10T13:08:10","modified_gmt":"2024-09-10T12:08:10","slug":"das-kunstlerhaus-metternich","status":"publish","type":"page","link":"https:\/\/www.akm-koblenz.de\/index.php\/das-kunstlerhaus-metternich\/","title":{"rendered":"Das K\u00fcnstlerhaus Metternich"},"content":{"rendered":"\n<div class=\"wp-block-image\"><figure class=\"aligncenter size-large\"><img decoding=\"async\" src=\"\/wp-content\/uploads\/2022\/05\/1.gif\" alt=\"\"\/><\/figure><\/div>\n\n\n\n<p>Die Arbeitsgemeinschaft bildender K\u00fcnstler am Mittelrhein wurde im Jahr 1949 als freie K\u00fcnstlergruppe in Koblenz gegr\u00fcndet, um die K\u00fcnstlerinnen und K\u00fcnstler in der schwierigen Situation nach dem 2. Weltkrieg zu unterst\u00fctzen und zu f\u00f6rdern. Ihre vordringliche Aufgabe sah die AKM dabei in der Organisation von zahlreichen Kunstausstellungen, durch die sie den Mitgliedern der Gruppe und ausgew\u00e4hlten G\u00e4sten die M\u00f6glichkeit bot ihre Arbeiten einem breiten, kunstinteressierten Publikum zu  pr\u00e4sentieren.<\/p>\n\n\n\n<p>In den Anfangsjahren verf\u00fcgte die Gruppe noch \u00fcber keine feste Ausstellungsst\u00e4tte.<br>So fand die erste Ausstellung 1949 in der Alten Burg in Koblenz statt. Es folgten weitere in einem Pavillion in der Mainzer Stra\u00dfe, in der \u201eGalerie Paradies\u201c am M\u00fcnzplatz und ab 1955 regelm\u00e4\u00dfig im Kurf\u00fcrstlichen Schloss in Koblenz. Erst 1964 konnte das Problem einer dauerhaften Ausstellungsst\u00e4tte gel\u00f6st werden. In m\u00fchevoller und aufopfernder Arbeit renovierten die K\u00fcnstler der AKM, unter der Leitung des damaligen 1. Vorsitzenden Prof. Hanns Altmeier, das im Krieg ausgebrannte Haus Metternich am Koblenzer M\u00fcnzplatz.<\/p>\n\n\n\n<div class=\"wp-block-image\"><figure class=\"aligncenter size-large\"><img decoding=\"async\" src=\"\/wp-content\/uploads\/2022\/05\/2-13.jpg\" alt=\"\"\/><\/figure><\/div>\n\n\n\n<p>Am 21. November 1964 konnte die erste Ausstellung mit fr\u00fchen Grafiken von Johann Georg M\u00fcller offiziell durch den Ministerpr\u00e4sidenten des Landes Rheinland-Pfalz er\u00f6ffne werden.<br>Einige Jahre sp\u00e4ter wurde das Haus dann in seiner heutigen Form mit Mitteln von Stadt und Land noch einmal v\u00f6llig umgebaut und schlie\u00dflich den K\u00fcnstlern der AKM im Oktober 1967 durch die Stadt Koblenz dankenswerterweise wieder f\u00fcr Ausstellungen zur Verf\u00fcgung gestellt. W\u00e4hrend der Umbauphase fand die Jahresausstellung im Mittelrhein-Museum statt.<\/p>\n\n\n\n<p>Seither organisiert die AKM an ihrem festen Standort im K\u00fcnstlerhaus Metternich j\u00e4hrlich bis zu acht gro\u00dfe Kunstausstellungen ihrer Mitglieder und G\u00e4sten aus dem In- und Ausland, die auch \u00fcberregional gro\u00dfe Beachtung finden. Damit leistet die Arbeitsgemeinschaft bildender K\u00fcnstler am Mittelrhein einen wichtigen Beitrag zur F\u00f6rderung des kulturellen Angebotes in ihrer Heimatstadt Koblenz.<\/p>\n","protected":false},"excerpt":{"rendered":"<p>Die Arbeitsgemeinschaft bildender K\u00fcnstler am Mittelrhein wurde im Jahr 1949 als freie K\u00fcnstlergruppe in Koblenz gegr\u00fcndet, um die K\u00fcnstlerinnen und K\u00fcnstler in der schwierigen Situation nach dem 2. Weltkrieg zu unterst\u00fctzen und zu f\u00f6rdern. Ihre vordringliche Aufgabe sah die AKM dabei in der Organisation von zahlreichen Kunstausstellungen, durch die sie den Mitgliedern der Gruppe und &hellip; <\/p>\n<p class=\"link-more\"><a href=\"https:\/\/www.akm-koblenz.de\/index.php\/das-kunstlerhaus-metternich\/\" class=\"more-link\">Continue reading<span class=\"screen-reader-text\"> &#8220;Das K\u00fcnstlerhaus Metternich&#8221;<\/span><\/a><\/p>\n","protected":false},"author":1,"featured_media":0,"parent":0,"menu_order":0,"comment_status":"closed","ping_status":"closed","template":"","meta":{"footnotes":""},"class_list":["post-616","page","type-page","status-publish","hentry"],"_links":{"self":[{"href":"https:\/\/www.akm-koblenz.de\/index.php\/wp-json\/wp\/v2\/pages\/616","targetHints":{"allow":["GET"]}}],"collection":[{"href":"https:\/\/www.akm-koblenz.de\/index.php\/wp-json\/wp\/v2\/pages"}],"about":[{"href":"https:\/\/www.akm-koblenz.de\/index.php\/wp-json\/wp\/v2\/types\/page"}],"author":[{"embeddable":true,"href":"https:\/\/www.akm-koblenz.de\/index.php\/wp-json\/wp\/v2\/users\/1"}],"replies":[{"embeddable":true,"href":"https:\/\/www.akm-koblenz.de\/index.php\/wp-json\/wp\/v2\/comments?post=616"}],"version-history":[{"count":4,"href":"https:\/\/www.akm-koblenz.de\/index.php\/wp-json\/wp\/v2\/pages\/616\/revisions"}],"predecessor-version":[{"id":1100,"href":"https:\/\/www.akm-koblenz.de\/index.php\/wp-json\/wp\/v2\/pages\/616\/revisions\/1100"}],"wp:attachment":[{"href":"https:\/\/www.akm-koblenz.de\/index.php\/wp-json\/wp\/v2\/media?parent=616"}],"curies":[{"name":"wp","href":"https:\/\/api.w.org\/{rel}","templated":true}]}}