{"id":585,"date":"2022-05-01T08:38:48","date_gmt":"2022-05-01T07:38:48","guid":{"rendered":"https:\/\/www.akm-koblenz.de\/?page_id=585"},"modified":"2022-05-01T08:38:48","modified_gmt":"2022-05-01T07:38:48","slug":"uli-westerfrolke","status":"publish","type":"page","link":"https:\/\/www.akm-koblenz.de\/index.php\/mitglieder\/uli-westerfrolke\/","title":{"rendered":"ULI WESTERFR\u00d6LKE"},"content":{"rendered":"\n<div class=\"wp-block-columns is-layout-flex wp-container-core-columns-is-layout-1 wp-block-columns-is-layout-flex\">\n<div class=\"wp-block-column is-layout-flow wp-block-column-is-layout-flow\" style=\"flex-basis:66.66%\">\n<figure class=\"wp-block-table is-style-stripes\"><table><tbody><tr><td>1956<\/td><td>geboren und aufgewachsen in D\u00fcsseldorf<\/td><\/tr><tr><td>1977-79<\/td><td>Physikstudium a.d. RWTH Aachen<\/td><\/tr><tr><td>1980-86<\/td><td>Studium a.d. Staatlichen Kunstakademie D\u00fcsseldorf bei Prof. R. Crummenauer und Prof. E. Heerich<\/td><\/tr><tr><td>1985<\/td><td>Meistersch\u00fcler von Prof. R. Crummenauer<\/td><\/tr><tr><td>1987-93<\/td><td>Unterricht in klassischer indischer Musik mit mehreren Studienaufenthalten in Benares\/Indien<\/td><\/tr><tr><td>seit 2002<\/td><td>freies Studium, Jazzgitarre<\/td><\/tr><\/tbody><\/table><\/figure>\n<\/div>\n\n\n\n<div class=\"wp-block-column is-layout-flow wp-block-column-is-layout-flow\" style=\"flex-basis:33.33%\">\n<figure class=\"wp-block-image size-full\"><img loading=\"lazy\" decoding=\"async\" width=\"960\" height=\"959\" src=\"https:\/\/www.akm-koblenz.de\/wp-content\/uploads\/2022\/05\/westerfroelke.jpg\" alt=\"\" class=\"wp-image-586\" srcset=\"https:\/\/www.akm-koblenz.de\/wp-content\/uploads\/2022\/05\/westerfroelke.jpg 960w, https:\/\/www.akm-koblenz.de\/wp-content\/uploads\/2022\/05\/westerfroelke-300x300.jpg 300w, https:\/\/www.akm-koblenz.de\/wp-content\/uploads\/2022\/05\/westerfroelke-200x200.jpg 200w, https:\/\/www.akm-koblenz.de\/wp-content\/uploads\/2022\/05\/westerfroelke-768x767.jpg 768w, https:\/\/www.akm-koblenz.de\/wp-content\/uploads\/2022\/05\/westerfroelke-100x100.jpg 100w\" sizes=\"auto, (max-width: 706px) 89vw, (max-width: 767px) 82vw, 740px\" \/><\/figure>\n<\/div>\n<\/div>\n\n\n\n<h2 class=\"wp-block-heading\">Stipendien und Preise (Auswahl)<\/h2>\n\n\n\n<figure class=\"wp-block-table is-style-stripes\"><table><tbody><tr><td>1984<\/td><td>Reisestipendium der Ernst Poensgen Stiftung nach Sri Lanka<\/td><\/tr><tr><td>1984<\/td><td>F\u00f6rderpreis des \u201eDiebels Freundeskreis &#8211; Kunst und Kultur\u201c<\/td><\/tr><tr><td>1985<\/td><td>F\u00f6rderpreis der \u201eGro\u00dfen D\u00fcsseldorfer Kunstausstellung NRW\u201c<\/td><\/tr><tr><td>1989<\/td><td>Reisestipendium des DAAD zum Mount Everest \/ Nepal<\/td><\/tr><tr><td>1998<\/td><td>1. Preis, Kunst am Bau, SK Neuss, HN Grevenbroich, realisiert 1998<\/td><\/tr><tr><td>2002<\/td><td>Ehrenpreis, globaler Wettbewerb f\u00fcr kinetische Kunst, Kinetic &#8211; Art &#8211; Organisation<\/td><\/tr><tr><td>2003<\/td><td>2. Preis, in Zusammenarbeit mit PLF Kassel, \u201eSpielend bergauf\u201c, Marburg<\/td><\/tr><tr><td>2012<\/td><td>1. Preis, Koblenz, Kunst am Bau, Forum Confluentes, Zentralplatz, realisiert 2017<\/td><\/tr><\/tbody><\/table><\/figure>\n\n\n\n<h2 class=\"wp-block-heading\">Einzelausstellungen (Auswahl)<\/h2>\n\n\n\n<figure class=\"wp-block-table is-style-stripes\"><table><tbody><tr><td>1985<\/td><td>Kunstverein Wesel, kinetische Objekte<\/td><\/tr><tr><td>1988<\/td><td>Kunstverein Wolfenb\u00fcttel, kinetische Objekte<\/td><\/tr><tr><td>2010<\/td><td>Botanischer Garten Kassel, kinetische Objekte<\/td><\/tr><tr><td>2013<\/td><td>\u201eCit\u00e9 Radieuse\u201c, Marseille (F), kinetische Objekte<\/td><\/tr><tr><td>2013<\/td><td>Skultpurengarten der Galerie Beddington Fin Arts, Bargemon (F)<\/td><\/tr><tr><td>2018<\/td><td>Galerie Augarde, Daun, Fotografie<\/td><\/tr><\/tbody><\/table><\/figure>\n\n\n\n<p><strong>diverse Ausstellungsbeteiligungen seit 1983<\/strong><\/p>\n\n\n\n<h2 class=\"wp-block-heading\">Arbeiten im \u00f6ffentlichen Raum (Auswahl)<\/h2>\n\n\n\n<figure class=\"wp-block-table is-style-stripes\"><table><tbody><tr><td>1987<\/td><td>D\u00fcsseldorf, S\u00fcdpark, drei wasserkinetische Objekte<\/td><\/tr><tr><td>1995<\/td><td>Kaarst, Rathaussee, kinetisches Wasserobjekt<\/td><\/tr><tr><td>1998<\/td><td>Grevenbroich, Sparkasse Neuss, \u201eSunseeker II\u201c, solarkinetisches Objekt<\/td><\/tr><tr><td>1999<\/td><td>Bayreuth, La Spezis Platz, Schlossbrunnen &#8211; zw\u00f6lf interaktive Wasserobjekte<\/td><\/tr><tr><td>2000<\/td><td>Hann.M\u00fcnden, luftfeuchtigkeitsempfindliches kinetisches Objekt<\/td><\/tr><tr><td>2001<\/td><td>Hagen, Volkspark, vier kinetische Wasserobjekte<\/td><\/tr><tr><td>2005<\/td><td>Bad Hersfeld, Fussg\u00e4ngerzone, kinetisches Wasserobjekt \u201eWasserzeichner\u201c<\/td><\/tr><tr><td>2006<\/td><td>Paderborn, St. Vincent Hospital, 2 kinetische Wasserobjekte, \u201cDialog\u201d<\/td><\/tr><tr><td>2008<\/td><td>Homberg\/Efze, Innenstadt, \u201eWasserwand\u201c, \u201ecinetic cubes\u201c und \u201ePferde\u201c<\/td><\/tr><tr><td>2010<\/td><td>Koblenz, Pollenfeldschule IGS, kinetisches Windobjekt \u201eBambus\u201c<\/td><\/tr><tr><td>2010<\/td><td>Berlin, Tempelhofer Feld, Nuture Mini-Art-Golf, \u201eDas Tor zum Gl\u00fcck\u201c<\/td><\/tr><tr><td>2015<\/td><td>Koblenz, Zentraler Betriebshof, kinetisches Windobjekt \u201eDumus kineticus\u201c<\/td><\/tr><tr><td>2017<\/td><td>Koblenz, Kulturbau der Stadt, Zentralplatz, interaktive Lichtprojektion<\/td><\/tr><\/tbody><\/table><\/figure>\n\n\n\n<h2 class=\"wp-block-heading\">Arbeiten in Kunstsammlungen (Auswahl)<\/h2>\n\n\n\n<figure class=\"wp-block-table is-style-stripes\"><table><tbody><tr><td>1988<\/td><td>Bonn, RWE, \u201eInsektenflug\u201c, kinetisches Luftobjekt<\/td><\/tr><tr><td>1993<\/td><td>Duisburg, Sammlung Krohne Messtechnik, 3 Wasserkinetische Objekte<\/td><\/tr><tr><td>1996<\/td><td>Wellingborough GB, Krohne Messtechnik, kinetisches Objekt, \u201eDissonanz\u201c<\/td><\/tr><tr><td>2006<\/td><td>Mineapolis USA, SICK Engineering GmbH, kinetisches Objekt \u201cTaurus\u201d<\/td><\/tr><tr><td>2008<\/td><td>M\u00fcnster, B\u00fcrohaus Hafenstr. 24, interaktives kinetisches Luftobjekt<\/td><\/tr><\/tbody><\/table><\/figure>\n\n\n\n<h2 class=\"wp-block-heading\">Arbeiten in privaten G\u00e4rten und Sammlungen, z.B.:<\/h2>\n\n\n\n<p>Berlin, D\u00fcsseldorf, Duisburg, Hamburg, Koblenz, K\u00f6ln, Marseille, M\u00fcnchen, Tahiti, Turin, Tokyo, \u2026<\/p>\n\n\n\n<div class=\"wp-block-image\"><figure class=\"aligncenter size-full\"><img loading=\"lazy\" decoding=\"async\" width=\"960\" height=\"678\" src=\"https:\/\/www.akm-koblenz.de\/wp-content\/uploads\/2022\/05\/1-11.jpg\" alt=\"\" class=\"wp-image-587\" srcset=\"https:\/\/www.akm-koblenz.de\/wp-content\/uploads\/2022\/05\/1-11.jpg 960w, https:\/\/www.akm-koblenz.de\/wp-content\/uploads\/2022\/05\/1-11-300x212.jpg 300w, https:\/\/www.akm-koblenz.de\/wp-content\/uploads\/2022\/05\/1-11-768x542.jpg 768w\" sizes=\"auto, (max-width: 706px) 89vw, (max-width: 767px) 82vw, 740px\" \/><\/figure><\/div>\n\n\n\n<div class=\"wp-block-image\"><figure class=\"aligncenter size-full\"><img loading=\"lazy\" decoding=\"async\" width=\"960\" height=\"637\" src=\"https:\/\/www.akm-koblenz.de\/wp-content\/uploads\/2022\/05\/2-11.jpg\" alt=\"\" class=\"wp-image-588\" srcset=\"https:\/\/www.akm-koblenz.de\/wp-content\/uploads\/2022\/05\/2-11.jpg 960w, https:\/\/www.akm-koblenz.de\/wp-content\/uploads\/2022\/05\/2-11-300x199.jpg 300w, https:\/\/www.akm-koblenz.de\/wp-content\/uploads\/2022\/05\/2-11-768x510.jpg 768w\" sizes=\"auto, (max-width: 706px) 89vw, (max-width: 767px) 82vw, 740px\" \/><\/figure><\/div>\n\n\n\n<div class=\"wp-block-image\"><figure class=\"aligncenter size-full\"><img loading=\"lazy\" decoding=\"async\" width=\"850\" height=\"567\" src=\"https:\/\/www.akm-koblenz.de\/wp-content\/uploads\/2022\/05\/3-11.jpg\" alt=\"\" class=\"wp-image-589\" srcset=\"https:\/\/www.akm-koblenz.de\/wp-content\/uploads\/2022\/05\/3-11.jpg 850w, https:\/\/www.akm-koblenz.de\/wp-content\/uploads\/2022\/05\/3-11-300x200.jpg 300w, https:\/\/www.akm-koblenz.de\/wp-content\/uploads\/2022\/05\/3-11-768x512.jpg 768w\" sizes=\"auto, (max-width: 706px) 89vw, (max-width: 767px) 82vw, 740px\" \/><\/figure><\/div>\n","protected":false},"excerpt":{"rendered":"<p>1956 geboren und aufgewachsen in D\u00fcsseldorf 1977-79 Physikstudium a.d. RWTH Aachen 1980-86 Studium a.d. Staatlichen Kunstakademie D\u00fcsseldorf bei Prof. R. Crummenauer und Prof. E. Heerich 1985 Meistersch\u00fcler von Prof. R. Crummenauer 1987-93 Unterricht in klassischer indischer Musik mit mehreren Studienaufenthalten in Benares\/Indien seit 2002 freies Studium, Jazzgitarre Stipendien und Preise (Auswahl) 1984 Reisestipendium der Ernst &hellip; <\/p>\n<p class=\"link-more\"><a href=\"https:\/\/www.akm-koblenz.de\/index.php\/mitglieder\/uli-westerfrolke\/\" class=\"more-link\">Continue reading<span class=\"screen-reader-text\"> &#8220;ULI WESTERFR\u00d6LKE&#8221;<\/span><\/a><\/p>\n","protected":false},"author":1,"featured_media":0,"parent":92,"menu_order":0,"comment_status":"closed","ping_status":"closed","template":"","meta":{"footnotes":""},"class_list":["post-585","page","type-page","status-publish","hentry"],"_links":{"self":[{"href":"https:\/\/www.akm-koblenz.de\/index.php\/wp-json\/wp\/v2\/pages\/585","targetHints":{"allow":["GET"]}}],"collection":[{"href":"https:\/\/www.akm-koblenz.de\/index.php\/wp-json\/wp\/v2\/pages"}],"about":[{"href":"https:\/\/www.akm-koblenz.de\/index.php\/wp-json\/wp\/v2\/types\/page"}],"author":[{"embeddable":true,"href":"https:\/\/www.akm-koblenz.de\/index.php\/wp-json\/wp\/v2\/users\/1"}],"replies":[{"embeddable":true,"href":"https:\/\/www.akm-koblenz.de\/index.php\/wp-json\/wp\/v2\/comments?post=585"}],"version-history":[{"count":1,"href":"https:\/\/www.akm-koblenz.de\/index.php\/wp-json\/wp\/v2\/pages\/585\/revisions"}],"predecessor-version":[{"id":590,"href":"https:\/\/www.akm-koblenz.de\/index.php\/wp-json\/wp\/v2\/pages\/585\/revisions\/590"}],"up":[{"embeddable":true,"href":"https:\/\/www.akm-koblenz.de\/index.php\/wp-json\/wp\/v2\/pages\/92"}],"wp:attachment":[{"href":"https:\/\/www.akm-koblenz.de\/index.php\/wp-json\/wp\/v2\/media?parent=585"}],"curies":[{"name":"wp","href":"https:\/\/api.w.org\/{rel}","templated":true}]}}