{"id":552,"date":"2022-05-01T08:01:03","date_gmt":"2022-05-01T07:01:03","guid":{"rendered":"https:\/\/www.akm-koblenz.de\/?page_id=552"},"modified":"2022-05-01T08:01:03","modified_gmt":"2022-05-01T07:01:03","slug":"eva-vettel","status":"publish","type":"page","link":"https:\/\/www.akm-koblenz.de\/index.php\/mitglieder\/eva-vettel\/","title":{"rendered":"EVA VETTEL"},"content":{"rendered":"\n<div class=\"wp-block-columns is-layout-flex wp-container-core-columns-is-layout-1 wp-block-columns-is-layout-flex\">\n<div class=\"wp-block-column is-layout-flow wp-block-column-is-layout-flow\" style=\"flex-basis:66.66%\">\n<figure class=\"wp-block-table is-style-stripes\"><table><tbody><tr><td>1963<\/td><td>geboren in Heppenheim<\/td><\/tr><tr><td>1983 &#8211; 1983<\/td><td>Studium Kommunikationsdesign und Fotografie,<br>Fachhochschule Mannheim<\/td><\/tr><tr><td>1989<\/td><td>Diplom<\/td><\/tr><tr><td>2000<\/td><td>PENTIMENT Sommerakademie Hamburg,<br>Prof. F.C. Gundlach und Sigrid Rothe<\/td><\/tr><tr><td>2004 &#8211; 2005<\/td><td>Mentoring-Projekt f\u00fcr Bildende K\u00fcnstlerinnen,<br>Kulturb\u00fcro Rheinland-Pfalz<\/td><\/tr><\/tbody><\/table><\/figure>\n<\/div>\n\n\n\n<div class=\"wp-block-column is-layout-flow wp-block-column-is-layout-flow\" style=\"flex-basis:33.33%\">\n<figure class=\"wp-block-image size-full\"><img loading=\"lazy\" decoding=\"async\" width=\"300\" height=\"300\" src=\"https:\/\/www.akm-koblenz.de\/wp-content\/uploads\/2022\/05\/vettel.jpg\" alt=\"\" class=\"wp-image-553\" srcset=\"https:\/\/www.akm-koblenz.de\/wp-content\/uploads\/2022\/05\/vettel.jpg 300w, https:\/\/www.akm-koblenz.de\/wp-content\/uploads\/2022\/05\/vettel-200x200.jpg 200w, https:\/\/www.akm-koblenz.de\/wp-content\/uploads\/2022\/05\/vettel-100x100.jpg 100w\" sizes=\"auto, (max-width: 300px) 100vw, 300px\" \/><\/figure>\n<\/div>\n<\/div>\n\n\n\n<h2 class=\"wp-block-heading\">Auszeichnungen und F\u00f6rderungen<\/h2>\n\n\n\n<figure class=\"wp-block-table is-style-stripes\"><table><tbody><tr><td>2010<\/td><td>Stipendium Mittelb\u00f6hmen, Tschechien<\/td><\/tr><tr><td>2004 + 2005<\/td><td>F\u00f6rderung durch das Mentoring-Projekt f\u00fcr Bildende K\u00fcnstlerinnen, Kulturb\u00fcro Rheinland-Pfalz<\/td><\/tr><tr><td>2004<\/td><td>Auszeichnung Canon Profashional PhotoAward<\/td><\/tr><\/tbody><\/table><\/figure>\n\n\n\n<h2 class=\"wp-block-heading\">Mitgliedschaft<\/h2>\n\n\n\n<figure class=\"wp-block-table is-style-stripes\"><table><tbody><tr><td>seit 2010<\/td><td>AKM, Arbeitsgemeinschaft bildender K\u00fcnstler am Mittelrhein, Koblenz<\/td><\/tr><\/tbody><\/table><\/figure>\n\n\n\n<h2 class=\"wp-block-heading\">Einzelausstellungen (Auswahl)<\/h2>\n\n\n\n<figure class=\"wp-block-table is-style-stripes\"><table><tbody><tr><td>2013<\/td><td>OSB International, Hamburg<\/td><\/tr><tr><td>2012<\/td><td>zwei, Kunstverein Trier Junge Kunst<br>Landeszentrale f\u00fcr Medien und Kommunikation; Rheinland-Pfalz, Ludwigshafen<\/td><\/tr><tr><td>1998<\/td><td>areal, Galerie 13, Hamburg<\/td><\/tr><\/tbody><\/table><\/figure>\n\n\n\n<h2 class=\"wp-block-heading\">Ausstellungsbeteiligungen (Auswahl)<\/h2>\n\n\n\n<figure class=\"wp-block-table is-style-stripes\"><table><tbody><tr><td>2013<\/td><td>Fotografie Heute &#8211; Fotografische Positionen, AKM K\u00fcnstlerhaus Metternich, Koblenz<br>KM 570\u20132003\/13, Kunstverein Mittelrhein, Koblenz (Katalog)<\/td><\/tr><tr><td>2012<\/td><td>David &#8211; Roentgen -Museum, Neuwied<br>zwischenspiel, Galerie Steinacker, Koblenz<br>7 Positionen, AKM K\u00fcnstlerhaus Metternich, Koblenz<\/td><\/tr><tr><td>2011<\/td><td>Grenzgang, Kunsthaus Wiesbaden<br>Grenzgang 2, Galerie Alte Patrone, Mainz<br>Mainzer Museumsnacht, BBK Galerie, Mainz<\/td><\/tr><tr><td>2010<\/td><td>Berliner Liste, Messe f\u00fcr zeitgen\u00f6ssische Kunst, Berlin (Katalog)<br>David-Roentgen-Museum, Neuwied<br>Nauten, Kunstpreis Galerie victoria b, Bonn<br>Kunst direkt, Kunstmesse RLP, Rheingoldhalle, Mainz (Katalog)<br>Galerie Rabasova, Rakovnik, Prag (CZ) (Katalog)<\/td><\/tr><tr><td>2009<\/td><td>Galerie Rheingold, Oberdiebach<br>Zeitenwechsel, Installation, Kunstverein Mittelrhein,<br>Festung Ehrenbreitstein, Koblenz<\/td><\/tr><tr><td>2008<\/td><td>Villa Belgrano, Kunstverein Mittelrhein, Boppard<\/td><\/tr><tr><td>2007<\/td><td>Flut-Licht, Installation, Essenheimer Kunstverein<br>Open-Art, Installation, Kunst im Freien, Monrepos, Neuwied<\/td><\/tr><tr><td>2006<\/td><td>Blickachse 06, Kunst im Park, Installation, Worms (Katalog)<br>KM570, Villa Belgrano, Kunstverein Mittelrhein, Boppard<br>Gesellschaft f\u00fcr Bildende Kunst, Galerie Palais Walderdorff, Trier<\/td><\/tr><tr><td>2005<\/td><td>Sprachbilder-Bildersprache, Bildende Kunst im Dialog mit Lyrik,<br>Installation, Galerie Rathaus, Andernach<br>Installation, Museum im Kulturhaus Nassau<br>Staatskanzlei, Mainz<\/td><\/tr><tr><td>2004<\/td><td>Museum im Kulturhaus Nassau<br>Profashional Photoaward, Ausstellungsraum Sander, K\u00f6ln (Katalog)<\/td><\/tr><tr><td>2003<\/td><td>Jahresausstellung, Josef-Albers Museum, Bottrop (Katalog)<\/td><\/tr><tr><td>2000<\/td><td>Projekt F.C., Gundlach und S. Rothe, Armgartstra\u00dfe, Hamburg<\/td><\/tr><tr><td>1998<\/td><td>felix, Galerie 13, Hamburg<\/td><\/tr><tr><td>seit 2010<\/td><td>Teilnahme an der Jahresausstellung form+farbe, AKM, K\u00fcnstlerhaus Metternich, Koblenz<\/td><\/tr><\/tbody><\/table><\/figure>\n\n\n\n<h2 class=\"wp-block-heading\">Lebt und arbeitet in:<\/h2>\n\n\n\n<p>Geisselstra\u00dfe 19 \u2022 50823 K\u00f6ln<br>Mobil: 0173 &#8211; 6 25 22 52 \u2022 evavettel@photoareal.de<br>www.evavettel.de<\/p>\n\n\n\n<p class=\"has-text-align-center\">zwischen-zeit no. 7 2008, Piezo -Pigment &#8211; Print, 98 x 110 cm<\/p>\n\n\n\n<div class=\"wp-block-image\"><figure class=\"aligncenter size-full is-resized\"><img decoding=\"async\" src=\"https:\/\/www.akm-koblenz.de\/wp-content\/uploads\/2022\/05\/1-7.jpg\" alt=\"\" class=\"wp-image-554\" width=\"400\" srcset=\"https:\/\/www.akm-koblenz.de\/wp-content\/uploads\/2022\/05\/1-7.jpg 443w, https:\/\/www.akm-koblenz.de\/wp-content\/uploads\/2022\/05\/1-7-300x263.jpg 300w\" sizes=\"(max-width: 443px) 100vw, 443px\" \/><\/figure><\/div>\n\n\n\n<p class=\"has-text-align-center\">zwischen-zeit no. 6 2008, Piezo -Pigment -Print, 85 x 65 cm<\/p>\n\n\n\n<div class=\"wp-block-image\"><figure class=\"aligncenter size-full\"><img loading=\"lazy\" decoding=\"async\" width=\"218\" height=\"290\" src=\"https:\/\/www.akm-koblenz.de\/wp-content\/uploads\/2022\/05\/2-7.jpg\" alt=\"\" class=\"wp-image-555\"\/><\/figure><\/div>\n\n\n\n<p class=\"has-text-align-center\">zwischen-zeit no. 8 2008, Piezo -Pigment -Print, 135 x 104 cm<\/p>\n\n\n\n<div class=\"wp-block-image\"><figure class=\"aligncenter size-full is-resized\"><img decoding=\"async\" src=\"https:\/\/www.akm-koblenz.de\/wp-content\/uploads\/2022\/05\/3-7.jpg\" alt=\"\" class=\"wp-image-556\" width=\"400\" srcset=\"https:\/\/www.akm-koblenz.de\/wp-content\/uploads\/2022\/05\/3-7.jpg 443w, https:\/\/www.akm-koblenz.de\/wp-content\/uploads\/2022\/05\/3-7-228x300.jpg 228w\" sizes=\"(max-width: 443px) 100vw, 443px\" \/><\/figure><\/div>\n","protected":false},"excerpt":{"rendered":"<p>1963 geboren in Heppenheim 1983 &#8211; 1983 Studium Kommunikationsdesign und Fotografie,Fachhochschule Mannheim 1989 Diplom 2000 PENTIMENT Sommerakademie Hamburg,Prof. F.C. Gundlach und Sigrid Rothe 2004 &#8211; 2005 Mentoring-Projekt f\u00fcr Bildende K\u00fcnstlerinnen,Kulturb\u00fcro Rheinland-Pfalz Auszeichnungen und F\u00f6rderungen 2010 Stipendium Mittelb\u00f6hmen, Tschechien 2004 + 2005 F\u00f6rderung durch das Mentoring-Projekt f\u00fcr Bildende K\u00fcnstlerinnen, Kulturb\u00fcro Rheinland-Pfalz 2004 Auszeichnung Canon Profashional PhotoAward &hellip; <\/p>\n<p class=\"link-more\"><a href=\"https:\/\/www.akm-koblenz.de\/index.php\/mitglieder\/eva-vettel\/\" class=\"more-link\">Continue reading<span class=\"screen-reader-text\"> &#8220;EVA VETTEL&#8221;<\/span><\/a><\/p>\n","protected":false},"author":1,"featured_media":0,"parent":92,"menu_order":0,"comment_status":"closed","ping_status":"closed","template":"","meta":{"footnotes":""},"class_list":["post-552","page","type-page","status-publish","hentry"],"_links":{"self":[{"href":"https:\/\/www.akm-koblenz.de\/index.php\/wp-json\/wp\/v2\/pages\/552","targetHints":{"allow":["GET"]}}],"collection":[{"href":"https:\/\/www.akm-koblenz.de\/index.php\/wp-json\/wp\/v2\/pages"}],"about":[{"href":"https:\/\/www.akm-koblenz.de\/index.php\/wp-json\/wp\/v2\/types\/page"}],"author":[{"embeddable":true,"href":"https:\/\/www.akm-koblenz.de\/index.php\/wp-json\/wp\/v2\/users\/1"}],"replies":[{"embeddable":true,"href":"https:\/\/www.akm-koblenz.de\/index.php\/wp-json\/wp\/v2\/comments?post=552"}],"version-history":[{"count":1,"href":"https:\/\/www.akm-koblenz.de\/index.php\/wp-json\/wp\/v2\/pages\/552\/revisions"}],"predecessor-version":[{"id":557,"href":"https:\/\/www.akm-koblenz.de\/index.php\/wp-json\/wp\/v2\/pages\/552\/revisions\/557"}],"up":[{"embeddable":true,"href":"https:\/\/www.akm-koblenz.de\/index.php\/wp-json\/wp\/v2\/pages\/92"}],"wp:attachment":[{"href":"https:\/\/www.akm-koblenz.de\/index.php\/wp-json\/wp\/v2\/media?parent=552"}],"curies":[{"name":"wp","href":"https:\/\/api.w.org\/{rel}","templated":true}]}}