{"id":536,"date":"2022-05-01T07:47:43","date_gmt":"2022-05-01T06:47:43","guid":{"rendered":"https:\/\/www.akm-koblenz.de\/?page_id=536"},"modified":"2022-05-01T07:47:43","modified_gmt":"2022-05-01T06:47:43","slug":"clemens-strugalla","status":"publish","type":"page","link":"https:\/\/www.akm-koblenz.de\/index.php\/mitglieder\/clemens-strugalla\/","title":{"rendered":"CLEMENS STRUGALLA"},"content":{"rendered":"\n<div class=\"wp-block-columns is-layout-flex wp-container-core-columns-is-layout-1 wp-block-columns-is-layout-flex\">\n<div class=\"wp-block-column is-layout-flow wp-block-column-is-layout-flow\" style=\"flex-basis:66.66%\">\n<figure class=\"wp-block-table is-style-stripes\"><table><tbody><tr><td>1950<\/td><td>Geboren in Auerbach\/Vogtland als 4. von 5 Br\u00fcdern (drei bildende K\u00fcnstler, zwei Musiker)<\/td><\/tr><tr><td>1970-71<br>1973-77<\/td><td>Studium der Kunst- und Werkp\u00e4dagogik an der staatlichen Hochschule f\u00fcr bildende K\u00fcnste Braunschweig, u. A. bei Prof. Emil Cimiotti (Bildhauerei) und Prof. Roland D\u00f6rfler (Zeichnen)<\/td><\/tr><tr><td>1977-79<\/td><td>Wisschenschaftl. Angestellter\/Assisten am Lehrstuhl f\u00fcr Elementares Formen im Fachbereich Architektur der Universit\u00e4t Braunschweig bei Prof. J\u00fcrgen Weber<\/td><\/tr><tr><td>1980-98<\/td><td>Werkstatt in Frankfurt am Main\/Griesheim<\/td><\/tr><tr><td>1986<\/td><td>Arbeit angewandter Kunst f\u00fcr den Stand der Bundesrepublik Deutschland auf der Weltausstellung in Vancouver\/Kanada<\/td><\/tr><tr><td>1988<\/td><td>Werkstattausbau Grube Kreuzberg bei Weisel\/Mittelrhein<\/td><\/tr><tr><td>1989<\/td><td>Teilnahme am 9. internationalen Bildhauersymposium in Hoyerswerda (Ankauf der Minotauros-Gruppe)<\/td><\/tr><tr><td>1990-93<\/td><td>Vorstand des Landesverbandes Hessen im BBK<\/td><\/tr><tr><td>1991<\/td><td>&nbsp;Foyer-Gestaltung des Gewerkschaftshauses Saarbr\u00fccken<\/td><\/tr><tr><td>1992<\/td><td>Relieftafel \u201eJohanna Kirchner\u201d f\u00fcr die Paulskirche Frankfurt\/Main<\/td><\/tr><tr><td>1996<\/td><td>Figurengruppe f\u00fcr den Neubau der Deutschen Bibliothek in Frankfurt\/Main in Zusammenarbeit mit Tobias Rehberger<\/td><\/tr><tr><td>1997<\/td><td>Vierfigurige, lebensgro\u00dfe Sandsteinkomposition \u201eDie vier Jahreszeiten \u2013 Dionysos\u201d f\u00fcr ein Weingut in Johannisberg, Rheingau<\/td><\/tr><tr><td>2001-2015<\/td><td>Atelierbeteiligung am Keramikatelier Ulrike Hantel, Alte Patrone, Mainz<\/td><\/tr><tr><td>2002<\/td><td>Relieftafel \u201eWalter Kolb\u201d f\u00fcr die Paulskirche Frankfurt\/Main<\/td><\/tr><tr><td>2003<\/td><td>Reliefzyklus \u201eBornischer Bilderbogen \u2013 Bornicher Elemente\u201d f\u00fcr das Sport- und Gemeindezentrum Bornich\/Loreley (Mittelrhein)<br>Stuedienfahrten-Preis der Heusenstamm-Stiftung Frankfurt\/Main<\/td><\/tr><tr><td>2005<\/td><td>Cl\u00e4re-Roeder-M\u00fcnch-Preis, Hanau<br>Bildhauersymposium \u201eK\u00fcnstler gegen Gewalt\u201d, Koblenz-Ehrenbreitstein<br>\u00d6ffentliches Arbeiten im Skulpturenpark M\u00f6rfelden<br>Gedenkstele f\u00fcr die von den Nazis verfolgten und ermordeten Zeugen Jehovas<br>Gedenktafel am Schauspielhaus Frankfurt\/Main<\/td><\/tr><tr><td>2007<\/td><td>\u00d6ffentliches Arbeiten in Bad Vilbel-Massenheim<\/td><\/tr><tr><td>2011<\/td><td>Paul Arnsberg-Stele, Frankfurt\/Main<\/td><\/tr><tr><td>2013<\/td><td>Hebroni-Denkmal Flensburg (f\u00fcr die Opfer nationalsozialistischer Gewaltherrschaft)<br>Grabanlage Giani, Wiesbaden<\/td><\/tr><tr><td>2014<\/td><td>Joachim-Gottschalk-Tafel, Frankfurt\/Main<\/td><\/tr><tr><td>2015<\/td><td>Steinrelief \u201e2. Mai\u201d (zur deutschen Symphonie von Hanns Eisler)<br>Entw\u00fcrfe zu einem Denkmal-Auftrag f\u00fcr Privatsammlung in Boston, USA<\/td><\/tr><tr><td>2016<\/td><td>Wettbewerbseinladung Deportationsrampe Mainz<\/td><\/tr><\/tbody><\/table><\/figure>\n<\/div>\n\n\n\n<div class=\"wp-block-column is-layout-flow wp-block-column-is-layout-flow\" style=\"flex-basis:33.33%\">\n<figure class=\"wp-block-image size-full\"><img loading=\"lazy\" decoding=\"async\" width=\"281\" height=\"279\" src=\"https:\/\/www.akm-koblenz.de\/wp-content\/uploads\/2022\/05\/strugalla.jpg\" alt=\"\" class=\"wp-image-537\" srcset=\"https:\/\/www.akm-koblenz.de\/wp-content\/uploads\/2022\/05\/strugalla.jpg 281w, https:\/\/www.akm-koblenz.de\/wp-content\/uploads\/2022\/05\/strugalla-200x200.jpg 200w, https:\/\/www.akm-koblenz.de\/wp-content\/uploads\/2022\/05\/strugalla-100x100.jpg 100w\" sizes=\"auto, (max-width: 281px) 100vw, 281px\" \/><\/figure>\n<\/div>\n<\/div>\n\n\n\n<h2 class=\"wp-block-heading\">Ausstellungen<\/h2>\n\n\n\n<figure class=\"wp-block-table is-style-stripes\"><table><tbody><tr><td>1983<\/td><td>Galerie im Bunker, Frankfurt \/ Main<\/td><\/tr><tr><td>1986<\/td><td>Deutsche evangelisch-reformierte Gemeinde, Frankfurt \/ Main<\/td><\/tr><tr><td>1987<\/td><td>Galerie im Zwinger, St. Wendel<\/td><\/tr><tr><td>1988<\/td><td>Neue M\u00fcnchner Galerie (mit Willi Sitte), M\u00fcnchen<\/td><\/tr><tr><td>1989<\/td><td>AWO-Bildungsst\u00e4tte \u201eJohanna Kirchner\u201c, Marktbreit<\/td><\/tr><tr><td>1991<\/td><td>Arbeitskammer-Bildungszentrum, Kirkel<\/td><\/tr><tr><td>1994<\/td><td>Ladengalerie B\u00fcchergilde Gutenberg, Frankfurt \/ Main<\/td><\/tr><tr><td>1995\/98<\/td><td>Weingut Johannishof H.H. Eser, Johannisberg (Rheingau)<\/td><\/tr><tr><td>1996<\/td><td>Nebbiensches Gartenhaus, Frankfurt \/ Main<\/td><\/tr><tr><td>1999<\/td><td>Freunde Frankfurts, Haus Schellgasse, Frankfurt \/ Main<\/td><\/tr><tr><td>2001\/02<\/td><td>B\u00fcrgerhospital, 3 Bildhauer \u201eStein, Bronze, Holz\u201c, Frankfurt \/ Main<\/td><\/tr><tr><td>2002<\/td><td>Historisches Museum Frankfurt, \u201eWalter Kolb\u201c, Frankfurt \/ Main<\/td><\/tr><tr><td>2004<\/td><td>Petrihaus (mit Siegbert Jatzko), Frankfurt \/ Main<br>Galeria Wzg\u00f3rze Zamkowe (mit Laura von Ledebur), Lubin (Polen)<\/td><\/tr><tr><td>2005<\/td><td>Schloss Philippsruhe, Hanau<br>Festung Ehrenbreitstein (mit Lohrengel, Schade, Voigtl\u00e4nder), Koblenz<\/td><\/tr><tr><td>2006<\/td><td>Galerie der Heussenstamm-Stiftung, Frankfurt \/ Main<\/td><\/tr><tr><td>2008<\/td><td>Robert-Struppmann-Museum, Lorch (Rhg.)<br>Kreishaus Insel Silberau (mit Laura von Ledebur), Bad Ems<\/td><\/tr><tr><td>2009<\/td><td>Galerie ka5 \u201eSkulpturen, Zeichnungen, Reliefs\u201c, Mainz<\/td><\/tr><tr><td>2010<\/td><td>B\u00fcchergilde-Galerie, Mainz<\/td><\/tr><tr><td>2011<\/td><td>Landtag Rheinland-Pfalz (mit Johannes + Matthias Strugalla), Mainz<br>Museum Br\u00fcder Grimm Haus Steinau (mit Achim Ribbeck)<\/td><\/tr><tr><td>2014<\/td><td>\u201eso eng so weit\u201c (mit Johannes + Matthias Strugalla), St\u00e4dtische Galerie Speyer<\/td><\/tr><tr><td>2016<\/td><td>Hanauer Kulturverein, Hanau (mit Klaus Kappel)<\/td><\/tr><tr><td>2017<\/td><td>Rhein-Museum Koblenz-Ehrenbreitstein<\/td><\/tr><tr><td>2017\/18<\/td><td>\u201eKunst in der Stadt\u201c Markth\u00e4user, Mainz (u.a. mit A. Ribbeck)<\/td><\/tr><tr><td>2018<\/td><td>\u201eso eng so weit #2\u201c (mit Johannes + Matthias Strugalla), AKM Koblenz<\/td><\/tr><tr><td>2020<\/td><td>Museum Br\u00fcder Grimm Haus Steinau Hanauer Kulturverein, Hanau<\/td><\/tr><tr><td>&nbsp;<\/td><td>&nbsp;<\/td><\/tr><tr><td>Seit 1977<\/td><td>Ausstellungsbeteiligungen<br>im In- und Ausland, u.a. in D\u00e4nemark, DDR, \u00c4gypten, Israel<\/td><\/tr><\/tbody><\/table><\/figure>\n\n\n\n<h2 class=\"wp-block-heading\">Mitgliedschaften<\/h2>\n\n\n\n<figure class=\"wp-block-table is-style-stripes\"><table><tbody><tr><td>1977<\/td><td>Mitglied im Bundesverband Bildender K\u00fcnstler (BBK)<\/td><\/tr><tr><td>1990-93<\/td><td>Vorstand des Landesverbandes Hessen im BBK<\/td><\/tr><tr><td>1996<\/td><td>Mitglied der Frankfurter K\u00fcnstlergesellschaft e. V. (FKG) (gegr\u00fcndet 1857)<\/td><\/tr><tr><td>1998-2013<\/td><td>Vorstandsmitglied der FKG<br>2003-2011 erster Vorsitzender<\/td><\/tr><tr><td>2018<\/td><td>Mitglied der Arbeitsgemeibschaft bildender K\u00fcnstler am Mittelrhein e. V. (AKM)<\/td><\/tr><\/tbody><\/table><\/figure>\n\n\n\n<h2 class=\"wp-block-heading\">Lebt und arbeitet in:<\/h2>\n\n\n\n<p>Grube Kreuzberg<br>56348 Weisel \/ Mittelrhein<br>Tel.: 06774 1219<br>www.strugalla.info<br>mail@strugalla.info<\/p>\n\n\n\n<p class=\"has-text-align-center\">Hebronis Prometheus \u2013 Versuch zu begreifen (f\u00fcr die Opfer nationalsozialistischer Gewaltherrschaft) 2013<br>roter kaukasischer Muschelkalk, Flensburg<\/p>\n\n\n\n<div class=\"wp-block-image\"><figure class=\"aligncenter size-large is-resized\"><img decoding=\"async\" src=\"https:\/\/www.akm-koblenz.de\/wp-content\/uploads\/2022\/05\/1-5-681x1024.jpg\" alt=\"\" class=\"wp-image-538\" width=\"400\" srcset=\"https:\/\/www.akm-koblenz.de\/wp-content\/uploads\/2022\/05\/1-5-681x1024.jpg 681w, https:\/\/www.akm-koblenz.de\/wp-content\/uploads\/2022\/05\/1-5-199x300.jpg 199w, https:\/\/www.akm-koblenz.de\/wp-content\/uploads\/2022\/05\/1-5.jpg 750w\" sizes=\"(max-width: 681px) 100vw, 681px\" \/><\/figure><\/div>\n\n\n\n<p class=\"has-text-align-center\">Die vier Elemente (Erde, Wasser, Feuer, Luft) 2006, Digitaldruck und Tusche auf Gewebe<\/p>\n\n\n\n<div class=\"wp-block-image\"><figure class=\"aligncenter size-full\"><img loading=\"lazy\" decoding=\"async\" width=\"345\" height=\"756\" src=\"https:\/\/www.akm-koblenz.de\/wp-content\/uploads\/2022\/05\/2-5.jpg\" alt=\"\" class=\"wp-image-539\" srcset=\"https:\/\/www.akm-koblenz.de\/wp-content\/uploads\/2022\/05\/2-5.jpg 345w, https:\/\/www.akm-koblenz.de\/wp-content\/uploads\/2022\/05\/2-5-137x300.jpg 137w\" sizes=\"auto, (max-width: 345px) 100vw, 345px\" \/><\/figure><\/div>\n\n\n\n<p class=\"has-text-align-center\">Najade (Quellnymphe) 1996, Marmor, L\u00e4nge: 116 cm<\/p>\n\n\n\n<div class=\"wp-block-image\"><figure class=\"aligncenter size-full is-resized\"><img decoding=\"async\" src=\"https:\/\/www.akm-koblenz.de\/wp-content\/uploads\/2022\/05\/3-5.jpg\" alt=\"\" class=\"wp-image-540\" width=\"400\" srcset=\"https:\/\/www.akm-koblenz.de\/wp-content\/uploads\/2022\/05\/3-5.jpg 960w, https:\/\/www.akm-koblenz.de\/wp-content\/uploads\/2022\/05\/3-5-300x225.jpg 300w, https:\/\/www.akm-koblenz.de\/wp-content\/uploads\/2022\/05\/3-5-768x576.jpg 768w\" sizes=\"(max-width: 706px) 89vw, (max-width: 767px) 82vw, 740px\" \/><\/figure><\/div>\n","protected":false},"excerpt":{"rendered":"<p>1950 Geboren in Auerbach\/Vogtland als 4. von 5 Br\u00fcdern (drei bildende K\u00fcnstler, zwei Musiker) 1970-711973-77 Studium der Kunst- und Werkp\u00e4dagogik an der staatlichen Hochschule f\u00fcr bildende K\u00fcnste Braunschweig, u. A. bei Prof. Emil Cimiotti (Bildhauerei) und Prof. Roland D\u00f6rfler (Zeichnen) 1977-79 Wisschenschaftl. Angestellter\/Assisten am Lehrstuhl f\u00fcr Elementares Formen im Fachbereich Architektur der Universit\u00e4t Braunschweig bei &hellip; <\/p>\n<p class=\"link-more\"><a href=\"https:\/\/www.akm-koblenz.de\/index.php\/mitglieder\/clemens-strugalla\/\" class=\"more-link\">Continue reading<span class=\"screen-reader-text\"> &#8220;CLEMENS STRUGALLA&#8221;<\/span><\/a><\/p>\n","protected":false},"author":1,"featured_media":0,"parent":92,"menu_order":0,"comment_status":"closed","ping_status":"closed","template":"","meta":{"footnotes":""},"class_list":["post-536","page","type-page","status-publish","hentry"],"_links":{"self":[{"href":"https:\/\/www.akm-koblenz.de\/index.php\/wp-json\/wp\/v2\/pages\/536","targetHints":{"allow":["GET"]}}],"collection":[{"href":"https:\/\/www.akm-koblenz.de\/index.php\/wp-json\/wp\/v2\/pages"}],"about":[{"href":"https:\/\/www.akm-koblenz.de\/index.php\/wp-json\/wp\/v2\/types\/page"}],"author":[{"embeddable":true,"href":"https:\/\/www.akm-koblenz.de\/index.php\/wp-json\/wp\/v2\/users\/1"}],"replies":[{"embeddable":true,"href":"https:\/\/www.akm-koblenz.de\/index.php\/wp-json\/wp\/v2\/comments?post=536"}],"version-history":[{"count":1,"href":"https:\/\/www.akm-koblenz.de\/index.php\/wp-json\/wp\/v2\/pages\/536\/revisions"}],"predecessor-version":[{"id":541,"href":"https:\/\/www.akm-koblenz.de\/index.php\/wp-json\/wp\/v2\/pages\/536\/revisions\/541"}],"up":[{"embeddable":true,"href":"https:\/\/www.akm-koblenz.de\/index.php\/wp-json\/wp\/v2\/pages\/92"}],"wp:attachment":[{"href":"https:\/\/www.akm-koblenz.de\/index.php\/wp-json\/wp\/v2\/media?parent=536"}],"curies":[{"name":"wp","href":"https:\/\/api.w.org\/{rel}","templated":true}]}}