{"id":528,"date":"2022-05-01T07:40:39","date_gmt":"2022-05-01T06:40:39","guid":{"rendered":"https:\/\/www.akm-koblenz.de\/?page_id=528"},"modified":"2022-05-01T07:40:39","modified_gmt":"2022-05-01T06:40:39","slug":"helke-stiebel","status":"publish","type":"page","link":"https:\/\/www.akm-koblenz.de\/index.php\/mitglieder\/helke-stiebel\/","title":{"rendered":"HELKE STIEBEL"},"content":{"rendered":"\n<div class=\"wp-block-columns is-layout-flex wp-container-core-columns-is-layout-1 wp-block-columns-is-layout-flex\">\n<div class=\"wp-block-column is-layout-flow wp-block-column-is-layout-flow\" style=\"flex-basis:66.66%\">\n<figure class=\"wp-block-table is-style-stripes\"><table><tbody><tr><td>1939<\/td><td>geboren in Saarlouis<\/td><\/tr><\/tbody><\/table><\/figure>\n\n\n\n<h2 class=\"wp-block-heading\">Studienreisen<\/h2>\n\n\n\n<figure class=\"wp-block-table is-style-stripes\"><table><tbody><tr><td>1998<\/td><td>Irland, S\u00fcdfrankreich und Toskana<\/td><\/tr><tr><td>1996<\/td><td>Thailand<\/td><\/tr><tr><td>1990<\/td><td>Sizilien<\/td><\/tr><tr><td>1988<\/td><td>New York<\/td><\/tr><tr><td>1986 &#8211; 1987<\/td><td>Israel<\/td><\/tr><tr><td>1982<\/td><td>Die goldene Reise der Ruis, Russland<\/td><\/tr><tr><td>1979<\/td><td>New York<br>lebt und arbeitet in Koblenz<\/td><\/tr><\/tbody><\/table><\/figure>\n<\/div>\n\n\n\n<div class=\"wp-block-column is-layout-flow wp-block-column-is-layout-flow\" style=\"flex-basis:33.33%\">\n<figure class=\"wp-block-image size-full\"><img loading=\"lazy\" decoding=\"async\" width=\"300\" height=\"300\" src=\"https:\/\/www.akm-koblenz.de\/wp-content\/uploads\/2022\/05\/stiebel.jpg\" alt=\"\" class=\"wp-image-529\" srcset=\"https:\/\/www.akm-koblenz.de\/wp-content\/uploads\/2022\/05\/stiebel.jpg 300w, https:\/\/www.akm-koblenz.de\/wp-content\/uploads\/2022\/05\/stiebel-200x200.jpg 200w, https:\/\/www.akm-koblenz.de\/wp-content\/uploads\/2022\/05\/stiebel-100x100.jpg 100w\" sizes=\"auto, (max-width: 300px) 100vw, 300px\" \/><\/figure>\n<\/div>\n<\/div>\n\n\n\n<h2 class=\"wp-block-heading\">Kunstpreise und Stipendien<\/h2>\n\n\n\n<figure class=\"wp-block-table is-style-stripes\"><table><tbody><tr><td>2007<\/td><td>F\u00f6rderpreis der Kulturstiftung des Bundespr\u00e4sidenten<\/td><\/tr><\/tbody><\/table><\/figure>\n\n\n\n<h2 class=\"wp-block-heading\">Mitgliedschaften<\/h2>\n\n\n\n<figure class=\"wp-block-table is-style-stripes\"><table><tbody><tr><td>1988<\/td><td>AKM, Arbeitsgemeinschaft bildender K\u00fcnstler am Mittelrhein, Koblenz<\/td><\/tr><\/tbody><\/table><\/figure>\n\n\n\n<h2 class=\"wp-block-heading\">Ausstellungsbeteiligungen<\/h2>\n\n\n\n<figure class=\"wp-block-table is-style-stripes\"><table><tbody><tr><td>2013<\/td><td>Fotografie heute-Fotografische Positionen, AKM K\u00fcnstlerhaus Metternich, Koblenz<\/td><\/tr><tr><td>2012<\/td><td>Impressionen vom Rhein-Klangausstellung mit Prof. Arnd Dolge,<br>Historischer Gew\u00f6lbekeller Mittelrhein -Museum, Koblenz<\/td><\/tr><tr><td>2011<\/td><td>Norwich20Group, Teilnahme in Norwich (GB)<\/td><\/tr><tr><td>2010<\/td><td>Norwich20Group, Teilnahme in Norwich (GB)<\/td><\/tr><tr><td>2008<\/td><td>60 Jahre form+farbe, AKM K\u00fcnstlerhaus Metternich, Koblenz<br>Fotografie in Rheinland-Pfalz, Kunstverein Speyer<br>K\u00fcnstlerportraits der AKM, mit Hannelore Langner<br>und Peter Goehlen, im Landtag von Mainz<\/td><\/tr><tr><td>2007<\/td><td>FlussStadtLand, Ansichten vom Niederrhein<br>Mittelrhein-Museum, Koblenz (E)<br>Portraits der AKM, K\u00fcnstlerhaus Metternich, Koblenz<\/td><\/tr><tr><td>2006<\/td><td>Focus, Landesmuseum Koblenz &#8211; Ehrenbreitstein<\/td><\/tr><tr><td>2005<\/td><td>Aufnahmeserie einer Klarinettensammlung, Musikschule Koblenz<\/td><\/tr><tr><td>2004<\/td><td>K\u00fcnstler am Beginn des 21. Jahrhunderts-Fotografie, AKM K\u00fcnstlerhaus Metternich<\/td><\/tr><tr><td>2001<\/td><td>Rhein-und Reisebilder, Galerie Tent, Koblenz (E)<\/td><\/tr><tr><td>1999<\/td><td>Reise-Bilder, K\u00fcnstlerhaus Metternich, Koblenz (E)<\/td><\/tr><tr><td>1998<\/td><td>Photographie, mit Gem\u00e4lden von Antonie Becker aus Trier, K\u00fcnstlerhaus Metternich, Koblenz<\/td><\/tr><tr><td>1997<\/td><td>Auf Turner\u2019s Spuren, Rhein-Museum, Koblenz (E)<br>(Elektronische Rheinmusik von Prof. Arnd Dolge)<\/td><\/tr><tr><td>1994<\/td><td>Rhein-Landschaft, Mittelrhein-Museum, Koblenz (E)<\/td><\/tr><tr><td>1992<\/td><td>Graphik, K\u00fcnstler aus Rheinland -Pfalz, Alzey<\/td><\/tr><tr><td>1989<\/td><td>Landeskunstausstellung, Trier<br>Schwarz-Wei\u00df, Ausstellung des Kultusministeriums, Pr\u00fcmm<br>Auch- Bilder, K\u00fcnstlerhaus Metternich, Koblenz<\/td><\/tr><tr><td>1988<\/td><td>Sylt-Die goldene Reise der Ruis, Atelierausstellungen<\/td><\/tr><tr><td>seit 1988<\/td><td>Teilnahme an den Jahresausstellungen der AKM form+farbe und Aschermittwoch der K\u00fcnstler,<br>K\u00fcnstlerhaus Metternich, Koblenz<\/td><\/tr><\/tbody><\/table><\/figure>\n\n\n\n<h2 class=\"wp-block-heading\">Publikationen<\/h2>\n\n\n\n<figure class=\"wp-block-table is-style-stripes\"><table><tbody><tr><td>2008<\/td><td>60 Jahre form+farbe, Jubil\u00e4umskatalog der AKM mit allen K\u00fcnstlerportraits<\/td><\/tr><tr><td>2007<\/td><td>FlussStadtLand, Ansichten vom Niederrhein, Tagebuch einer Schiffsreise<\/td><\/tr><tr><td>2002<\/td><td>Koblenz?Koblenz!, Bildband \u00fcber Koblenz mit Texten von Frau Dr. Ingrid B\u00e1tori,<br>Waanders Verlag (NL)<\/td><\/tr><tr><td>1998<\/td><td>B\u00fccherturm, Heliograv\u00fcre, Handdruck auf B\u00fctten, 25er Auflage<\/td><\/tr><\/tbody><\/table><\/figure>\n\n\n\n<p>Zitat aus einer Kritik: \u2026man wird unter den Schwarz\/Wei\u00df &#8211; und Farbphotographien die Totale meist vergeblich suchen. Stattdessen dominiert der, eine momentane Impression festhaltende Teilaspekt, dominieren Photographien, die einen ausgepr\u00e4gten Sinn f\u00fcr das Wesentliche, Markante verraten\u201c.<\/p>\n\n\n\n<h2 class=\"wp-block-heading\">Lebt und arbeitet in:<\/h2>\n\n\n\n<p>Clemensstra\u00dfe 7 \u2022 56068 Koblenz<br>Tel.: 0261- 31961 \u2022 helke.stiebel@t-online.de<\/p>\n\n\n\n<p class=\"has-text-align-center\">Landschaft 2007, analog auf Baumwollbasis, 20 x 30 cm<\/p>\n\n\n\n<div class=\"wp-block-image\"><figure class=\"aligncenter size-full is-resized\"><img decoding=\"async\" src=\"https:\/\/www.akm-koblenz.de\/wp-content\/uploads\/2022\/05\/1-4.jpg\" alt=\"\" class=\"wp-image-530\" width=\"400\" srcset=\"https:\/\/www.akm-koblenz.de\/wp-content\/uploads\/2022\/05\/1-4.jpg 439w, https:\/\/www.akm-koblenz.de\/wp-content\/uploads\/2022\/05\/1-4-300x200.jpg 300w\" sizes=\"(max-width: 439px) 100vw, 439px\" \/><\/figure><\/div>\n\n\n\n<p class=\"has-text-align-center\">Landschaft 2005, analog auf Baumwollbasis, 20 x 30 cm<\/p>\n\n\n\n<div class=\"wp-block-image\"><figure class=\"aligncenter size-full is-resized\"><img decoding=\"async\" src=\"https:\/\/www.akm-koblenz.de\/wp-content\/uploads\/2022\/05\/2-4.jpg\" alt=\"\" class=\"wp-image-531\" width=\"400\" srcset=\"https:\/\/www.akm-koblenz.de\/wp-content\/uploads\/2022\/05\/2-4.jpg 442w, https:\/\/www.akm-koblenz.de\/wp-content\/uploads\/2022\/05\/2-4-300x200.jpg 300w\" sizes=\"(max-width: 442px) 100vw, 442px\" \/><\/figure><\/div>\n\n\n\n<p class=\"has-text-align-center\">Landschaft 2005, analog auf Baumwollbasis, 20 x 30 cm<\/p>\n\n\n\n<div class=\"wp-block-image\"><figure class=\"aligncenter size-full is-resized\"><img decoding=\"async\" src=\"https:\/\/www.akm-koblenz.de\/wp-content\/uploads\/2022\/05\/3-4.jpg\" alt=\"\" class=\"wp-image-532\" width=\"400\" srcset=\"https:\/\/www.akm-koblenz.de\/wp-content\/uploads\/2022\/05\/3-4.jpg 442w, https:\/\/www.akm-koblenz.de\/wp-content\/uploads\/2022\/05\/3-4-300x200.jpg 300w\" sizes=\"(max-width: 442px) 100vw, 442px\" \/><\/figure><\/div>\n","protected":false},"excerpt":{"rendered":"<p>1939 geboren in Saarlouis Studienreisen 1998 Irland, S\u00fcdfrankreich und Toskana 1996 Thailand 1990 Sizilien 1988 New York 1986 &#8211; 1987 Israel 1982 Die goldene Reise der Ruis, Russland 1979 New Yorklebt und arbeitet in Koblenz Kunstpreise und Stipendien 2007 F\u00f6rderpreis der Kulturstiftung des Bundespr\u00e4sidenten Mitgliedschaften 1988 AKM, Arbeitsgemeinschaft bildender K\u00fcnstler am Mittelrhein, Koblenz Ausstellungsbeteiligungen 2013 &hellip; <\/p>\n<p class=\"link-more\"><a href=\"https:\/\/www.akm-koblenz.de\/index.php\/mitglieder\/helke-stiebel\/\" class=\"more-link\">Continue reading<span class=\"screen-reader-text\"> &#8220;HELKE STIEBEL&#8221;<\/span><\/a><\/p>\n","protected":false},"author":1,"featured_media":0,"parent":92,"menu_order":0,"comment_status":"closed","ping_status":"closed","template":"","meta":{"footnotes":""},"class_list":["post-528","page","type-page","status-publish","hentry"],"_links":{"self":[{"href":"https:\/\/www.akm-koblenz.de\/index.php\/wp-json\/wp\/v2\/pages\/528","targetHints":{"allow":["GET"]}}],"collection":[{"href":"https:\/\/www.akm-koblenz.de\/index.php\/wp-json\/wp\/v2\/pages"}],"about":[{"href":"https:\/\/www.akm-koblenz.de\/index.php\/wp-json\/wp\/v2\/types\/page"}],"author":[{"embeddable":true,"href":"https:\/\/www.akm-koblenz.de\/index.php\/wp-json\/wp\/v2\/users\/1"}],"replies":[{"embeddable":true,"href":"https:\/\/www.akm-koblenz.de\/index.php\/wp-json\/wp\/v2\/comments?post=528"}],"version-history":[{"count":1,"href":"https:\/\/www.akm-koblenz.de\/index.php\/wp-json\/wp\/v2\/pages\/528\/revisions"}],"predecessor-version":[{"id":533,"href":"https:\/\/www.akm-koblenz.de\/index.php\/wp-json\/wp\/v2\/pages\/528\/revisions\/533"}],"up":[{"embeddable":true,"href":"https:\/\/www.akm-koblenz.de\/index.php\/wp-json\/wp\/v2\/pages\/92"}],"wp:attachment":[{"href":"https:\/\/www.akm-koblenz.de\/index.php\/wp-json\/wp\/v2\/media?parent=528"}],"curies":[{"name":"wp","href":"https:\/\/api.w.org\/{rel}","templated":true}]}}