{"id":490,"date":"2022-05-01T07:05:59","date_gmt":"2022-05-01T06:05:59","guid":{"rendered":"https:\/\/www.akm-koblenz.de\/?page_id=490"},"modified":"2022-05-01T07:05:59","modified_gmt":"2022-05-01T06:05:59","slug":"aloys-rump","status":"publish","type":"page","link":"https:\/\/www.akm-koblenz.de\/index.php\/mitglieder\/aloys-rump\/","title":{"rendered":"ALOYS RUMP"},"content":{"rendered":"\n<div class=\"wp-block-columns is-layout-flex wp-container-core-columns-is-layout-1 wp-block-columns-is-layout-flex\">\n<div class=\"wp-block-column is-layout-flow wp-block-column-is-layout-flow\" style=\"flex-basis:66.66%\">\n<figure class=\"wp-block-table is-style-stripes\"><table><tbody><tr><td>1949<\/td><td>geboren in Boppard<\/td><\/tr><tr><td>1970 &#8211; 1974<\/td><td>Studium an der Kunstakademie D\u00fcsseldorf bei Peter Br\u00fcning und Gerhard Richter<\/td><\/tr><tr><td>1974 &#8211; 1978<\/td><td>Studium an der Hochschule der K\u00fcnste Berlin bei Fred Thieler<br>lebt und arbeitet in Boppard<\/td><\/tr><\/tbody><\/table><\/figure>\n<\/div>\n\n\n\n<div class=\"wp-block-column is-layout-flow wp-block-column-is-layout-flow\" style=\"flex-basis:33.33%\">\n<figure class=\"wp-block-image size-full\"><img loading=\"lazy\" decoding=\"async\" width=\"300\" height=\"300\" src=\"https:\/\/www.akm-koblenz.de\/wp-content\/uploads\/2022\/05\/rump.jpg\" alt=\"\" class=\"wp-image-491\" srcset=\"https:\/\/www.akm-koblenz.de\/wp-content\/uploads\/2022\/05\/rump.jpg 300w, https:\/\/www.akm-koblenz.de\/wp-content\/uploads\/2022\/05\/rump-200x200.jpg 200w, https:\/\/www.akm-koblenz.de\/wp-content\/uploads\/2022\/05\/rump-100x100.jpg 100w\" sizes=\"auto, (max-width: 300px) 100vw, 300px\" \/><\/figure>\n<\/div>\n<\/div>\n\n\n\n<h2 class=\"wp-block-heading\">Mitgliedschaften<\/h2>\n\n\n\n<p>AKM, Arbeitsgemeinschaft bildender K\u00fcnstler am Mittelrhein, Koblenz<br>ark, arbeitsgruppe rheinland-pf\u00e4lzischer K\u00fcnstler<br>BBK, Berufsverband Bildender K\u00fcnstler, Rheinland-Pfalz<\/p>\n\n\n\n<h2 class=\"wp-block-heading\">Einzelausstellungen (Auswahl)<\/h2>\n\n\n\n<figure class=\"wp-block-table is-style-stripes\"><table><tbody><tr><td>2013<\/td><td>Kunst am Bau, Gemeindehaus Schwall<br>Kunst am Bau Brunnen, Generationenhaus Niederburg<br>Kunst im Stift, Stiftungsklinikum Mittelrhein, Koblenz<br>Kunsthalle Koblenz, zur Langen Nacht der Museen<br>Galerie Oliver Zimmermann, Koblenz<\/td><\/tr><tr><td>2012<\/td><td>Kunstraum Riedberg<br>Galerie der Goethe Universit\u00e4t Frankfurt<br>Landtag Rheinland-Pfalz, mit Jan Schr\u00f6der, Mainz<br>Kunstraum Bernusstrasse, mit Martine Andernach, Frankfurt<br>Garten der Schmetterlinge, Schloss Sayn, Bendorf<br>L\u00e4ufer, Aluminiumskulptur, Stadtplatz Boppard<\/td><\/tr><tr><td>2011<\/td><td>Karfreitags-Installation im Heilig-Kreuz-M\u00fcnster, Rottweil<br>HLP Galerie, mit Karin Kahlhofer und Christine Haller, K\u00f6ln<\/td><\/tr><tr><td>2010<\/td><td>KSK Rhein-Hunsr\u00fcck, Simmern<br>Kunstraum 22, K\u00f6ln<br>Kunsthandlung Heinrich Nick, Boppard<br>Kunstverein Junge Kunst, Trier<\/td><\/tr><tr><td>2009<\/td><td>Kunsthalle Koblenz, Galerie Oliver Zimmermann, Koblenz<br>Ch\u00e2teau Claudel, Brangues (F)<\/td><\/tr><\/tbody><\/table><\/figure>\n\n\n\n<h2 class=\"wp-block-heading\">Ausstellungsbeteiligungen (Auswahl)<\/h2>\n\n\n\n<figure class=\"wp-block-table is-style-stripes\"><table><tbody><tr><td>2013<\/td><td>K\u00fcnstlerdinner,mit Jan Schr\u00f6der, Eisenkunstguss-Museum, Sayn, Bendorf<\/td><\/tr><tr><td>2012<\/td><td>Kulturhof Kr\u00f6nbacken, Erfurt<br>Kunstraum 22, K\u00f6ln<br>20 Jahre ark, K\u00fcnstlerhaus Metternich, Koblenz<\/td><\/tr><tr><td>2011<\/td><td>K\u00fcnstleraustausch Koblenz-Norwich, Norwich (GB)<br>Kunstraum Bernustrasse, Frankfurt<\/td><\/tr><tr><td>2010<\/td><td>Henn Art Galerie, Maastricht (NL)<br>HLP Galerie, K\u00f6ln<br>Th\u00fcringer Chinatage -Dialog IV Jena-Beijing ark, Jena<\/td><\/tr><tr><td>2009<\/td><td>4 K\u00fcnstler der AKM, mit Becker, Riedel, Ritter und Rump, K\u00fcnstlerhaus Metternich, Koblenz<br>PoesieKunst-KunstPoesie, K\u00fcnstlerhaus Metternich, Koblenz<br>Reise um die Welt, mit Lilli Engel und Raffael Rheinsberg, Mittelstrimmig<\/td><\/tr><tr><td>2008<\/td><td>60 jahre form+farbe, AKM, K\u00fcnstlerhaus Metternich, Koblenz<br>Kunstprogramm zur Olympiade, ark, Galerie Art Guide Magazin Beijing<\/td><\/tr><tr><td>seit 1996<\/td><td>Teilnahme an den Jahresausstellungen form+farbe und Aschermittwoch der K\u00fcnstler,<br>AKM K\u00fcnstlerhaus Metternich, Koblenz<\/td><\/tr><\/tbody><\/table><\/figure>\n\n\n\n<h2 class=\"wp-block-heading\">Lebt und arbeitet in:<\/h2>\n\n\n\n<p>Koblenzer Stra\u00dfe 210 \u2022 56154 Boppard<br>Tel.: 06742 &#8211; 45 97 \u2022 aloysrump@online.de<br>www.aloysrump.de<\/p>\n\n\n\n<p class=\"has-text-align-center\">Himmelsk\u00f6rper 14 2013, Schwarzes Oxid, Marmorstaub auf B\u00fctten, 60 x 60 cm<\/p>\n\n\n\n<div class=\"wp-block-image\"><figure class=\"aligncenter size-full is-resized\"><img decoding=\"async\" src=\"https:\/\/www.akm-koblenz.de\/wp-content\/uploads\/2022\/05\/1.jpg\" alt=\"\" class=\"wp-image-492\" width=\"400\" srcset=\"https:\/\/www.akm-koblenz.de\/wp-content\/uploads\/2022\/05\/1.jpg 442w, https:\/\/www.akm-koblenz.de\/wp-content\/uploads\/2022\/05\/1-300x300.jpg 300w, https:\/\/www.akm-koblenz.de\/wp-content\/uploads\/2022\/05\/1-200x200.jpg 200w, https:\/\/www.akm-koblenz.de\/wp-content\/uploads\/2022\/05\/1-100x100.jpg 100w\" sizes=\"(max-width: 442px) 100vw, 442px\" \/><\/figure><\/div>\n\n\n\n<p class=\"has-text-align-center\">Himmelsk\u00f6rper 15 2013, Schwarzes Oxid, Marmorstaub auf B\u00fctten, 60 x 60 cm<\/p>\n\n\n\n<div class=\"wp-block-image\"><figure class=\"aligncenter size-full is-resized\"><img decoding=\"async\" src=\"https:\/\/www.akm-koblenz.de\/wp-content\/uploads\/2022\/05\/2.jpg\" alt=\"\" class=\"wp-image-493\" width=\"400\" srcset=\"https:\/\/www.akm-koblenz.de\/wp-content\/uploads\/2022\/05\/2.jpg 442w, https:\/\/www.akm-koblenz.de\/wp-content\/uploads\/2022\/05\/2-300x300.jpg 300w, https:\/\/www.akm-koblenz.de\/wp-content\/uploads\/2022\/05\/2-200x200.jpg 200w, https:\/\/www.akm-koblenz.de\/wp-content\/uploads\/2022\/05\/2-100x100.jpg 100w\" sizes=\"(max-width: 442px) 100vw, 442px\" \/><\/figure><\/div>\n\n\n\n<p class=\"has-text-align-center\">Himmelsk\u00f6rper 16 2013, Schwarzes Oxid, Marmorstaub auf B\u00fctten, 60 x 60 cm<\/p>\n\n\n\n<div class=\"wp-block-image\"><figure class=\"aligncenter size-full is-resized\"><img decoding=\"async\" src=\"https:\/\/www.akm-koblenz.de\/wp-content\/uploads\/2022\/05\/3.jpg\" alt=\"\" class=\"wp-image-494\" width=\"400\" srcset=\"https:\/\/www.akm-koblenz.de\/wp-content\/uploads\/2022\/05\/3.jpg 443w, https:\/\/www.akm-koblenz.de\/wp-content\/uploads\/2022\/05\/3-300x300.jpg 300w, https:\/\/www.akm-koblenz.de\/wp-content\/uploads\/2022\/05\/3-200x200.jpg 200w, https:\/\/www.akm-koblenz.de\/wp-content\/uploads\/2022\/05\/3-100x100.jpg 100w\" sizes=\"(max-width: 443px) 100vw, 443px\" \/><\/figure><\/div>\n","protected":false},"excerpt":{"rendered":"<p>1949 geboren in Boppard 1970 &#8211; 1974 Studium an der Kunstakademie D\u00fcsseldorf bei Peter Br\u00fcning und Gerhard Richter 1974 &#8211; 1978 Studium an der Hochschule der K\u00fcnste Berlin bei Fred Thielerlebt und arbeitet in Boppard Mitgliedschaften AKM, Arbeitsgemeinschaft bildender K\u00fcnstler am Mittelrhein, Koblenzark, arbeitsgruppe rheinland-pf\u00e4lzischer K\u00fcnstlerBBK, Berufsverband Bildender K\u00fcnstler, Rheinland-Pfalz Einzelausstellungen (Auswahl) 2013 Kunst am &hellip; <\/p>\n<p class=\"link-more\"><a href=\"https:\/\/www.akm-koblenz.de\/index.php\/mitglieder\/aloys-rump\/\" class=\"more-link\">Continue reading<span class=\"screen-reader-text\"> &#8220;ALOYS RUMP&#8221;<\/span><\/a><\/p>\n","protected":false},"author":1,"featured_media":0,"parent":92,"menu_order":0,"comment_status":"closed","ping_status":"closed","template":"","meta":{"footnotes":""},"class_list":["post-490","page","type-page","status-publish","hentry"],"_links":{"self":[{"href":"https:\/\/www.akm-koblenz.de\/index.php\/wp-json\/wp\/v2\/pages\/490","targetHints":{"allow":["GET"]}}],"collection":[{"href":"https:\/\/www.akm-koblenz.de\/index.php\/wp-json\/wp\/v2\/pages"}],"about":[{"href":"https:\/\/www.akm-koblenz.de\/index.php\/wp-json\/wp\/v2\/types\/page"}],"author":[{"embeddable":true,"href":"https:\/\/www.akm-koblenz.de\/index.php\/wp-json\/wp\/v2\/users\/1"}],"replies":[{"embeddable":true,"href":"https:\/\/www.akm-koblenz.de\/index.php\/wp-json\/wp\/v2\/comments?post=490"}],"version-history":[{"count":1,"href":"https:\/\/www.akm-koblenz.de\/index.php\/wp-json\/wp\/v2\/pages\/490\/revisions"}],"predecessor-version":[{"id":495,"href":"https:\/\/www.akm-koblenz.de\/index.php\/wp-json\/wp\/v2\/pages\/490\/revisions\/495"}],"up":[{"embeddable":true,"href":"https:\/\/www.akm-koblenz.de\/index.php\/wp-json\/wp\/v2\/pages\/92"}],"wp:attachment":[{"href":"https:\/\/www.akm-koblenz.de\/index.php\/wp-json\/wp\/v2\/media?parent=490"}],"curies":[{"name":"wp","href":"https:\/\/api.w.org\/{rel}","templated":true}]}}