{"id":49,"date":"2020-08-21T19:26:17","date_gmt":"2020-08-21T19:26:17","guid":{"rendered":"http:\/\/akm-test.bensalem.de\/?page_id=49"},"modified":"2023-12-02T10:08:22","modified_gmt":"2023-12-02T09:08:22","slug":"vorstand","status":"publish","type":"page","link":"https:\/\/www.akm-koblenz.de\/index.php\/vorstand\/","title":{"rendered":"Vorstand"},"content":{"rendered":"\n<div class=\"wp-block-columns is-layout-flex wp-container-core-columns-is-layout-1 wp-block-columns-is-layout-flex\">\n<div class=\"wp-block-column is-layout-flow wp-block-column-is-layout-flow\">\n<div class=\"wp-block-image\"><figure class=\"aligncenter size-thumbnail\"><img loading=\"lazy\" decoding=\"async\" width=\"200\" height=\"200\" src=\"http:\/\/localhost\/wp-content\/uploads\/2021\/10\/8512a0b241f9e10dbc64d0e4e77a8e24-1-200x200.jpg\" alt=\"\" class=\"wp-image-179\" srcset=\"https:\/\/www.akm-koblenz.de\/wp-content\/uploads\/2021\/10\/8512a0b241f9e10dbc64d0e4e77a8e24-1-200x200.jpg 200w, https:\/\/www.akm-koblenz.de\/wp-content\/uploads\/2021\/10\/8512a0b241f9e10dbc64d0e4e77a8e24-1-300x300.jpg 300w, https:\/\/www.akm-koblenz.de\/wp-content\/uploads\/2021\/10\/8512a0b241f9e10dbc64d0e4e77a8e24-1-100x100.jpg 100w, https:\/\/www.akm-koblenz.de\/wp-content\/uploads\/2021\/10\/8512a0b241f9e10dbc64d0e4e77a8e24-1.jpg 590w\" sizes=\"auto, (max-width: 200px) 100vw, 200px\" \/><\/figure><\/div>\n\n\n\n<p class=\"has-text-align-center\"><strong>Violetta Richard<\/strong><\/p>\n<\/div>\n\n\n\n<div class=\"wp-block-column is-layout-flow wp-block-column-is-layout-flow\">\n<div class=\"wp-block-image\"><figure class=\"aligncenter size-thumbnail\"><img loading=\"lazy\" decoding=\"async\" width=\"200\" height=\"200\" src=\"http:\/\/localhost\/wp-content\/uploads\/2021\/10\/d635abc5b1c8b70ddb08dc2aa9c1d221-200x200.jpg\" alt=\"\" class=\"wp-image-178\" srcset=\"https:\/\/www.akm-koblenz.de\/wp-content\/uploads\/2021\/10\/d635abc5b1c8b70ddb08dc2aa9c1d221-200x200.jpg 200w, https:\/\/www.akm-koblenz.de\/wp-content\/uploads\/2021\/10\/d635abc5b1c8b70ddb08dc2aa9c1d221.jpg 300w, https:\/\/www.akm-koblenz.de\/wp-content\/uploads\/2021\/10\/d635abc5b1c8b70ddb08dc2aa9c1d221-100x100.jpg 100w\" sizes=\"auto, (max-width: 200px) 100vw, 200px\" \/><\/figure><\/div>\n\n\n\n<p class=\"has-text-align-center\"><strong>Kyra Spieker<\/strong><\/p>\n<\/div>\n\n\n\n<div class=\"wp-block-column is-layout-flow wp-block-column-is-layout-flow\">\n<div class=\"wp-block-image\"><figure class=\"aligncenter size-thumbnail\"><img loading=\"lazy\" decoding=\"async\" width=\"200\" height=\"200\" src=\"https:\/\/www.akm-koblenz.de\/wp-content\/uploads\/2022\/01\/lena_feldmann-1-200x200.jpg\" alt=\"\" class=\"wp-image-237\" srcset=\"https:\/\/www.akm-koblenz.de\/wp-content\/uploads\/2022\/01\/lena_feldmann-1-200x200.jpg 200w, https:\/\/www.akm-koblenz.de\/wp-content\/uploads\/2022\/01\/lena_feldmann-1-300x300.jpg 300w, https:\/\/www.akm-koblenz.de\/wp-content\/uploads\/2022\/01\/lena_feldmann-1-768x767.jpg 768w, https:\/\/www.akm-koblenz.de\/wp-content\/uploads\/2022\/01\/lena_feldmann-1-100x100.jpg 100w, https:\/\/www.akm-koblenz.de\/wp-content\/uploads\/2022\/01\/lena_feldmann-1.jpg 960w\" sizes=\"auto, (max-width: 200px) 100vw, 200px\" \/><\/figure><\/div>\n\n\n\n<p class=\"has-text-align-center\"><strong>Lena Feldmann<\/strong><\/p>\n<\/div>\n<\/div>\n\n\n\n<h2 class=\"wp-block-heading\"><strong>Der Vorstand<\/strong><\/h2>\n\n\n\n<p>Die Position der bildenden Kunst in der Gesellschaft hat sich in den letzten Jahren sehr ver\u00e4ndert. Es gibt neue Medien der Informationsbeschaffung und der Kommunikation, der Kunstvermittlung, der Kunstf\u00f6rderungen und der Vermarktung. So sind die Aufgaben f\u00fcr einen K\u00fcnstlerverein z.T. sehr komplex und umfangreich geworden und f\u00fcr eine\/n 1. Vorsitzende\/n praktisch nicht mehr im Ehrenamt zu bew\u00e4ltigen.<\/p>\n\n\n\n<p>Die AKM hat den Begriff Arbeitsgemeinschaft schon in ihrem Namen. So diskutieren wir seit 2019 die Themen, die den Verein und seine Rolle innerhalb der Kulturlandschaft der Stadt Koblenz betreffen, in einem erweiterten Vorstand aus +\/- zehn gleichberechtigten Mitgliedern. Zur Zeit sind es neben Violetta Richard, Lena Feldmann, Kyra Spieker, auch Juliane Gottwald, Sophia Pechau, Markus Redert, Cornelia R\u00f6\u00dfler, Heike Schumacher, Lea Sprenger, Matthias Strugalla und Uli Westerfr\u00f6lke.<\/p>\n\n\n\n<p>In zeitlich kurzen Abst\u00e4nden treffen wir uns digital und analog. Dadurch steht uns ein schier unersch\u00f6pflicher Ideenpool zur Verf\u00fcgung. Alle Themen landen auf einem gemeinsamen Schreibtisch, alle Entscheidungen werden gemeinsam getroffen. Diese Art zu arbeiten ist zum einen sehr inspirierend und macht ungeheuer viel Spa\u00df, zum anderen bietet sie gr\u00f6\u00dftm\u00f6glichen Konsens und Transparenz, was ein gro\u00dfes Kraftpotential freisetzt.<\/p>\n\n\n\n<p>Das Haus Metternich in Koblenz ist ein wichtiger Begegnungsort f\u00fcr die freie Kunstszene und die Jugend(kultur)arbeit in Koblenz. Die Arbeit der AKM bestand in den vergangenen Jahren vorwiegend in der Ausrichtung von Ausstellungen der Werke von Vereinsmitgliedern sowie Gastk\u00fcnstler*innen im K\u00fcnstlerhaus Metternich als Stammsitz.<\/p>\n\n\n\n<p>Als K\u00fcnstlerverein sind wir zunehmend in dem Dilemma, dass wir zwar Kunstausstellungen ausrichten, aber viele Zeitgenossen die Sprache der Kunst scheinbar nicht mehr verstehen und wertsch\u00e4tzen. Digitale Medien haben in den letzten Jahren immer mehr Raum eingenommen. Das ist in vielen Bereichen sicherlich eine Hilfe und Bereicherung. Das Kunsterlebnis ist allerdings eine sinnliche Erfahrung, die in der Gef\u00fchlswelt des jeweiligen Kunstrezipienten, im direkten Kontakt mit dem Werk entsteht.<\/p>\n\n\n\n<p>W\u00e4hrend der beiden zur\u00fcckliegenden Lockdowns in 2020 und 2021 wurde in der Presse auffallend oft der Verlust an Kultur in ihrer Funktion von Unterhaltung beklagt \u2013 in manchen Artikeln wurde sogar aufgefordert, Kunst zu erwerben, um die Wohnungen zu versch\u00f6nern. Man kann Kunst nicht auf Dekoration und Unterhaltung reduzieren. Diese Aspekte gehen am haupts\u00e4chlichen Wert von Kunst f\u00fcr eine Gesellschaft und f\u00fcr das Individuum vorbei und machen das verbreitete Unverst\u00e4ndnis deutlich.<\/p>\n\n\n\n<p>Die Pandemie und die damit einhergehenden Einschr\u00e4nkungen des pers\u00f6nlichen und urbanen Lebens in dem zur\u00fcckliegenden Jahr machen signifikante gesellschaftliche Ver\u00e4nderungen sichtbar. Es wird nicht ausreichen, den Zustand vor der Pandemie anzustreben. Es geht um eine nachhaltige Wiederbelebung des kulturellen Lebens und Miteinander. Kunst muss erlebt werden und hat die M\u00f6glichkeit Strukturen zu beleuchten und neu auszurichten. Im Zusammenwirken und in einem offenen prozessorientierten Diskurs wollen wir soziale, kulturelle und musische M\u00f6glichkeits &#8211; R\u00e4ume des Dialogs im Haus Metternich und au\u00dferhalb platzieren. Wir m\u00fcssen das urbane Leben und demokratische partizipative Diskurse st\u00e4rken, welche \u00fcber den Ausnahmezustand hinaus wirken k\u00f6nnen.<\/p>\n\n\n\n<p>Bestehende Kooperationen, wie mit dem Mittelrhein Museum und der damit verbundenen Ausstellung des AKM Preises, sowie mit der \u00d6kumene Koblenz und der GDKE werden dankend \u00fcbernommen. Bew\u00e4hrte Ausstellungsformate (Aschermittwoch der K\u00fcnstler \/ Ein Teil des Ganzen, form+farbe, Museumsnacht Koblenz und Ausstellungen in der Festungskirche \/ Herz-Jesu-Kirche) werden durch eine verst\u00e4rkte sparten\u00fcbergreifende Zusammenarbeit mit anderen Kulturinstitutionen, wie der Jugendbegegnungssta\u0308tte JBS im Haus Metternich, dem Theater sowie anderen Kunstvereinen usw. erweitert.<\/p>\n\n\n\n<p>Wir erhoffen uns durch die weitere \u00d6ffnung in die Stadt Koblenz hinein, insbesondere zu Jugendbildungseinrichtungen ein reiches und nachhaltiges Kunsterlebnis zu f\u00f6rdern, welches auch die Voraussetzung einer angemessenen Wertsch\u00e4tzung k\u00fcnstlerischer Arbeit ist und die junge Generation mit ihren Fragen und Belangen einbindet.<\/p>\n\n\n\n<p>Auf eine gute Zusammenarbeit und mit herzlichen Gr\u00fc\u00dfen!<\/p>\n\n\n\n<p>Violetta Richard &#8211; info@violetta-richard.de, mobil 0176 6105 4139<br>Kyra Spieker &#8211; kyraspieker@t-online.de, mobil 0176 3638 7396<br>Lena Feldmann &#8211; lenafeldmann@gmail.com, mobil 0179 8330 712<\/p>\n","protected":false},"excerpt":{"rendered":"<p>Violetta Richard Kyra Spieker Lena Feldmann Der Vorstand Die Position der bildenden Kunst in der Gesellschaft hat sich in den letzten Jahren sehr ver\u00e4ndert. Es gibt neue Medien der Informationsbeschaffung und der Kommunikation, der Kunstvermittlung, der Kunstf\u00f6rderungen und der Vermarktung. So sind die Aufgaben f\u00fcr einen K\u00fcnstlerverein z.T. sehr komplex und umfangreich geworden und f\u00fcr &hellip; <\/p>\n<p class=\"link-more\"><a href=\"https:\/\/www.akm-koblenz.de\/index.php\/vorstand\/\" class=\"more-link\">Continue reading<span class=\"screen-reader-text\"> &#8220;Vorstand&#8221;<\/span><\/a><\/p>\n","protected":false},"author":1,"featured_media":0,"parent":0,"menu_order":0,"comment_status":"closed","ping_status":"closed","template":"","meta":{"footnotes":""},"class_list":["post-49","page","type-page","status-publish","hentry"],"_links":{"self":[{"href":"https:\/\/www.akm-koblenz.de\/index.php\/wp-json\/wp\/v2\/pages\/49","targetHints":{"allow":["GET"]}}],"collection":[{"href":"https:\/\/www.akm-koblenz.de\/index.php\/wp-json\/wp\/v2\/pages"}],"about":[{"href":"https:\/\/www.akm-koblenz.de\/index.php\/wp-json\/wp\/v2\/types\/page"}],"author":[{"embeddable":true,"href":"https:\/\/www.akm-koblenz.de\/index.php\/wp-json\/wp\/v2\/users\/1"}],"replies":[{"embeddable":true,"href":"https:\/\/www.akm-koblenz.de\/index.php\/wp-json\/wp\/v2\/comments?post=49"}],"version-history":[{"count":10,"href":"https:\/\/www.akm-koblenz.de\/index.php\/wp-json\/wp\/v2\/pages\/49\/revisions"}],"predecessor-version":[{"id":922,"href":"https:\/\/www.akm-koblenz.de\/index.php\/wp-json\/wp\/v2\/pages\/49\/revisions\/922"}],"wp:attachment":[{"href":"https:\/\/www.akm-koblenz.de\/index.php\/wp-json\/wp\/v2\/media?parent=49"}],"curies":[{"name":"wp","href":"https:\/\/api.w.org\/{rel}","templated":true}]}}