{"id":47,"date":"2020-08-21T19:08:59","date_gmt":"2020-08-21T19:08:59","guid":{"rendered":"http:\/\/akm-test.bensalem.de\/?page_id=47"},"modified":"2020-08-21T19:08:59","modified_gmt":"2020-08-21T19:08:59","slug":"leitspruch","status":"publish","type":"page","link":"https:\/\/www.akm-koblenz.de\/index.php\/leitspruch\/","title":{"rendered":"Leitspruch"},"content":{"rendered":"\n<p class=\"has-text-align-center\">Die Arbeitsgemeinschaft bildender K\u00fcnstler am Mittelrhein<\/p>\n\n\n\n<p class=\"has-text-align-center\">ist der freie Zusammenschluss einiger<br>zwanzig Maler und Bildhauer des<br>Hunsr\u00fccks, der Eifel und des Westerwaldes,<br>um gemeinsam auszustellen.<br>Sie umschlie\u00dft drei Generationen.<br>Ihre Bindung beruht auf gegenseitiger Wertsch\u00e4tzung.<\/p>\n\n\n\n<p class=\"has-text-align-center\">Aus dem 1. Katalog der AKM, 1949.<\/p>\n","protected":false},"excerpt":{"rendered":"<p>Die Arbeitsgemeinschaft bildender K\u00fcnstler am Mittelrhein ist der freie Zusammenschluss einigerzwanzig Maler und Bildhauer desHunsr\u00fccks, der Eifel und des Westerwaldes,um gemeinsam auszustellen.Sie umschlie\u00dft drei Generationen.Ihre Bindung beruht auf gegenseitiger Wertsch\u00e4tzung. Aus dem 1. Katalog der AKM, 1949.<\/p>\n","protected":false},"author":1,"featured_media":0,"parent":0,"menu_order":0,"comment_status":"closed","ping_status":"closed","template":"","meta":{"footnotes":""},"class_list":["post-47","page","type-page","status-publish","hentry"],"_links":{"self":[{"href":"https:\/\/www.akm-koblenz.de\/index.php\/wp-json\/wp\/v2\/pages\/47","targetHints":{"allow":["GET"]}}],"collection":[{"href":"https:\/\/www.akm-koblenz.de\/index.php\/wp-json\/wp\/v2\/pages"}],"about":[{"href":"https:\/\/www.akm-koblenz.de\/index.php\/wp-json\/wp\/v2\/types\/page"}],"author":[{"embeddable":true,"href":"https:\/\/www.akm-koblenz.de\/index.php\/wp-json\/wp\/v2\/users\/1"}],"replies":[{"embeddable":true,"href":"https:\/\/www.akm-koblenz.de\/index.php\/wp-json\/wp\/v2\/comments?post=47"}],"version-history":[{"count":1,"href":"https:\/\/www.akm-koblenz.de\/index.php\/wp-json\/wp\/v2\/pages\/47\/revisions"}],"predecessor-version":[{"id":48,"href":"https:\/\/www.akm-koblenz.de\/index.php\/wp-json\/wp\/v2\/pages\/47\/revisions\/48"}],"wp:attachment":[{"href":"https:\/\/www.akm-koblenz.de\/index.php\/wp-json\/wp\/v2\/media?parent=47"}],"curies":[{"name":"wp","href":"https:\/\/api.w.org\/{rel}","templated":true}]}}