{"id":455,"date":"2022-04-30T14:06:12","date_gmt":"2022-04-30T13:06:12","guid":{"rendered":"https:\/\/www.akm-koblenz.de\/?page_id=455"},"modified":"2022-04-30T14:06:12","modified_gmt":"2022-04-30T13:06:12","slug":"markus-redert","status":"publish","type":"page","link":"https:\/\/www.akm-koblenz.de\/index.php\/mitglieder\/markus-redert\/","title":{"rendered":"MARKUS REDERT"},"content":{"rendered":"\n<div class=\"wp-block-columns is-layout-flex wp-container-core-columns-is-layout-1 wp-block-columns-is-layout-flex\">\n<div class=\"wp-block-column is-layout-flow wp-block-column-is-layout-flow\" style=\"flex-basis:66.66%\">\n<figure class=\"wp-block-table is-style-stripes\"><table><tbody><tr><td>1967<\/td><td>geboren in Nast\u00e4tten im Taunus<\/td><\/tr><tr><td>1988 &#8211; 1991<\/td><td>Ausbildung als Krankenpfleger<\/td><\/tr><tr><td>1994- 1996<\/td><td>Ausbildung als Werbefotograf<\/td><\/tr><tr><td>1996 &#8211; 2001<\/td><td>Studium Visuelle Kommunikation und Fotodesign, Fachhochschule Bielefeld<br>Diplom Fotodesign der Fachhochschule Bielefeld<\/td><\/tr><tr><td>1999<\/td><td>verschiedene Fotoprojekte<br>Mehrmonatiger USA-Aufenthalt<\/td><\/tr><tr><td>2005-2006<\/td><td>Fotoprojekt Nachtlandschaften,<br>mit Neuseeland-Aufenthalt<\/td><\/tr><tr><td>seit 2001<\/td><td>freiberufliche T\u00e4tigkeit als Fotodesigner,<br>freie Kunstprojekte und Ausstellungen<\/td><\/tr><\/tbody><\/table><\/figure>\n<\/div>\n\n\n\n<div class=\"wp-block-column is-layout-flow wp-block-column-is-layout-flow\" style=\"flex-basis:33.33%\">\n<figure class=\"wp-block-image size-full\"><img loading=\"lazy\" decoding=\"async\" width=\"300\" height=\"300\" src=\"https:\/\/www.akm-koblenz.de\/wp-content\/uploads\/2022\/04\/redert.jpg\" alt=\"\" class=\"wp-image-456\" srcset=\"https:\/\/www.akm-koblenz.de\/wp-content\/uploads\/2022\/04\/redert.jpg 300w, https:\/\/www.akm-koblenz.de\/wp-content\/uploads\/2022\/04\/redert-200x200.jpg 200w, https:\/\/www.akm-koblenz.de\/wp-content\/uploads\/2022\/04\/redert-100x100.jpg 100w\" sizes=\"auto, (max-width: 300px) 100vw, 300px\" \/><\/figure>\n<\/div>\n<\/div>\n\n\n\n<h2 class=\"wp-block-heading\">Kunstpreise und Stipendium<\/h2>\n\n\n\n<figure class=\"wp-block-table is-style-stripes\"><table><tbody><tr><td>2010<\/td><td>Kunstpreis Bundesgartenschau Koblenz<br>2. Platz Wettbewerbsbeitrag<\/td><\/tr><tr><td>2006<\/td><td>Internationale Kunstmesse in Breisach<br>1. Platz und Preis f\u00fcr Fotografie<\/td><\/tr><tr><td>2000 &#8211; 2001<\/td><td>DAAD-Stipendium und Aufenthalt in Australien<\/td><\/tr><\/tbody><\/table><\/figure>\n\n\n\n<h2 class=\"wp-block-heading\">Mitgliedschaften<\/h2>\n\n\n\n<figure class=\"wp-block-table is-style-stripes\"><table><tbody><tr><td>seit 2008<\/td><td>AKM, Arbeitsgemeinschaft Bildender K\u00fcnstler am Mittelrhein, Koblen<\/td><\/tr><\/tbody><\/table><\/figure>\n\n\n\n<h2 class=\"wp-block-heading\">Einzelausstellungen (Auswahl)<\/h2>\n\n\n\n<figure class=\"wp-block-table is-style-stripes\"><table><tbody><tr><td>2016<\/td><td>Landesmuseum Koblenz- Ehrenbreitstein, Haus der Fotografie<br>WESTFRONT &#8211; 16.Juni &#8211; 4.September 2016&nbsp;<\/td><\/tr><tr><td>2014<\/td><td>Festungskirche, Koblenz Ehrenbreitstein<\/td><\/tr><tr><td>2012<\/td><td>Galerie Open, Frankfurt am Main<\/td><\/tr><tr><td>2011<\/td><td>Galerie Kr\u00fcger, Koblenz<\/td><\/tr><tr><td>2010<\/td><td>Kunst im Stift, Stiftungsklinikum Mitterhein, Koblenz<br>Kreishaus Neuwied<br>Galerie Kr\u00fcger, Koblenz<br>Kulturtage Ehrenbreitstein, Coehnenpalais, Koblenz<br>Aschermittwoch der K\u00fcnstler, Herz-Jesu-Kirche, Koblenz<\/td><\/tr><\/tbody><\/table><\/figure>\n\n\n\n<h2 class=\"wp-block-heading\">Ausstellungsbeteiligungen (Auswahl)<\/h2>\n\n\n\n<figure class=\"wp-block-table is-style-stripes\"><table><tbody><tr><td>2017<\/td><td>Zweierausstellung im Abgeordnetenhaus, Mainzer Landtag<\/td><\/tr><tr><td>2016<\/td><td>Ausstellungsbeteiligung Aschermittwoch der K\u00fcnstler, Haus Metternich, Koblenz<\/td><\/tr><tr><td>2015<\/td><td>Ausstellungsbeteiligung zeitgen\u00f6ss.K\u00fcnstler vom Mittelrhein, R\u00f6ntgenmuseum, Neuwied<\/td><\/tr><tr><td>&nbsp;<\/td><td>Ausstellungsbeteiligung &#8220;Form und Farbe&#8221; Koblenz, AKM (Arbeitsgemeinschaft K\u00fcnstler Mittelrhein),&nbsp;<br>Ankauf zweier Arbeiten durch die Landesregierung Rheinland-Pfalz&nbsp;<\/td><\/tr><tr><td>&nbsp;<\/td><td>Teilnahme an den &#8220;Offenen Ateliers&#8221; RLP<\/td><\/tr><tr><td>&nbsp;<\/td><td>Zweierausstellung \u201eSchwarz-Bunt\u201c, Marienkrankenhaus, Neuwied&nbsp;<\/td><\/tr><tr><td>2014<\/td><td>Ausstellungsbeteiligung &#8220;Form und Farbe&#8221; Koblenz, AKM (Arbeitsgemeinschaft K\u00fcnstler Mittelrhein)<\/td><\/tr><tr><td>&nbsp;<\/td><td>Ausstellungsbeteiligung \u201eMit allen Sinnen&#8221;, AKM Koblenz mit F\u00f6rderung durch den Kultursommer RLP<\/td><\/tr><tr><td>&nbsp;<\/td><td>Ausstellungsbeteiligung Kunstverein, Germersheim<\/td><\/tr><tr><td>2013<\/td><td>Fotografie heute, AKM, K\u00fcnstlerhaus Metternich, Koblenz<\/td><\/tr><tr><td>2012<\/td><td>6 Mitglieder der AKM, Volksbank Koblenz<br>zeitgen\u00f6ss. K\u00fcnstler vom Mittelrhein, R\u00f6ntgenmuseum, Neuwied<br>Kunstmesse Mainz<\/td><\/tr><tr><td>2011<\/td><td>Offene Ateliers, Rheinland-Pfalz<br>monrepo, Abtei Rommersdorf, Neuwied<br>4 K\u00fcnstler der AKM, K\u00fcnstlerhaus Metternich, Koblenz<\/td><\/tr><tr><td>2010<\/td><td>zeitgen\u00f6ss.K\u00fcnstler vom Mittelrhein, R\u00f6ntgenmuseum, Neuwied<br>Offene Ateliers, Rheinland-Pfalz<\/td><\/tr><tr><td>2008<\/td><td>60 jahre form+farbe, AKM, K\u00fcnstlerhaus Metternich, Koblenz<\/td><\/tr><tr><td>seit 2008<\/td><td>Teilnahme an den Jahresausstellungen form+farbe und Aschermittwoch der K\u00fcnstler,<br>AKM K\u00fcnstlerhaus Metternich, Koblenz<\/td><\/tr><\/tbody><\/table><\/figure>\n\n\n\n<h2 class=\"wp-block-heading\">Projekte und Wettbewerbe<\/h2>\n\n\n\n<figure class=\"wp-block-table is-style-stripes\"><table><tbody><tr><td>2012<\/td><td>Interview in Landesart, SWR, Mainz<\/td><\/tr><tr><td>2011<\/td><td>Nachtblumen, Kunstprojekt Bundesgartenschau Koblenz<\/td><\/tr><tr><td>2007-2012<\/td><td>Fotografische Langzeitprojekte:<br>Nachtpanoramen<br>Nachtspiegelung<br>Nachtblumen<br>Nachtfabrik<br>Nachtlandschaften<\/td><\/tr><tr><td>2006<\/td><td>Nachtdschungel, Fotoprojekt<\/td><\/tr><\/tbody><\/table><\/figure>\n\n\n\n<h2 class=\"wp-block-heading\">Arbeiten in \u00f6ffentlichen Institutionen undprivaten Sammlungen<\/h2>\n\n\n\n<figure class=\"wp-block-table is-style-stripes\"><table><tbody><tr><td>2010<\/td><td>Ankauf und Dauerausstellung einer Serie,<br>Jung &#8211; Stilling &#8211; Krankenhaus, Siegen<\/td><\/tr><tr><td>2008<\/td><td>Ankauf und Dauerausstellung einer Serie,<br>Kultusministerium Mainz<br>Ankauf und Dauerausstellung einer Serie,<br>Stiftungsklinikum Mitterhein, Koblenz<\/td><\/tr><tr><td>2004<\/td><td>Ankauf und Dauerausstellung einer Serie,<br>Stadt Koblenz, Bauberatungszentrum<\/td><\/tr><tr><td>2004 &#8211; 2011<\/td><td>Weitere Ank\u00e4ufe von privaten Sammlern<\/td><\/tr><\/tbody><\/table><\/figure>\n\n\n\n<h2 class=\"wp-block-heading\">Publikationen<\/h2>\n\n\n\n<figure class=\"wp-block-table is-style-stripes\"><table><tbody><tr><td>2005 -2012<\/td><td>Ausstellungskatalog form+farbe, AKM, Koblenz<\/td><\/tr><tr><td>2005<\/td><td>Ausstellungskatalog Galerie Schneeschweinchen, Straelen<\/td><\/tr><tr><td>1997<\/td><td>Ausstellungskatalog Herz, Dominikanerkirche, Frankfurt<\/td><\/tr><\/tbody><\/table><\/figure>\n\n\n\n<h2 class=\"wp-block-heading\">Lebt und arbeitet in:<\/h2>\n\n\n\n<p>Allee Stra\u00dfe 29 \u2022 56566 Neuwied<br>Tel.: 026 22 &#8211; 69 69 \u2022 mared43@web.de<br>www.markusredert.de<\/p>\n\n\n\n<p class=\"has-text-align-center\">Nachtbunker 2013, C- Print, 40 x 50 cm<\/p>\n\n\n\n<div class=\"wp-block-image\"><figure class=\"aligncenter size-full is-resized\"><img decoding=\"async\" src=\"https:\/\/www.akm-koblenz.de\/wp-content\/uploads\/2022\/04\/1-8.jpg\" alt=\"\" class=\"wp-image-457\" width=\"400\" srcset=\"https:\/\/www.akm-koblenz.de\/wp-content\/uploads\/2022\/04\/1-8.jpg 442w, https:\/\/www.akm-koblenz.de\/wp-content\/uploads\/2022\/04\/1-8-300x202.jpg 300w\" sizes=\"(max-width: 442px) 100vw, 442px\" \/><\/figure><\/div>\n\n\n\n<p class=\"has-text-align-center\">Nachtbunker 2013, C- Print, 40 x 50 cm<\/p>\n\n\n\n<div class=\"wp-block-image\"><figure class=\"aligncenter size-full is-resized\"><img decoding=\"async\" src=\"https:\/\/www.akm-koblenz.de\/wp-content\/uploads\/2022\/04\/2-8.jpg\" alt=\"\" class=\"wp-image-458\" width=\"400\" srcset=\"https:\/\/www.akm-koblenz.de\/wp-content\/uploads\/2022\/04\/2-8.jpg 442w, https:\/\/www.akm-koblenz.de\/wp-content\/uploads\/2022\/04\/2-8-300x202.jpg 300w\" sizes=\"(max-width: 442px) 100vw, 442px\" \/><\/figure><\/div>\n\n\n\n<p class=\"has-text-align-center\">Nachtbunker 2013, C- Print, 40 x 50 cm<\/p>\n\n\n\n<div class=\"wp-block-image\"><figure class=\"aligncenter size-full is-resized\"><img decoding=\"async\" src=\"https:\/\/www.akm-koblenz.de\/wp-content\/uploads\/2022\/04\/3-7.jpg\" alt=\"\" class=\"wp-image-459\" width=\"400\" srcset=\"https:\/\/www.akm-koblenz.de\/wp-content\/uploads\/2022\/04\/3-7.jpg 442w, https:\/\/www.akm-koblenz.de\/wp-content\/uploads\/2022\/04\/3-7-300x202.jpg 300w\" sizes=\"(max-width: 442px) 100vw, 442px\" \/><\/figure><\/div>\n","protected":false},"excerpt":{"rendered":"<p>1967 geboren in Nast\u00e4tten im Taunus 1988 &#8211; 1991 Ausbildung als Krankenpfleger 1994- 1996 Ausbildung als Werbefotograf 1996 &#8211; 2001 Studium Visuelle Kommunikation und Fotodesign, Fachhochschule BielefeldDiplom Fotodesign der Fachhochschule Bielefeld 1999 verschiedene FotoprojekteMehrmonatiger USA-Aufenthalt 2005-2006 Fotoprojekt Nachtlandschaften,mit Neuseeland-Aufenthalt seit 2001 freiberufliche T\u00e4tigkeit als Fotodesigner,freie Kunstprojekte und Ausstellungen Kunstpreise und Stipendium 2010 Kunstpreis Bundesgartenschau Koblenz2. &hellip; <\/p>\n<p class=\"link-more\"><a href=\"https:\/\/www.akm-koblenz.de\/index.php\/mitglieder\/markus-redert\/\" class=\"more-link\">Continue reading<span class=\"screen-reader-text\"> &#8220;MARKUS REDERT&#8221;<\/span><\/a><\/p>\n","protected":false},"author":1,"featured_media":0,"parent":92,"menu_order":0,"comment_status":"closed","ping_status":"closed","template":"","meta":{"footnotes":""},"class_list":["post-455","page","type-page","status-publish","hentry"],"_links":{"self":[{"href":"https:\/\/www.akm-koblenz.de\/index.php\/wp-json\/wp\/v2\/pages\/455","targetHints":{"allow":["GET"]}}],"collection":[{"href":"https:\/\/www.akm-koblenz.de\/index.php\/wp-json\/wp\/v2\/pages"}],"about":[{"href":"https:\/\/www.akm-koblenz.de\/index.php\/wp-json\/wp\/v2\/types\/page"}],"author":[{"embeddable":true,"href":"https:\/\/www.akm-koblenz.de\/index.php\/wp-json\/wp\/v2\/users\/1"}],"replies":[{"embeddable":true,"href":"https:\/\/www.akm-koblenz.de\/index.php\/wp-json\/wp\/v2\/comments?post=455"}],"version-history":[{"count":1,"href":"https:\/\/www.akm-koblenz.de\/index.php\/wp-json\/wp\/v2\/pages\/455\/revisions"}],"predecessor-version":[{"id":460,"href":"https:\/\/www.akm-koblenz.de\/index.php\/wp-json\/wp\/v2\/pages\/455\/revisions\/460"}],"up":[{"embeddable":true,"href":"https:\/\/www.akm-koblenz.de\/index.php\/wp-json\/wp\/v2\/pages\/92"}],"wp:attachment":[{"href":"https:\/\/www.akm-koblenz.de\/index.php\/wp-json\/wp\/v2\/media?parent=455"}],"curies":[{"name":"wp","href":"https:\/\/api.w.org\/{rel}","templated":true}]}}