{"id":405,"date":"2022-04-30T13:15:54","date_gmt":"2022-04-30T12:15:54","guid":{"rendered":"https:\/\/www.akm-koblenz.de\/?page_id=405"},"modified":"2022-04-30T13:15:54","modified_gmt":"2022-04-30T12:15:54","slug":"andreas-kohler","status":"publish","type":"page","link":"https:\/\/www.akm-koblenz.de\/index.php\/mitglieder\/andreas-kohler\/","title":{"rendered":"ANDREAS K\u00d6HLER"},"content":{"rendered":"\n<div class=\"wp-block-columns is-layout-flex wp-container-core-columns-is-layout-1 wp-block-columns-is-layout-flex\">\n<div class=\"wp-block-column is-layout-flow wp-block-column-is-layout-flow\" style=\"flex-basis:66.66%\">\n<figure class=\"wp-block-table is-style-stripes\"><table><tbody><tr><td>1974<\/td><td>geboren in Wernigerode im Harz<\/td><\/tr><tr><td>1994 &#8211; 1998<\/td><td>studierte er Rechtswissenschaften, um sich dann ganz dem Film und der Fotografie zu zuwenden<\/td><\/tr><tr><td>2001 &#8211; 2006 &nbsp; &nbsp; &nbsp; &nbsp; &nbsp;<\/td><td>folgte ein Studium der Filmkamera und Fotografie in Dortmund, das er mit Auszeichnung abschloss<br>Seitdem lebt und arbeitet er in K\u00f6ln als freier Kameramann f\u00fcr international pr\u00e4mierte<br>Spiel- und Dokumentarfilme.<\/td><\/tr><\/tbody><\/table><\/figure>\n<\/div>\n\n\n\n<div class=\"wp-block-column is-layout-flow wp-block-column-is-layout-flow\" style=\"flex-basis:33.33%\">\n<figure class=\"wp-block-image size-full\"><img loading=\"lazy\" decoding=\"async\" width=\"300\" height=\"300\" src=\"https:\/\/www.akm-koblenz.de\/wp-content\/uploads\/2022\/04\/koehler.jpg\" alt=\"\" class=\"wp-image-406\" srcset=\"https:\/\/www.akm-koblenz.de\/wp-content\/uploads\/2022\/04\/koehler.jpg 300w, https:\/\/www.akm-koblenz.de\/wp-content\/uploads\/2022\/04\/koehler-200x200.jpg 200w, https:\/\/www.akm-koblenz.de\/wp-content\/uploads\/2022\/04\/koehler-100x100.jpg 100w\" sizes=\"auto, (max-width: 300px) 100vw, 300px\" \/><\/figure>\n<\/div>\n<\/div>\n\n\n\n<h2 class=\"wp-block-heading\">Kunstpreise<\/h2>\n\n\n\n<figure class=\"wp-block-table is-style-stripes\"><table><tbody><tr><td>2012<\/td><td>Deutscher Kamerapreis<\/td><\/tr><\/tbody><\/table><\/figure>\n\n\n\n<h2 class=\"wp-block-heading\">Einzelausstellungen<\/h2>\n\n\n\n<figure class=\"wp-block-table is-style-stripes\"><table><tbody><tr><td>2012<\/td><td>Fl\u00fcchtigkeiten, Malzfabrik Berlin<\/td><\/tr><\/tbody><\/table><\/figure>\n\n\n\n<h2 class=\"wp-block-heading\">Ausstellungsbeteiligungen<\/h2>\n\n\n\n<figure class=\"wp-block-table is-style-stripes\"><table><tbody><tr><td>2012<\/td><td>Aschermittwoch der K\u00fcnstler, AKM K\u00fcnstleraus Metternich, Koblenz<br>Fotografie heute, Fotografische Position,<br>AKM K\u00fcnstlerhaus Haus Metternich, Koblenz<\/td><\/tr><\/tbody><\/table><\/figure>\n\n\n\n<h2 class=\"wp-block-heading\">Lebt und arbeitet in:<\/h2>\n\n\n\n<p>Riehler Str. 25-27 \u2022 50668 Koln<br>Mobil: 0179 &#8211; 2381120 \u2022 queueler@freenet.de<br>derkoehlerandreas@googlemail.com<\/p>\n\n\n\n<p class=\"has-text-align-center\">temporary adopted home #5 Auflage 3 2011, Lightjet &#8211; Abzug, 21 x 21 cm<\/p>\n\n\n\n<div class=\"wp-block-image\"><figure class=\"aligncenter size-full is-resized\"><img decoding=\"async\" src=\"https:\/\/www.akm-koblenz.de\/wp-content\/uploads\/2022\/04\/1-1.jpg\" alt=\"\" class=\"wp-image-407\" width=\"400\" srcset=\"https:\/\/www.akm-koblenz.de\/wp-content\/uploads\/2022\/04\/1-1.jpg 442w, https:\/\/www.akm-koblenz.de\/wp-content\/uploads\/2022\/04\/1-1-300x300.jpg 300w, https:\/\/www.akm-koblenz.de\/wp-content\/uploads\/2022\/04\/1-1-200x200.jpg 200w, https:\/\/www.akm-koblenz.de\/wp-content\/uploads\/2022\/04\/1-1-100x100.jpg 100w\" sizes=\"(max-width: 442px) 100vw, 442px\" \/><\/figure><\/div>\n\n\n\n<p class=\"has-text-align-center\">temporary adopted home #19 Auflage 3 2012, Lightjet &#8211; Abzug, 21 x 21 cm<\/p>\n\n\n\n<div class=\"wp-block-image\"><figure class=\"aligncenter size-full is-resized\"><img decoding=\"async\" src=\"https:\/\/www.akm-koblenz.de\/wp-content\/uploads\/2022\/04\/2-1.jpg\" alt=\"\" class=\"wp-image-408\" width=\"400\" srcset=\"https:\/\/www.akm-koblenz.de\/wp-content\/uploads\/2022\/04\/2-1.jpg 442w, https:\/\/www.akm-koblenz.de\/wp-content\/uploads\/2022\/04\/2-1-300x300.jpg 300w, https:\/\/www.akm-koblenz.de\/wp-content\/uploads\/2022\/04\/2-1-200x200.jpg 200w, https:\/\/www.akm-koblenz.de\/wp-content\/uploads\/2022\/04\/2-1-100x100.jpg 100w\" sizes=\"(max-width: 442px) 100vw, 442px\" \/><\/figure><\/div>\n\n\n\n<p class=\"has-text-align-center\">temporary adopted home #51 Auflage 3 2013, Lightjet &#8211; Abzug, 21 x 21 cm<\/p>\n\n\n\n<div class=\"wp-block-image\"><figure class=\"aligncenter size-full is-resized\"><img decoding=\"async\" src=\"https:\/\/www.akm-koblenz.de\/wp-content\/uploads\/2022\/04\/3-1.jpg\" alt=\"\" class=\"wp-image-409\" width=\"400\" srcset=\"https:\/\/www.akm-koblenz.de\/wp-content\/uploads\/2022\/04\/3-1.jpg 442w, https:\/\/www.akm-koblenz.de\/wp-content\/uploads\/2022\/04\/3-1-300x300.jpg 300w, https:\/\/www.akm-koblenz.de\/wp-content\/uploads\/2022\/04\/3-1-200x200.jpg 200w, https:\/\/www.akm-koblenz.de\/wp-content\/uploads\/2022\/04\/3-1-100x100.jpg 100w\" sizes=\"(max-width: 442px) 100vw, 442px\" \/><\/figure><\/div>\n","protected":false},"excerpt":{"rendered":"<p>1974 geboren in Wernigerode im Harz 1994 &#8211; 1998 studierte er Rechtswissenschaften, um sich dann ganz dem Film und der Fotografie zu zuwenden 2001 &#8211; 2006 &nbsp; &nbsp; &nbsp; &nbsp; &nbsp; folgte ein Studium der Filmkamera und Fotografie in Dortmund, das er mit Auszeichnung abschlossSeitdem lebt und arbeitet er in K\u00f6ln als freier Kameramann f\u00fcr &hellip; <\/p>\n<p class=\"link-more\"><a href=\"https:\/\/www.akm-koblenz.de\/index.php\/mitglieder\/andreas-kohler\/\" class=\"more-link\">Continue reading<span class=\"screen-reader-text\"> &#8220;ANDREAS K\u00d6HLER&#8221;<\/span><\/a><\/p>\n","protected":false},"author":1,"featured_media":0,"parent":92,"menu_order":0,"comment_status":"closed","ping_status":"closed","template":"","meta":{"footnotes":""},"class_list":["post-405","page","type-page","status-publish","hentry"],"_links":{"self":[{"href":"https:\/\/www.akm-koblenz.de\/index.php\/wp-json\/wp\/v2\/pages\/405","targetHints":{"allow":["GET"]}}],"collection":[{"href":"https:\/\/www.akm-koblenz.de\/index.php\/wp-json\/wp\/v2\/pages"}],"about":[{"href":"https:\/\/www.akm-koblenz.de\/index.php\/wp-json\/wp\/v2\/types\/page"}],"author":[{"embeddable":true,"href":"https:\/\/www.akm-koblenz.de\/index.php\/wp-json\/wp\/v2\/users\/1"}],"replies":[{"embeddable":true,"href":"https:\/\/www.akm-koblenz.de\/index.php\/wp-json\/wp\/v2\/comments?post=405"}],"version-history":[{"count":1,"href":"https:\/\/www.akm-koblenz.de\/index.php\/wp-json\/wp\/v2\/pages\/405\/revisions"}],"predecessor-version":[{"id":410,"href":"https:\/\/www.akm-koblenz.de\/index.php\/wp-json\/wp\/v2\/pages\/405\/revisions\/410"}],"up":[{"embeddable":true,"href":"https:\/\/www.akm-koblenz.de\/index.php\/wp-json\/wp\/v2\/pages\/92"}],"wp:attachment":[{"href":"https:\/\/www.akm-koblenz.de\/index.php\/wp-json\/wp\/v2\/media?parent=405"}],"curies":[{"name":"wp","href":"https:\/\/api.w.org\/{rel}","templated":true}]}}