{"id":348,"date":"2022-03-27T12:16:16","date_gmt":"2022-03-27T11:16:16","guid":{"rendered":"http:\/\/localhost\/?page_id=348"},"modified":"2024-10-15T13:41:17","modified_gmt":"2024-10-15T12:41:17","slug":"kontakt","status":"publish","type":"page","link":"https:\/\/www.akm-koblenz.de\/index.php\/kontakt\/","title":{"rendered":"Anschrift"},"content":{"rendered":"\n<p class=\"has-text-align-center\">Arbeitsgemeinschaft bildender K\u00fcnstler am Mittelrhein e. V.<br>Haus Metternich<br>M\u00fcnzplatz 8<br>56068 Koblenz<\/p>\n\n\n\n<p class=\"has-text-align-center\">akm-koblenz@outlook.com<\/p>\n\n\n\n<h2 class=\"wp-block-heading\">\u00d6ffnungszeiten:<\/h2>\n\n\n\n<p class=\"has-text-align-center\">Donnerstag &#8211; Sonntag:   16:00 &#8211; 19:00 Uhr &#8211; Eintritt frei<\/p>\n","protected":false},"excerpt":{"rendered":"<p>Arbeitsgemeinschaft bildender K\u00fcnstler am Mittelrhein e. V.Haus MetternichM\u00fcnzplatz 856068 Koblenz akm-koblenz@outlook.com \u00d6ffnungszeiten: Donnerstag &#8211; Sonntag: 16:00 &#8211; 19:00 Uhr &#8211; Eintritt frei<\/p>\n","protected":false},"author":1,"featured_media":0,"parent":0,"menu_order":0,"comment_status":"closed","ping_status":"closed","template":"","meta":{"footnotes":""},"class_list":["post-348","page","type-page","status-publish","hentry"],"_links":{"self":[{"href":"https:\/\/www.akm-koblenz.de\/index.php\/wp-json\/wp\/v2\/pages\/348","targetHints":{"allow":["GET"]}}],"collection":[{"href":"https:\/\/www.akm-koblenz.de\/index.php\/wp-json\/wp\/v2\/pages"}],"about":[{"href":"https:\/\/www.akm-koblenz.de\/index.php\/wp-json\/wp\/v2\/types\/page"}],"author":[{"embeddable":true,"href":"https:\/\/www.akm-koblenz.de\/index.php\/wp-json\/wp\/v2\/users\/1"}],"replies":[{"embeddable":true,"href":"https:\/\/www.akm-koblenz.de\/index.php\/wp-json\/wp\/v2\/comments?post=348"}],"version-history":[{"count":17,"href":"https:\/\/www.akm-koblenz.de\/index.php\/wp-json\/wp\/v2\/pages\/348\/revisions"}],"predecessor-version":[{"id":1159,"href":"https:\/\/www.akm-koblenz.de\/index.php\/wp-json\/wp\/v2\/pages\/348\/revisions\/1159"}],"wp:attachment":[{"href":"https:\/\/www.akm-koblenz.de\/index.php\/wp-json\/wp\/v2\/media?parent=348"}],"curies":[{"name":"wp","href":"https:\/\/api.w.org\/{rel}","templated":true}]}}