{"id":299,"date":"2022-02-05T17:36:03","date_gmt":"2022-02-05T16:36:03","guid":{"rendered":"http:\/\/localhost\/?page_id=299"},"modified":"2022-02-05T17:45:15","modified_gmt":"2022-02-05T16:45:15","slug":"karl-heinz-hennerici","status":"publish","type":"page","link":"https:\/\/www.akm-koblenz.de\/index.php\/mitglieder\/karl-heinz-hennerici\/","title":{"rendered":"Karl-Heinz Hennerici"},"content":{"rendered":"\n<div class=\"wp-block-columns is-layout-flex wp-container-core-columns-is-layout-1 wp-block-columns-is-layout-flex\">\n<div class=\"wp-block-column is-layout-flow wp-block-column-is-layout-flow\" style=\"flex-basis:66.66%\">\n<figure class=\"wp-block-table is-style-stripes\"><table><tbody><tr><td>1956<\/td><td>geboren in Eschweiler, Kreis Aachen<\/td><\/tr><tr><td>&nbsp;&nbsp;&nbsp;&nbsp;&nbsp;&nbsp;&nbsp;&nbsp;&nbsp;&nbsp;&nbsp;&nbsp;&nbsp;&nbsp;&nbsp;&nbsp;&nbsp;&nbsp;&nbsp;&nbsp;<\/td><td>K\u00fcnstlerische F\u00f6rderung und Ausbildung durch den Aachener Maler und<br>Grafiker Jupp Kuckartz sowie den Eschweiler Maler Hubert Havenith<\/td><\/tr><tr><td>1980<\/td><td>f\u00fcr die sp\u00e4tere Farbgestaltung entscheidend werdende<br>Reise nach Malaysia.<\/td><\/tr><tr><td>Seit 1973<\/td><td>Einzel- und Gruppenausstellungen im In- und europ\u00e4ischen Ausland.<\/td><\/tr><tr><td>&nbsp;<\/td><td>Arbeiten im \u00f6ffentlichen und privaten Besitz.<\/td><\/tr><\/tbody><\/table><\/figure>\n<\/div>\n\n\n\n<div class=\"wp-block-column is-layout-flow wp-block-column-is-layout-flow\" style=\"flex-basis:33.33%\">\n<figure class=\"wp-block-image size-full\"><img loading=\"lazy\" decoding=\"async\" width=\"300\" height=\"300\" src=\"http:\/\/localhost\/wp-content\/uploads\/2022\/02\/hennerici.jpg\" alt=\"\" class=\"wp-image-300\" srcset=\"https:\/\/www.akm-koblenz.de\/wp-content\/uploads\/2022\/02\/hennerici.jpg 300w, https:\/\/www.akm-koblenz.de\/wp-content\/uploads\/2022\/02\/hennerici-200x200.jpg 200w, https:\/\/www.akm-koblenz.de\/wp-content\/uploads\/2022\/02\/hennerici-100x100.jpg 100w\" sizes=\"auto, (max-width: 300px) 100vw, 300px\" \/><\/figure>\n<\/div>\n<\/div>\n\n\n\n<h2 class=\"wp-block-heading\">Auszeichnungen<\/h2>\n\n\n\n<figure class=\"wp-block-table is-style-stripes\"><table><tbody><tr><td>2001<\/td><td>Kaiser-Lothar-Preistr\u00e4ger<\/td><\/tr><tr><td>1994&nbsp;&nbsp;<\/td><td>Prof. Hanns Altmeier Medaille &#8211; Europam\u00fcnze der EVBK<\/td><\/tr><\/tbody><\/table><\/figure>\n\n\n\n<h2 class=\"wp-block-heading\">Einzelausstellungen<\/h2>\n\n\n\n<figure class=\"wp-block-table is-style-stripes\"><table><tbody><tr><td>1981<\/td><td>erste Einzelausstellung, Eschweiler<\/td><\/tr><tr><td>1989<\/td><td>Baum und Stein, Eschweiler Kunstverein<\/td><\/tr><tr><td>1999<\/td><td>Mit\u00fcberuns LVR, ZV K\u00f6ln<\/td><\/tr><tr><td>2003<\/td><td>Auf den Punkt, Forum f\u00fcr Kunst und Kultur in der Euregio<\/td><\/tr><tr><td>2005<\/td><td>In Liebe zur Farbe, Stadt Pr\u00fcm, Konvikt<\/td><\/tr><tr><td>2011<\/td><td>Zeit zu feiern \u2013 Zeit zu hoffen, Landesbetrieb Stra\u00dfenbau NRW, BS Gelsenkirchen<\/td><\/tr><tr><td>2011<\/td><td>Demo Talbahnhof, Eschweiler Kunstverein<\/td><\/tr><tr><td>2013<\/td><td>sehen-erkennen-umsetzen, Haus Eich, Aachen<\/td><\/tr><tr><td>2013<\/td><td>sehen-erkennen-umsetzen, Sachverst\u00e4ndigen-Akademie Aachen, J\u00fclich<\/td><\/tr><tr><td>2016<\/td><td>Zwischenstand, Eschweiler Kunstverein<\/td><\/tr><\/tbody><\/table><\/figure>\n\n\n\n<h2 class=\"wp-block-heading\">Mitgliedschaften<\/h2>\n\n\n\n<p>Europ\u00e4ische Vereinigung Bildender K\u00fcnstler (EVBK)<br>Arbeitsgemeinschaft Bildender K\u00fcnstler am Mittelrhein e. V., Koblenz (AKM)<br>K\u00fcnstlergruppe Pellenz, Andernach<br>K\u00fcnstlerbund Rheinland<br>Bundesverband Bildender K\u00fcnstlerinnen und K\u00fcnstler (BBK) Aachen \/ Euregio e. V.<br>K\u00fcnstler \u2013 Forum Schloss Zweibr\u00fcggen, \u00dcbach &#8211; Palenberg<\/p>\n\n\n\n<p>Vizepr\u00e4sident der EVBK f\u00fcr die Sektion Deutschland \/ NRW (seit 1991).<br>Stellv. Vorsitzender des \u201eEschweiler Kunstvereines\u201c<br>Gr\u00fcndungsmitglied des \u201eForum f\u00fcr Kunst und Kultur Herzogenrath in der Euregio\u201c<\/p>\n\n\n\n<h2 class=\"wp-block-heading\">Lebt und arbeitet in:<\/h2>\n\n\n\n<p>Wagnerstra\u00dfe 3 d \u2022 52134 Herzogenrath<br>Tel.: 02407 18720 \u2022 Mobil: 0177 6015263<br>hennerici.yellow@t-online.de<\/p>\n\n\n\n<p class=\"has-text-align-center\">Gesellschaftsdemenz 2020.1 (Darkness), Acryl auf MDF-Platte, 115 x 90 cm<\/p>\n\n\n\n<div class=\"wp-block-image\"><figure class=\"aligncenter size-full is-resized\"><img decoding=\"async\" src=\"http:\/\/localhost\/wp-content\/uploads\/2022\/02\/1-6.jpg\" alt=\"\" class=\"wp-image-314\" height=\"400\" srcset=\"https:\/\/www.akm-koblenz.de\/wp-content\/uploads\/2022\/02\/1-6.jpg 746w, https:\/\/www.akm-koblenz.de\/wp-content\/uploads\/2022\/02\/1-6-233x300.jpg 233w\" sizes=\"(max-width: 706px) 89vw, (max-width: 767px) 82vw, 740px\" \/><\/figure><\/div>\n\n\n\n<p class=\"has-text-align-center\">Gesellschaftsdemenz 2020.2 (Coronaschei\u00dfe), Acryl auf MDF-Platte, 115 x 90 cm<\/p>\n\n\n\n<div class=\"wp-block-image\"><figure class=\"aligncenter size-full is-resized\"><img decoding=\"async\" src=\"http:\/\/localhost\/wp-content\/uploads\/2022\/02\/2-6.jpg\" alt=\"\" class=\"wp-image-315\" height=\"400\" srcset=\"https:\/\/www.akm-koblenz.de\/wp-content\/uploads\/2022\/02\/2-6.jpg 741w, https:\/\/www.akm-koblenz.de\/wp-content\/uploads\/2022\/02\/2-6-232x300.jpg 232w\" sizes=\"(max-width: 706px) 89vw, (max-width: 767px) 82vw, 740px\" \/><\/figure><\/div>\n\n\n\n<p class=\"has-text-align-center\">Gesellschaftsdemenz 2020.3 (Freiheit), Acryl auf MDF-Platte, 115 x 90 cm<\/p>\n\n\n\n<div class=\"wp-block-image\"><figure class=\"aligncenter size-full is-resized\"><img decoding=\"async\" src=\"http:\/\/localhost\/wp-content\/uploads\/2022\/02\/3-6.jpg\" alt=\"\" class=\"wp-image-316\" height=\"400\" srcset=\"https:\/\/www.akm-koblenz.de\/wp-content\/uploads\/2022\/02\/3-6.jpg 745w, https:\/\/www.akm-koblenz.de\/wp-content\/uploads\/2022\/02\/3-6-233x300.jpg 233w\" sizes=\"(max-width: 706px) 89vw, (max-width: 767px) 82vw, 740px\" \/><\/figure><\/div>\n","protected":false},"excerpt":{"rendered":"<p>1956 geboren in Eschweiler, Kreis Aachen &nbsp;&nbsp;&nbsp;&nbsp;&nbsp;&nbsp;&nbsp;&nbsp;&nbsp;&nbsp;&nbsp;&nbsp;&nbsp;&nbsp;&nbsp;&nbsp;&nbsp;&nbsp;&nbsp;&nbsp; K\u00fcnstlerische F\u00f6rderung und Ausbildung durch den Aachener Maler undGrafiker Jupp Kuckartz sowie den Eschweiler Maler Hubert Havenith 1980 f\u00fcr die sp\u00e4tere Farbgestaltung entscheidend werdendeReise nach Malaysia. Seit 1973 Einzel- und Gruppenausstellungen im In- und europ\u00e4ischen Ausland. &nbsp; Arbeiten im \u00f6ffentlichen und privaten Besitz. Auszeichnungen 2001 Kaiser-Lothar-Preistr\u00e4ger 1994&nbsp;&nbsp; Prof. &hellip; <\/p>\n<p class=\"link-more\"><a href=\"https:\/\/www.akm-koblenz.de\/index.php\/mitglieder\/karl-heinz-hennerici\/\" class=\"more-link\">Continue reading<span class=\"screen-reader-text\"> &#8220;Karl-Heinz Hennerici&#8221;<\/span><\/a><\/p>\n","protected":false},"author":1,"featured_media":0,"parent":92,"menu_order":0,"comment_status":"closed","ping_status":"closed","template":"","meta":{"footnotes":""},"class_list":["post-299","page","type-page","status-publish","hentry"],"_links":{"self":[{"href":"https:\/\/www.akm-koblenz.de\/index.php\/wp-json\/wp\/v2\/pages\/299","targetHints":{"allow":["GET"]}}],"collection":[{"href":"https:\/\/www.akm-koblenz.de\/index.php\/wp-json\/wp\/v2\/pages"}],"about":[{"href":"https:\/\/www.akm-koblenz.de\/index.php\/wp-json\/wp\/v2\/types\/page"}],"author":[{"embeddable":true,"href":"https:\/\/www.akm-koblenz.de\/index.php\/wp-json\/wp\/v2\/users\/1"}],"replies":[{"embeddable":true,"href":"https:\/\/www.akm-koblenz.de\/index.php\/wp-json\/wp\/v2\/comments?post=299"}],"version-history":[{"count":6,"href":"https:\/\/www.akm-koblenz.de\/index.php\/wp-json\/wp\/v2\/pages\/299\/revisions"}],"predecessor-version":[{"id":317,"href":"https:\/\/www.akm-koblenz.de\/index.php\/wp-json\/wp\/v2\/pages\/299\/revisions\/317"}],"up":[{"embeddable":true,"href":"https:\/\/www.akm-koblenz.de\/index.php\/wp-json\/wp\/v2\/pages\/92"}],"wp:attachment":[{"href":"https:\/\/www.akm-koblenz.de\/index.php\/wp-json\/wp\/v2\/media?parent=299"}],"curies":[{"name":"wp","href":"https:\/\/api.w.org\/{rel}","templated":true}]}}