{"id":273,"date":"2022-02-05T17:12:29","date_gmt":"2022-02-05T16:12:29","guid":{"rendered":"http:\/\/localhost\/?page_id=273"},"modified":"2022-05-27T09:31:07","modified_gmt":"2022-05-27T08:31:07","slug":"mircea-handabura","status":"publish","type":"page","link":"https:\/\/www.akm-koblenz.de\/index.php\/mitglieder\/mircea-handabura\/","title":{"rendered":"Mircea Handabura"},"content":{"rendered":"\n<div class=\"wp-block-columns is-layout-flex wp-container-core-columns-is-layout-1 wp-block-columns-is-layout-flex\">\n<div class=\"wp-block-column is-layout-flow wp-block-column-is-layout-flow\" style=\"flex-basis:66.66%\">\n<figure class=\"wp-block-table is-style-stripes\"><table><tbody><tr><td>1956<\/td><td>geboren in Temeschburg<\/td><\/tr><tr><td>&nbsp;<\/td><td>lebt und arbeitet in Koblenz und Rengsdorf<\/td><\/tr><\/tbody><\/table><\/figure>\n<\/div>\n\n\n\n<div class=\"wp-block-column is-layout-flow wp-block-column-is-layout-flow\" style=\"flex-basis:33.33%\">\n<figure class=\"wp-block-image size-medium\"><img loading=\"lazy\" decoding=\"async\" width=\"300\" height=\"300\" src=\"https:\/\/www.akm-koblenz.de\/wp-content\/uploads\/2022\/02\/handabura-300x300.jpg\" alt=\"\" class=\"wp-image-274\" srcset=\"https:\/\/www.akm-koblenz.de\/wp-content\/uploads\/2022\/02\/handabura-300x300.jpg 300w, https:\/\/www.akm-koblenz.de\/wp-content\/uploads\/2022\/02\/handabura-200x200.jpg 200w, https:\/\/www.akm-koblenz.de\/wp-content\/uploads\/2022\/02\/handabura-768x768.jpg 768w, https:\/\/www.akm-koblenz.de\/wp-content\/uploads\/2022\/02\/handabura-100x100.jpg 100w, https:\/\/www.akm-koblenz.de\/wp-content\/uploads\/2022\/02\/handabura.jpg 960w\" sizes=\"auto, (max-width: 300px) 100vw, 300px\" \/><\/figure>\n<\/div>\n<\/div>\n\n\n\n<h2 class=\"wp-block-heading\">Mitgliedschaften<\/h2>\n\n\n\n<p>Architektenkammer Rheinland-Pfalz<br>Arbeitsgemeinschaft bildender K\u00fcnstler am Mittelrhein<\/p>\n\n\n\n<h2 class=\"wp-block-heading\">Ausstellungen<\/h2>\n\n\n\n<figure class=\"wp-block-table is-style-stripes\"><table><tbody><tr><td>2019<\/td><td>Sparkasse Koblenz Hauptfiliale (Einzelausstellung)<br>\u201eIm Fluss\u201d, Kunst in der Kreisverwaltung Neuwied (Einzelausstellung)<\/td><\/tr><tr><td>2018<\/td><td>Galerie Jean-Marc Laik, Koblenz (Einzelausstellung)<\/td><\/tr><tr><td>2017<\/td><td>\u201eEine Hommage an den Mittelrhein\u201d, Volksbank Koblenz<\/td><\/tr><tr><td>2016<\/td><td>Lange Nacht der Museen, Koblenz<br>Galerie Jean-Marc Laik, Koblenz (Einzelausstellung)<br>\u201eEin Tel des Ganzen III\u201d, Haus Metternich, Koblenz<\/td><\/tr><tr><td>2014<\/td><td>Festungskirche Ehrenbreitstein, Koblenz (Einzelausstellung)<br>Lange Nacht der Museen, Koblenz<\/td><\/tr><tr><td>2012<\/td><td>Einzelausstellung im Haus Metternich, Koblenz<\/td><\/tr><tr><td>&nbsp;<\/td><td>&nbsp;<\/td><\/tr><tr><td>Seit 2004<\/td><td>regelm\u00e4\u00dfige Teilnahme an Ausstellungen der AKM im Haus Metternich, Koblenz<\/td><\/tr><tr><td>Seit 2012<\/td><td>regelm\u00e4\u00dfige Teilnahme an der Jahreskunstausstellung im R\u00f6ntgenmuseum, Neuwied<\/td><\/tr><\/tbody><\/table><\/figure>\n\n\n\n<h2 class=\"wp-block-heading\">Lebt und arbeitet in:<\/h2>\n\n\n\n<p>Karl -Fr. -Goerdeler-Stra\u00dfe 6 \u2022 56076 Koblenz<br>Tel.: 0261- 1338330 \u2022 m.handabura@t-online.de<\/p>\n\n\n\n<p class=\"has-text-align-center\">Aus der Serie \u201eBrush Strokes\u201d 2020, Dispersionsfarbe auf Holz, 24 x 34 cm<\/p>\n\n\n\n<div class=\"wp-block-image\"><figure class=\"aligncenter size-full is-resized\"><img decoding=\"async\" src=\"http:\/\/localhost\/wp-content\/uploads\/2022\/02\/1-1.jpg\" alt=\"\" class=\"wp-image-275\" width=\"400\" srcset=\"https:\/\/www.akm-koblenz.de\/wp-content\/uploads\/2022\/02\/1-1.jpg 960w, https:\/\/www.akm-koblenz.de\/wp-content\/uploads\/2022\/02\/1-1-300x203.jpg 300w, https:\/\/www.akm-koblenz.de\/wp-content\/uploads\/2022\/02\/1-1-768x520.jpg 768w\" sizes=\"(max-width: 706px) 89vw, (max-width: 767px) 82vw, 740px\" \/><\/figure><\/div>\n\n\n\n<p class=\"has-text-align-center\">Aus der Serie \u201eGef\u00e4\u00df\u201d 2020, Dispersionsfarbe, Bims und Kohle \/ Gewebe auf Pappe, 24 x 30 cm<\/p>\n\n\n\n<div class=\"wp-block-image\"><figure class=\"aligncenter size-full is-resized\"><img decoding=\"async\" src=\"http:\/\/localhost\/wp-content\/uploads\/2022\/02\/2-1.jpg\" alt=\"\" class=\"wp-image-276\" width=\"400\" srcset=\"https:\/\/www.akm-koblenz.de\/wp-content\/uploads\/2022\/02\/2-1.jpg 960w, https:\/\/www.akm-koblenz.de\/wp-content\/uploads\/2022\/02\/2-1-300x239.jpg 300w, https:\/\/www.akm-koblenz.de\/wp-content\/uploads\/2022\/02\/2-1-768x611.jpg 768w\" sizes=\"(max-width: 706px) 89vw, (max-width: 767px) 82vw, 740px\" \/><\/figure><\/div>\n\n\n\n<p class=\"has-text-align-center\">Aus der Serie \u201eAbendlicht\u201d 2020, Dispersionsfarbe und Bims \/ Gewebe auf Pappe, 24 x 30 cm<\/p>\n\n\n\n<div class=\"wp-block-image\"><figure class=\"aligncenter size-full is-resized\"><img decoding=\"async\" src=\"http:\/\/localhost\/wp-content\/uploads\/2022\/02\/3-1.jpg\" alt=\"\" class=\"wp-image-277\" width=\"400\" srcset=\"https:\/\/www.akm-koblenz.de\/wp-content\/uploads\/2022\/02\/3-1.jpg 960w, https:\/\/www.akm-koblenz.de\/wp-content\/uploads\/2022\/02\/3-1-300x238.jpg 300w, https:\/\/www.akm-koblenz.de\/wp-content\/uploads\/2022\/02\/3-1-768x608.jpg 768w\" sizes=\"(max-width: 706px) 89vw, (max-width: 767px) 82vw, 740px\" \/><\/figure><\/div>\n","protected":false},"excerpt":{"rendered":"<p>1956 geboren in Temeschburg &nbsp; lebt und arbeitet in Koblenz und Rengsdorf Mitgliedschaften Architektenkammer Rheinland-PfalzArbeitsgemeinschaft bildender K\u00fcnstler am Mittelrhein Ausstellungen 2019 Sparkasse Koblenz Hauptfiliale (Einzelausstellung)\u201eIm Fluss\u201d, Kunst in der Kreisverwaltung Neuwied (Einzelausstellung) 2018 Galerie Jean-Marc Laik, Koblenz (Einzelausstellung) 2017 \u201eEine Hommage an den Mittelrhein\u201d, Volksbank Koblenz 2016 Lange Nacht der Museen, KoblenzGalerie Jean-Marc Laik, Koblenz &hellip; <\/p>\n<p class=\"link-more\"><a href=\"https:\/\/www.akm-koblenz.de\/index.php\/mitglieder\/mircea-handabura\/\" class=\"more-link\">Continue reading<span class=\"screen-reader-text\"> &#8220;Mircea Handabura&#8221;<\/span><\/a><\/p>\n","protected":false},"author":1,"featured_media":0,"parent":92,"menu_order":0,"comment_status":"closed","ping_status":"closed","template":"","meta":{"footnotes":""},"class_list":["post-273","page","type-page","status-publish","hentry"],"_links":{"self":[{"href":"https:\/\/www.akm-koblenz.de\/index.php\/wp-json\/wp\/v2\/pages\/273","targetHints":{"allow":["GET"]}}],"collection":[{"href":"https:\/\/www.akm-koblenz.de\/index.php\/wp-json\/wp\/v2\/pages"}],"about":[{"href":"https:\/\/www.akm-koblenz.de\/index.php\/wp-json\/wp\/v2\/types\/page"}],"author":[{"embeddable":true,"href":"https:\/\/www.akm-koblenz.de\/index.php\/wp-json\/wp\/v2\/users\/1"}],"replies":[{"embeddable":true,"href":"https:\/\/www.akm-koblenz.de\/index.php\/wp-json\/wp\/v2\/comments?post=273"}],"version-history":[{"count":3,"href":"https:\/\/www.akm-koblenz.de\/index.php\/wp-json\/wp\/v2\/pages\/273\/revisions"}],"predecessor-version":[{"id":631,"href":"https:\/\/www.akm-koblenz.de\/index.php\/wp-json\/wp\/v2\/pages\/273\/revisions\/631"}],"up":[{"embeddable":true,"href":"https:\/\/www.akm-koblenz.de\/index.php\/wp-json\/wp\/v2\/pages\/92"}],"wp:attachment":[{"href":"https:\/\/www.akm-koblenz.de\/index.php\/wp-json\/wp\/v2\/media?parent=273"}],"curies":[{"name":"wp","href":"https:\/\/api.w.org\/{rel}","templated":true}]}}