{"id":264,"date":"2022-02-05T17:06:17","date_gmt":"2022-02-05T16:06:17","guid":{"rendered":"http:\/\/localhost\/?page_id=264"},"modified":"2022-02-05T17:06:17","modified_gmt":"2022-02-05T16:06:17","slug":"juliane-gottwald","status":"publish","type":"page","link":"https:\/\/www.akm-koblenz.de\/index.php\/mitglieder\/juliane-gottwald\/","title":{"rendered":"Juliane Gottwald"},"content":{"rendered":"\n<div class=\"wp-block-columns is-layout-flex wp-container-core-columns-is-layout-1 wp-block-columns-is-layout-flex\">\n<div class=\"wp-block-column is-layout-flow wp-block-column-is-layout-flow\" style=\"flex-basis:66.66%\">\n<figure class=\"wp-block-table is-style-stripes\"><table><tbody><tr><td>1964<\/td><td>geboren in K\u00f6nigswinter<\/td><\/tr><tr><td>1984 &#8211; 1993<\/td><td>Studium der Kunsterziehung und Germanistik an der Johannes Gutenberg-Universit\u00e4t Mainz<\/td><\/tr><tr><td>1993<\/td><td>Erstes Staatsexamen mit Hauptfach Malerei<br>bei Friedemann Hahn und Klaus J\u00fcrgen-Fischer<\/td><\/tr><tr><td>1994 &#8211; 1997<\/td><td>Meistersch\u00fclerinnen-Studium bei Prof. Sighard Gille, HGB Leipzig<\/td><\/tr><tr><td>Seit 1990<\/td><td>Ausstellungsbeteiligungen und Einzelausstellungen im In -und Ausland<\/td><\/tr><\/tbody><\/table><\/figure>\n<\/div>\n\n\n\n<div class=\"wp-block-column is-layout-flow wp-block-column-is-layout-flow\" style=\"flex-basis:33.33%\">\n<figure class=\"wp-block-image size-full\"><img loading=\"lazy\" decoding=\"async\" width=\"960\" height=\"960\" src=\"http:\/\/localhost\/wp-content\/uploads\/2022\/02\/gottwald.jpg\" alt=\"\" class=\"wp-image-265\" srcset=\"https:\/\/www.akm-koblenz.de\/wp-content\/uploads\/2022\/02\/gottwald.jpg 960w, https:\/\/www.akm-koblenz.de\/wp-content\/uploads\/2022\/02\/gottwald-300x300.jpg 300w, https:\/\/www.akm-koblenz.de\/wp-content\/uploads\/2022\/02\/gottwald-200x200.jpg 200w, https:\/\/www.akm-koblenz.de\/wp-content\/uploads\/2022\/02\/gottwald-768x768.jpg 768w, https:\/\/www.akm-koblenz.de\/wp-content\/uploads\/2022\/02\/gottwald-100x100.jpg 100w\" sizes=\"auto, (max-width: 706px) 89vw, (max-width: 767px) 82vw, 740px\" \/><\/figure>\n<\/div>\n<\/div>\n\n\n\n<h2 class=\"wp-block-heading\">Kunstpreise und Stipendium<\/h2>\n\n\n\n<figure class=\"wp-block-table is-style-stripes\"><table><tbody><tr><td>2020<\/td><td>Kunstpreis der AKM, Mittelrheinmuseum Koblenz<\/td><\/tr><tr><td>2006<\/td><td>Stipendium der Cit\u00e9 Internationale des Arts, Paris<\/td><\/tr><tr><td>1998<\/td><td>1. Preis der Landeskunstausstellung, Rheinland-Pfalz<\/td><\/tr><tr><td>1997<\/td><td>Stipendium Schloss Wiepersdorf, Brandenburg<\/td><\/tr><tr><td>1996<\/td><td>Saarpf\u00e4lzischer Kunstpreis, 1. Preis, Bexbach<br>1. Preis Galerie im Uhrturm, Dierdorf<\/td><\/tr><tr><td>1993<\/td><td>Albert Haueisen-F\u00f6rderpreis, 1. Saarpf\u00e4lzischer Kunstpreis, Germersheim<\/td><\/tr><tr><td>1992<\/td><td>Examensstipendium der Johannes Gutenberg-Universit\u00e4t<\/td><\/tr><\/tbody><\/table><\/figure>\n\n\n\n<h2 class=\"wp-block-heading\">Einzelausstellungen und Ausstellungsbeteiligungen (Auswahl)<\/h2>\n\n\n\n<figure class=\"wp-block-table is-style-stripes\"><table><tbody><tr><td>2013<\/td><td>Verein Feuerbachhaus, Speyer<\/td><\/tr><tr><td>2012<\/td><td>Pf\u00e4lzer Sezession, Kunstverein Germersheim<br>Galerie UP ART, Neustadt an der Weinstra\u00dfe<\/td><\/tr><tr><td>2011<\/td><td>Prestel II, 100 Jahre Galerie F.A.C. Prestel<br>Galerie UP.ART, Kunstverein Speyer\/Kulturamt der Stadt Mainz<br>Edition 2011, Galerie Witzel, Wiesbaden<\/td><\/tr><tr><td>2010<\/td><td>Prestel I, 100 Jahre Galerie FAC<\/td><\/tr><tr><td>2009<\/td><td>Galerie F.A.C. Prestel, FFM<br>Atelierhaus Waggonfabrik, Rathausgalerie Mainz<\/td><\/tr><tr><td>2008<\/td><td>Sommerg\u00e4ste, Galerie F.A.C. Prestel, FFM<br>sechzig Jahre form+farbe, AKM K\u00fcnstlerhaus Metternich ,Koblenz<\/td><\/tr><tr><td>2007<\/td><td>Neue Arbeiten, Galerie F.A.C. Prestel, FFM<\/td><\/tr><tr><td>2006<\/td><td>Drei starke Frauen, Galerie F.A.C. Prestel, FFM<br>Art Karlsruhe, Galerie Prestel, FFM<br>Das Kleine Format, Petersburger H\u00e4ngung, Galerie F.A.C. Prestel<br>Galerie F.A.C. Prestel, FFM<br>Ausstellungsbeteiligung, Galerie der Cit\u00e9, Paris (F)<\/td><\/tr><tr><td>2005<\/td><td>Galerie F.A.C. Prestel, FFM<br>Basarland, Kunsthaus Wiesbaden, Vulkangalerie Mainz<br>Galerie UP.ART, Neustadt an der Weinstra\u00dfe<br>Kunstschmiede Wettig, Mainz, Nieder-Olm<\/td><\/tr><tr><td>2004<\/td><td>Das Hohelied, K\u00fcnstlerhaus Metternich, Koblenz<br>Galerie Franze Scheuer, Anschau<br>ART FAIR, Kunstmesse K\u00f6ln, Galerie F.A.C. Prestel<\/td><\/tr><tr><td>2003<\/td><td>Das Hohelied, K\u00fcnstlerhaus Metternich, Koblenz<br>Spargel Pflaumen Blaukraut, Galerie F.A.C. Prestel<br>AKM K\u00fcnstler des Mittelrheins, Zehnthaus Jockgrim<br>Auf den zweiten Blick, Kunstverein Speyer<\/td><\/tr><tr><td>2002<\/td><td>Galerie Terra Rossa, Leipzig, Kunstverein Villa Streccius, Landau<\/td><\/tr><tr><td>2001<\/td><td>Drei starke Frauen, Kunstverein Bad D\u00fcrkheim<br>Galerie Palais Walderdorff, Trier, Gesellschaft f\u00fcr Bildende Kunst<br>Sinnlichkeit, Essenheimer Kunstverein, Galerie F.A.C. Prestel, FFM<br>Spektrum Kunstlandschaft, Kunsthalle Darmstadt,<br>F\u00f6rderpreis der Stadt Mainz f\u00fcr Bildende Kunst<\/td><\/tr><tr><td>2000<\/td><td>G\u00e4ste bei der AKM, K\u00fcnslerhaus Metternich, Koblenz<br>Kunstverein Pirmasens, 40 x 40, Kunstverein Junge Kunst, Trier<\/td><\/tr><tr><td>1999<\/td><td>Industrie und Handelskammer in der B\u00f6rse Frankfurt, F.A.C. Prestel<br>Das kleine Format, Galerie F.A.C. Prestel<br>TOTO-LOTTO Kunstpreis Malerei<br>Haueisen-Preis Jockgrim<br>Kunstpreis Trier-Saarburg<\/td><\/tr><tr><td>1998<\/td><td>Galerie im Br\u00fcckenturm der Stadt Mainz<br>Galerie UP ART, Neustadt an der Weinstra\u00dfe<br>St\u00e4dtische Galerie, Wetzlar<br>Sparkassenakademie Schlo\u00df Waldhausen, Mainz<\/td><\/tr><tr><td>1997<\/td><td>Ausstellung Meistersch\u00fcler; Galerie der HGB, Leipzig<br>Galerie F.A.C. Prestel, Frankfurt a.Main<br>Emy R\u00f6der-Preis, Kunstverein Ludwigshafen<\/td><\/tr><tr><td>1996<\/td><td>Kunst in der Handelshochschule Leipzig<br>Junge K\u00fcnstler, Zehnthaus Jockgrim<\/td><\/tr><tr><td>1995<\/td><td>Albert Haueisen-F\u00f6rderpreis, Germersheim<br>Kunstpreis Trier, Saarburg<\/td><\/tr><tr><td>1993<\/td><td>Emy R\u00f6der-Preis, Kunstverein Ludwigshafen<br>TOTO-LOTTO Kunstpreis Malerei<\/td><\/tr><tr><td>seit 2000<\/td><td>Teilnahme an den Jahresausstellungen form+farbe und Aschermittwoch der K\u00fcnstler, AKM K\u00fcnstlerhaus Metternich, Koblenz<\/td><\/tr><\/tbody><\/table><\/figure>\n\n\n\n<h2 class=\"wp-block-heading\">Arbeiten in \u00f6ffentlichen und privaten Sammlungen<\/h2>\n\n\n\n<p>Privatbesitz im In- und Ausland<br>Sammlung des Landes Rheinland-Pfalz<br>Sammlung Dr. Rainer Wild, Heidelberg<\/p>\n\n\n\n<h2 class=\"wp-block-heading\">Lebt und arbeitet in:<\/h2>\n\n\n\n<p>Katharinenstra\u00dfe 8 \u2022 55124 Mainz<br>Tel: 06131 238215<br>E-Mail: jg@julianegottwald.com<\/p>\n\n\n\n<p class=\"has-text-align-center\">Asternbl\u00fcte 2018, \u00d6l auf Leinwand, 110 x 120 cm<\/p>\n\n\n\n<div class=\"wp-block-image\"><figure class=\"aligncenter size-full is-resized\"><img decoding=\"async\" src=\"http:\/\/localhost\/wp-content\/uploads\/2022\/02\/1.jpg\" alt=\"\" class=\"wp-image-266\" width=\"400\" srcset=\"https:\/\/www.akm-koblenz.de\/wp-content\/uploads\/2022\/02\/1.jpg 960w, https:\/\/www.akm-koblenz.de\/wp-content\/uploads\/2022\/02\/1-300x277.jpg 300w, https:\/\/www.akm-koblenz.de\/wp-content\/uploads\/2022\/02\/1-768x708.jpg 768w\" sizes=\"(max-width: 706px) 89vw, (max-width: 767px) 82vw, 740px\" \/><\/figure><\/div>\n\n\n\n<p class=\"has-text-align-center\">Aster 2017, \u00d6l auf Leinwand, 110 x 120 cm<\/p>\n\n\n\n<div class=\"wp-block-image\"><figure class=\"aligncenter size-full is-resized\"><img decoding=\"async\" src=\"http:\/\/localhost\/wp-content\/uploads\/2022\/02\/2.jpg\" alt=\"\" class=\"wp-image-267\" width=\"400\" srcset=\"https:\/\/www.akm-koblenz.de\/wp-content\/uploads\/2022\/02\/2.jpg 960w, https:\/\/www.akm-koblenz.de\/wp-content\/uploads\/2022\/02\/2-300x275.jpg 300w, https:\/\/www.akm-koblenz.de\/wp-content\/uploads\/2022\/02\/2-768x704.jpg 768w\" sizes=\"(max-width: 706px) 89vw, (max-width: 767px) 82vw, 740px\" \/><\/figure><\/div>\n\n\n\n<p class=\"has-text-align-center\">Rotkohl 2018, \u00d6l auf Leinwand, 110 x 120 cm<\/p>\n\n\n\n<div class=\"wp-block-image\"><figure class=\"aligncenter size-full is-resized\"><img decoding=\"async\" src=\"http:\/\/localhost\/wp-content\/uploads\/2022\/02\/3.jpg\" alt=\"\" class=\"wp-image-268\" width=\"400\" srcset=\"https:\/\/www.akm-koblenz.de\/wp-content\/uploads\/2022\/02\/3.jpg 655w, https:\/\/www.akm-koblenz.de\/wp-content\/uploads\/2022\/02\/3-300x274.jpg 300w\" sizes=\"(max-width: 655px) 100vw, 655px\" \/><\/figure><\/div>\n","protected":false},"excerpt":{"rendered":"<p>1964 geboren in K\u00f6nigswinter 1984 &#8211; 1993 Studium der Kunsterziehung und Germanistik an der Johannes Gutenberg-Universit\u00e4t Mainz 1993 Erstes Staatsexamen mit Hauptfach Malereibei Friedemann Hahn und Klaus J\u00fcrgen-Fischer 1994 &#8211; 1997 Meistersch\u00fclerinnen-Studium bei Prof. Sighard Gille, HGB Leipzig Seit 1990 Ausstellungsbeteiligungen und Einzelausstellungen im In -und Ausland Kunstpreise und Stipendium 2020 Kunstpreis der AKM, Mittelrheinmuseum &hellip; <\/p>\n<p class=\"link-more\"><a href=\"https:\/\/www.akm-koblenz.de\/index.php\/mitglieder\/juliane-gottwald\/\" class=\"more-link\">Continue reading<span class=\"screen-reader-text\"> &#8220;Juliane Gottwald&#8221;<\/span><\/a><\/p>\n","protected":false},"author":1,"featured_media":0,"parent":92,"menu_order":0,"comment_status":"closed","ping_status":"closed","template":"","meta":{"footnotes":""},"class_list":["post-264","page","type-page","status-publish","hentry"],"_links":{"self":[{"href":"https:\/\/www.akm-koblenz.de\/index.php\/wp-json\/wp\/v2\/pages\/264","targetHints":{"allow":["GET"]}}],"collection":[{"href":"https:\/\/www.akm-koblenz.de\/index.php\/wp-json\/wp\/v2\/pages"}],"about":[{"href":"https:\/\/www.akm-koblenz.de\/index.php\/wp-json\/wp\/v2\/types\/page"}],"author":[{"embeddable":true,"href":"https:\/\/www.akm-koblenz.de\/index.php\/wp-json\/wp\/v2\/users\/1"}],"replies":[{"embeddable":true,"href":"https:\/\/www.akm-koblenz.de\/index.php\/wp-json\/wp\/v2\/comments?post=264"}],"version-history":[{"count":1,"href":"https:\/\/www.akm-koblenz.de\/index.php\/wp-json\/wp\/v2\/pages\/264\/revisions"}],"predecessor-version":[{"id":269,"href":"https:\/\/www.akm-koblenz.de\/index.php\/wp-json\/wp\/v2\/pages\/264\/revisions\/269"}],"up":[{"embeddable":true,"href":"https:\/\/www.akm-koblenz.de\/index.php\/wp-json\/wp\/v2\/pages\/92"}],"wp:attachment":[{"href":"https:\/\/www.akm-koblenz.de\/index.php\/wp-json\/wp\/v2\/media?parent=264"}],"curies":[{"name":"wp","href":"https:\/\/api.w.org\/{rel}","templated":true}]}}