{"id":214,"date":"2022-01-22T20:25:58","date_gmt":"2022-01-22T19:25:58","guid":{"rendered":"http:\/\/localhost\/?page_id=214"},"modified":"2022-01-22T20:25:58","modified_gmt":"2022-01-22T19:25:58","slug":"andreas-bruchhauser","status":"publish","type":"page","link":"https:\/\/www.akm-koblenz.de\/index.php\/mitglieder\/andreas-bruchhauser\/","title":{"rendered":"ANDREAS BRUCHH\u00c4USER"},"content":{"rendered":"\n<div class=\"wp-block-columns is-layout-flex wp-container-core-columns-is-layout-1 wp-block-columns-is-layout-flex\">\n<div class=\"wp-block-column is-layout-flow wp-block-column-is-layout-flow\" style=\"flex-basis:66.66%\">\n<figure class=\"wp-block-table is-style-stripes\"><table><tbody><tr><td>1962<\/td><td>geboren in Bad Aussee, \u00d6sterreich,<br>als Sohn des Malers Karl Bruchh\u00e4user<\/td><\/tr><tr><td>1964<\/td><td>Umzug der Familie nach Woldert, Westerwald<\/td><\/tr><tr><td>1981<\/td><td>Studium an der Kunstakademie Frankfurt bei Prof. Beyrle<\/td><\/tr><tr><td>1982 &#8211; 1986<\/td><td>Studium an der Kunstakademie D\u00fcsseldorf bei Prof. Rissa, dadurch<br>entscheidenden Kontakt mit dem Informel von K.O.Goetz<\/td><\/tr><tr><td>1986<\/td><td>Umzug nach Koblenz<br>lebt und arbeitet in Koblenz-Ehrenbreitstein<\/td><\/tr><\/tbody><\/table><\/figure>\n<\/div>\n\n\n\n<div class=\"wp-block-column is-layout-flow wp-block-column-is-layout-flow\" style=\"flex-basis:33.33%\">\n<figure class=\"wp-block-image size-full\"><img loading=\"lazy\" decoding=\"async\" width=\"300\" height=\"300\" src=\"http:\/\/localhost\/wp-content\/uploads\/2022\/01\/andreas_bruchhaeuser.jpg\" alt=\"\" class=\"wp-image-215\" srcset=\"https:\/\/www.akm-koblenz.de\/wp-content\/uploads\/2022\/01\/andreas_bruchhaeuser.jpg 300w, https:\/\/www.akm-koblenz.de\/wp-content\/uploads\/2022\/01\/andreas_bruchhaeuser-200x200.jpg 200w, https:\/\/www.akm-koblenz.de\/wp-content\/uploads\/2022\/01\/andreas_bruchhaeuser-100x100.jpg 100w\" sizes=\"auto, (max-width: 300px) 100vw, 300px\" \/><\/figure>\n<\/div>\n<\/div>\n\n\n\n<h2 class=\"wp-block-heading\">Ausstellungen (Auswahl)<\/h2>\n\n\n\n<figure class=\"wp-block-table is-style-stripes\"><table><tbody><tr><td>2015<\/td><td>aktuell vertreten in den Ausstellungen<br>&#8220;Aller Zauber liegt im Bild&#8221;, Forum W\u00fcrth, Chur, Schweiz<br>&#8220;Der Rhein &#8211; Eine romantische Affaire&#8221;, Stadtgalerie Neuwied<\/td><\/tr><tr><td>2013<\/td><td>vertreten in der Ausstellung<br>&#8220;Aller Zauber liegt im Bild&#8221;, Museum W\u00fcrth, Rioja<\/td><\/tr><tr><td>2012<\/td><td>Galerie Zangbieri, Basel<br>Querschnitte, K\u00fcnstlerhaus -Metternich, Koblenz<\/td><\/tr><tr><td>2011<\/td><td>vertreten in den Ausstellungen:<br>N\u00fcchtern-K\u00fchn-Heilig, BUGA Koblenz und Dom- Info Trier<br>Europ\u00e4ische Landschaften des 19. und 20. Jahrhunderts,<br>Mittelrhein-Museum Koblenz<br>Aller Zauber liegt im Bild, Museum W\u00fcrth, K\u00fcnzelsau<\/td><\/tr><tr><td>2011+2013<\/td><td>Malseminar im Arp Museum, Rolandseck<\/td><\/tr><tr><td>2007+2010<\/td><td>vertreten in der ZDF-Sendung, Mythos Rhein,<br>in der ARD-Sendung &#8220;Bilderbuch Deutschland&#8221;,<br>in der SWF-Sendung &#8220;Fahr mal hin&#8221;<\/td><\/tr><tr><td>2007<\/td><td>vertreten in der Ausstellung &#8220;Sehnsucht Rhein&#8221; -Gem\u00e4lde aus der Sammlung Siebengebirge, Mittelrhein-Museum Koblenz, Siebengebirgsmuseum K\u00f6nigswinter<\/td><\/tr><tr><td>2005+2008<\/td><td>Teilnahme am Salon d\u2019Automne, Paris<\/td><\/tr><tr><td>2004<\/td><td>Teilnahme an der Landesgartenschau Trier<\/td><\/tr><tr><td>2002<\/td><td>R\u00fcckblick-Ausblick, Ausstellung zum 40. Jubil\u00e4um im Roentgen -Museum, Neuwied (mit Katalog)<\/td><\/tr><tr><td>1999<\/td><td>Rheinbilder, mit J.P. van Opheusden im Landtag, Mainz<\/td><\/tr><tr><td>1996<\/td><td>Inspiration Theater, mit Gilberto Giardini, Theatermuseum D\u00fcsseldorf<br>In den folgenden Jahren Ausstellungen,<br>u.a. in Haan, Koblenz, Neuwied, Siegburg, Frankfurt, Bonn, Emmerich und Norwich<\/td><\/tr><tr><td>1987<\/td><td>erste Einzelausstellung in der Galerie Rost, Koblenz<\/td><\/tr><\/tbody><\/table><\/figure>\n\n\n\n<h2 class=\"wp-block-heading\">Arbeiten in \u00f6ffentlichen und privaten Sammlungen<\/h2>\n\n\n\n<p>Land Rheinland-Pfalz<br>Mittelrhein-Museum Koblenz<br>Sammlung Klinker Bochum<br>Sammlung Rheinromantik Bonn<br>Sammlung W\u00fcrth K\u00fcnzelsau<\/p>\n\n\n\n<h2 class=\"wp-block-heading\">Publikationen<\/h2>\n\n\n\n<figure class=\"wp-block-table is-style-stripes\"><table><tbody><tr><td>2011&nbsp;&nbsp;&nbsp;&nbsp;&nbsp;&nbsp;&nbsp;&nbsp;<\/td><td>Bruchh\u00e4user-Koblenz, mit 130 Bildern,<br>erschienen im Verlag Philipp von Zabern<br>K\u00fcnstler der 6. Edition der Kulturaktie der Koblenzer Kulturstiftung<\/td><\/tr><tr><td>2001<\/td><td>Zu Gast am romantischen Rhein, mit 60 Pastellen, erschienen im Verlag Bouvier<\/td><\/tr><\/tbody><\/table><\/figure>\n\n\n\n<p>\u00dcber seine Malerei erschienen Rezessionen in den Kunstzeitschriften Artprofil, Passagen, Palette, Der Kunsthandel und 1996 wurde er in das Saur Allgemeine K\u00fcnstlerlexikon aufgenommen.<\/p>\n\n\n\n<p>Michael Stoll schreibt \u00fcber ihn in der Rheinzeitung:<br>\u201eBruchh\u00e4user \u00f6ffnet dem Betrachter seine Gem\u00e4lde \u00fcber das Licht. Farbe entwickelt sich durch das Licht, wird selbst zum Licht. Magisch zieht diese Strahlkraft in ihren Bann, fasziniert uns ebenso wie den K\u00fcnstler. So entsteht auch hier eine Tiefe, eine imagin\u00e4re geistige Welt. Statt marktschreierisch Zeitkritik zu \u00fcben, setzt Bruchh\u00e4user auf die M\u00f6glichkeit der Bewusstwerdung durch Kunst.<\/p>\n\n\n\n<p>Seine Themen sind quasi nur ein Katalysator, um Wahrheit und Wahrhaftigkeit zu entdecken und neu zu definieren.\u201c<\/p>\n\n\n\n<p>Er selbst sagt \u00fcber seine Arbeit:<br>\u201eSo der Kunst ein Sinn zuzuweisen ist, liegt er nicht darin, l\u00f6sbare R\u00e4tsel aufzugeben, sondern Geheimnisse zu verbildlichen, die letztlich das Geheimnis des Lebens selbst meinen.\u201c<\/p>\n\n\n\n<h2 class=\"wp-block-heading\">Lebt und arbeitet in:<\/h2>\n\n\n\n<p>Klausenbergweg 10<br>56077 Koblenz<br>Tel.: 0261-76785<br>a.bruchhaeuser@portraitmaler.de<br>www.bruchh\u00e4user.de<\/p>\n\n\n\n<p class=\"has-text-align-center\">Blick aus dem Atelierfenster 2009, Pastell, 80 x 80 cm<\/p>\n\n\n\n<div class=\"wp-block-image\"><figure class=\"aligncenter size-full is-resized\"><img decoding=\"async\" src=\"http:\/\/localhost\/wp-content\/uploads\/2022\/01\/01-2.jpg\" alt=\"\" class=\"wp-image-216\" width=\"400\" srcset=\"https:\/\/www.akm-koblenz.de\/wp-content\/uploads\/2022\/01\/01-2.jpg 443w, https:\/\/www.akm-koblenz.de\/wp-content\/uploads\/2022\/01\/01-2-300x276.jpg 300w\" sizes=\"(max-width: 443px) 100vw, 443px\" \/><\/figure><\/div>\n\n\n\n<p class=\"has-text-align-center\">Blick aus dem Atelierfenster 2007, Pastell, 60 x 70 cm<\/p>\n\n\n\n<div class=\"wp-block-image\"><figure class=\"aligncenter size-full is-resized\"><img decoding=\"async\" src=\"http:\/\/localhost\/wp-content\/uploads\/2022\/01\/02-2.jpg\" alt=\"\" class=\"wp-image-217\" width=\"400\" srcset=\"https:\/\/www.akm-koblenz.de\/wp-content\/uploads\/2022\/01\/02-2.jpg 442w, https:\/\/www.akm-koblenz.de\/wp-content\/uploads\/2022\/01\/02-2-300x208.jpg 300w\" sizes=\"(max-width: 442px) 100vw, 442px\" \/><\/figure><\/div>\n\n\n\n<p class=\"has-text-align-center\">Blick aus dem Atelierfenster 2005, Pastell, 60 x 70 cm<\/p>\n\n\n\n<div class=\"wp-block-image\"><figure class=\"aligncenter size-full is-resized\"><img decoding=\"async\" src=\"http:\/\/localhost\/wp-content\/uploads\/2022\/01\/03-2.jpg\" alt=\"\" class=\"wp-image-218\" width=\"400\" srcset=\"https:\/\/www.akm-koblenz.de\/wp-content\/uploads\/2022\/01\/03-2.jpg 445w, https:\/\/www.akm-koblenz.de\/wp-content\/uploads\/2022\/01\/03-2-300x206.jpg 300w\" sizes=\"(max-width: 445px) 100vw, 445px\" \/><\/figure><\/div>\n","protected":false},"excerpt":{"rendered":"<p>1962 geboren in Bad Aussee, \u00d6sterreich,als Sohn des Malers Karl Bruchh\u00e4user 1964 Umzug der Familie nach Woldert, Westerwald 1981 Studium an der Kunstakademie Frankfurt bei Prof. Beyrle 1982 &#8211; 1986 Studium an der Kunstakademie D\u00fcsseldorf bei Prof. Rissa, dadurchentscheidenden Kontakt mit dem Informel von K.O.Goetz 1986 Umzug nach Koblenzlebt und arbeitet in Koblenz-Ehrenbreitstein Ausstellungen (Auswahl) &hellip; <\/p>\n<p class=\"link-more\"><a href=\"https:\/\/www.akm-koblenz.de\/index.php\/mitglieder\/andreas-bruchhauser\/\" class=\"more-link\">Continue reading<span class=\"screen-reader-text\"> &#8220;ANDREAS BRUCHH\u00c4USER&#8221;<\/span><\/a><\/p>\n","protected":false},"author":1,"featured_media":0,"parent":92,"menu_order":0,"comment_status":"closed","ping_status":"closed","template":"","meta":{"footnotes":""},"class_list":["post-214","page","type-page","status-publish","hentry"],"_links":{"self":[{"href":"https:\/\/www.akm-koblenz.de\/index.php\/wp-json\/wp\/v2\/pages\/214","targetHints":{"allow":["GET"]}}],"collection":[{"href":"https:\/\/www.akm-koblenz.de\/index.php\/wp-json\/wp\/v2\/pages"}],"about":[{"href":"https:\/\/www.akm-koblenz.de\/index.php\/wp-json\/wp\/v2\/types\/page"}],"author":[{"embeddable":true,"href":"https:\/\/www.akm-koblenz.de\/index.php\/wp-json\/wp\/v2\/users\/1"}],"replies":[{"embeddable":true,"href":"https:\/\/www.akm-koblenz.de\/index.php\/wp-json\/wp\/v2\/comments?post=214"}],"version-history":[{"count":1,"href":"https:\/\/www.akm-koblenz.de\/index.php\/wp-json\/wp\/v2\/pages\/214\/revisions"}],"predecessor-version":[{"id":219,"href":"https:\/\/www.akm-koblenz.de\/index.php\/wp-json\/wp\/v2\/pages\/214\/revisions\/219"}],"up":[{"embeddable":true,"href":"https:\/\/www.akm-koblenz.de\/index.php\/wp-json\/wp\/v2\/pages\/92"}],"wp:attachment":[{"href":"https:\/\/www.akm-koblenz.de\/index.php\/wp-json\/wp\/v2\/media?parent=214"}],"curies":[{"name":"wp","href":"https:\/\/api.w.org\/{rel}","templated":true}]}}