{"id":1406,"date":"2026-03-09T11:32:46","date_gmt":"2026-03-09T10:32:46","guid":{"rendered":"https:\/\/www.akm-koblenz.de\/?page_id=1406"},"modified":"2026-03-10T01:20:30","modified_gmt":"2026-03-10T00:20:30","slug":"masami-hirohata","status":"publish","type":"page","link":"https:\/\/www.akm-koblenz.de\/index.php\/mitglieder\/masami-hirohata\/","title":{"rendered":"MASAMI HIROHATA"},"content":{"rendered":"\n<div class=\"wp-block-columns is-layout-flex wp-container-core-columns-is-layout-1 wp-block-columns-is-layout-flex\">\n<div class=\"wp-block-column is-layout-flow wp-block-column-is-layout-flow\" style=\"flex-basis:66.66%\">\n<figure class=\"wp-block-table is-style-stripes\"><table><tbody><tr><td>1984<\/td><td>geboren in Hyogo, Japan<\/td><\/tr><tr><td>2003 \u2013 2008<\/td><td>Bachelor of Arts in Language and Culture, Osaka University, Japan<\/td><\/tr><tr><td>2008 \u2013 2011<\/td><td>Ausbildung zum Glasveredler Schliff\/Gravur, Staatliche Berufskolleg f\u00fcr Glas- Keramik-Gestaltung Rheinbach<\/td><\/tr><tr><td>2011 \u2013 2014<\/td><td>Bachelor of Fine Arts, Freie Kunst Glas, Institut f\u00fcr K\u00fcnstlerische Keramik und Glas, Hochschule Koblenz<\/td><\/tr><tr><td>2014 \u2013 2016<\/td><td>Master of Fine Arts, Freie Kunst Glas, Institut f\u00fcr K\u00fcnstlerische Keramik und Glas, Hochschule Koblenz<\/td><\/tr><\/tbody><\/table><\/figure>\n<\/div>\n\n\n\n<div class=\"wp-block-column is-layout-flow wp-block-column-is-layout-flow\" style=\"flex-basis:33.33%\">\n<figure class=\"wp-block-image size-full is-resized\"><img loading=\"lazy\" decoding=\"async\" width=\"500\" height=\"500\" src=\"https:\/\/www.akm-koblenz.de\/wp-content\/uploads\/2026\/03\/Portra\u0308t-Masami-Hirohata.jpg\" alt=\"\" class=\"wp-image-1409\" style=\"object-fit:cover;width:300px;height:300px\"\/><\/figure>\n<\/div>\n<\/div>\n\n\n\n<h2 class=\"wp-block-heading\">Stipendien<\/h2>\n\n\n\n<figure class=\"wp-block-table is-style-stripes\"><table><tbody><tr><td>2024<\/td><td>Stipendium der August M\u00fcller Stiftung<\/td><\/tr><tr><td>2021<\/td><td>Projekt F\u00f6rderung, Alexander Tutsek-Stiftung<\/td><\/tr><tr><td>2020<\/td><td>Start Up Stipendium f\u00fcr Glasschaffende in Kunst, Design und Handwerk, Bild-Werk Frauenau<\/td><\/tr><tr><td>2019<\/td><td>Arbeitsstipendium, Kulturkollektiv Goetheschule e.V.,Lauscha<\/td><\/tr><\/tbody><\/table><\/figure>\n\n\n\n<h2 class=\"wp-block-heading\">Sammlungen<\/h2>\n\n\n\n<p>Ernsting-Stiftung Coesfeld-Lette, LWL-Industriemuseum, Feuer- und Rettungswache 1 (BKRZ) Frankfurt am Main, Kunstsammlung des Landes Rheinlad-Pfalz<\/p>\n\n\n\n<h2 class=\"wp-block-heading\">Einzelausstellungen<\/h2>\n\n\n\n<figure class=\"wp-block-table is-style-stripes\"><table><tbody><tr><td>2020<\/td><td>weltvergessen, Saarl\u00e4ndisches K\u00fcnstlerhaus, Saarbr\u00fccken<\/td><\/tr><tr><td>2019<\/td><td>Exponate, Kulturkollektiv Goetheschule e.V., Lauscha<\/td><\/tr><tr><td>2018<\/td><td>recalling, Kunstraum Churfranken &#8211; Galerie L\u00f6w Haus, Klingenberg am Main<\/td><\/tr><tr><td>2017<\/td><td>STILLLEBEN112, Feuer- und Rettungswache 1 (BKRZ), Frankfurt am Main<\/td><\/tr><tr><td>2016<\/td><td>PROSASCAPE, Kunst im Abgeordnetenb\u00fcro, Mainz<\/td><\/tr><tr><td>2015<\/td><td>Exponate, Quadrum Galeria de Arte, Belo Horizonte (BRA)<\/td><\/tr><tr><td>2014<\/td><td>st\u00edl(\u0259)l\u03b1\u0301\u026af, Gallery R42, Wroc\u0142aw (POL)<\/td><\/tr><\/tbody><\/table><\/figure>\n\n\n\n<h2 class=\"wp-block-heading\">Gruppenausstellungen (Auswahl)<\/h2>\n\n\n\n<figure class=\"wp-block-table is-style-stripes\"><table><tbody><tr><td>2025<\/td><td>glassjam.impro, Europ\u00e4isches Museum f\u00fcr Modernes Glas, R\u00f6dental<br>Lichte Schatten, K\u00fcnstlerhaus Metternich, Koblenz<\/td><\/tr><tr><td>2024<\/td><td>glassjam.turbo, Monopol Berlin, Berlin<br>glassjam.off beat, Bayerischer Kunstgewerbeverein, M\u00fcnchen<\/td><\/tr><tr><td>2023<\/td><td>Rosa Immergruen, DG Kunstraum, M\u00fcnchen<br>Petrichor, Kunspavillon Burgbrohl<br>Young and Young and Young, Koreanisches Kulturzentrum Berlin<\/td><\/tr><tr><td>2022<\/td><td>Kansei, Kunstraum Westpfalz, Kaiserslautern<br>KALT!, Glasmuseum Lette<\/td><\/tr><tr><td>2021<\/td><td>Guten Morgen Mein Mond, Japanisch-Deutsches Zentrum Berlin<br>The Lusty Month of May, lorch + seidel contemporary, Berlin<\/td><\/tr><\/tbody><\/table><\/figure>\n\n\n\n<h2 class=\"wp-block-heading\">Lebt und arbeitet in:<\/h2>\n\n\n\n<p>art space Andromeda<br>Schneebergstr. 33<br>56203 H\u00f6hr-Grenzhausen<\/p>\n\n\n\n<p>web: <a href=\"http:\/\/www.masamihirohata.com\/\" target=\"_blank\" rel=\"noreferrer noopener\">www.masamihirohata.com<\/a><br>mail: <a href=\"mailto:masamihirohata@outlook.com\" target=\"_blank\" rel=\"noreferrer noopener\">masamihirohata@outlook.com<\/a><br>instagram: @masami_hirohata<\/p>\n\n\n\n<p class=\"has-text-align-center\">Das gro\u00dfe Rasenstu\u0308ck &#8211; Nach Du\u0308rer . 202 . Borosilikatglas, Epoxidharz . Gr\u00f6\u00dfe variabel<\/p>\n\n\n<div class=\"wp-block-image\">\n<figure class=\"aligncenter size-full is-resized\"><img loading=\"lazy\" decoding=\"async\" width=\"1500\" height=\"981\" src=\"https:\/\/www.akm-koblenz.de\/wp-content\/uploads\/2026\/03\/Das-grose-Rasenstu\u0308ck-nach-Du\u0308rer_Masami-Hirohata_web.jpg\" alt=\"\" class=\"wp-image-1408\" style=\"width:600px\"\/><\/figure><\/div>\n\n\n<p><\/p>\n\n\n\n<p class=\"has-text-align-center\">verisimile_sepia . 2021. Borosilikatglas, Softglas . 38 x \u00f8 23 cm<\/p>\n\n\n<div class=\"wp-block-image\">\n<figure class=\"aligncenter size-full is-resized\"><img loading=\"lazy\" decoding=\"async\" width=\"705\" height=\"1000\" src=\"https:\/\/www.akm-koblenz.de\/wp-content\/uploads\/2026\/03\/verisimile_sepia\u00a9Masami-Hirohata.jpg\" alt=\"\" class=\"wp-image-1411\" style=\"width:600px\"\/><\/figure><\/div>\n\n\n<p><\/p>\n\n\n\n<p class=\"has-text-align-center\">Still Life with Melon . 2014 . Fotoabzug auf Alu-Dibond . 74 x 110 cm<\/p>\n\n\n<div class=\"wp-block-image\">\n<figure class=\"aligncenter size-full\"><img loading=\"lazy\" decoding=\"async\" width=\"600\" height=\"401\" src=\"https:\/\/www.akm-koblenz.de\/wp-content\/uploads\/2026\/03\/Still-Life-with-Melon\u00a9Masami-Hirohata-web.jpg\" alt=\"\" class=\"wp-image-1410\"\/><\/figure><\/div>","protected":false},"excerpt":{"rendered":"<p>1984 geboren in Hyogo, Japan 2003 \u2013 2008 Bachelor of Arts in Language and Culture, Osaka University, Japan 2008 \u2013 2011 Ausbildung zum Glasveredler Schliff\/Gravur, Staatliche Berufskolleg f\u00fcr Glas- Keramik-Gestaltung Rheinbach 2011 \u2013 2014 Bachelor of Fine Arts, Freie Kunst Glas, Institut f\u00fcr K\u00fcnstlerische Keramik und Glas, Hochschule Koblenz 2014 \u2013 2016 Master of Fine &hellip; <\/p>\n<p class=\"link-more\"><a href=\"https:\/\/www.akm-koblenz.de\/index.php\/mitglieder\/masami-hirohata\/\" class=\"more-link\">Continue reading<span class=\"screen-reader-text\"> &#8220;MASAMI HIROHATA&#8221;<\/span><\/a><\/p>\n","protected":false},"author":1,"featured_media":0,"parent":92,"menu_order":0,"comment_status":"closed","ping_status":"closed","template":"","meta":{"footnotes":""},"class_list":["post-1406","page","type-page","status-publish","hentry"],"_links":{"self":[{"href":"https:\/\/www.akm-koblenz.de\/index.php\/wp-json\/wp\/v2\/pages\/1406","targetHints":{"allow":["GET"]}}],"collection":[{"href":"https:\/\/www.akm-koblenz.de\/index.php\/wp-json\/wp\/v2\/pages"}],"about":[{"href":"https:\/\/www.akm-koblenz.de\/index.php\/wp-json\/wp\/v2\/types\/page"}],"author":[{"embeddable":true,"href":"https:\/\/www.akm-koblenz.de\/index.php\/wp-json\/wp\/v2\/users\/1"}],"replies":[{"embeddable":true,"href":"https:\/\/www.akm-koblenz.de\/index.php\/wp-json\/wp\/v2\/comments?post=1406"}],"version-history":[{"count":5,"href":"https:\/\/www.akm-koblenz.de\/index.php\/wp-json\/wp\/v2\/pages\/1406\/revisions"}],"predecessor-version":[{"id":1433,"href":"https:\/\/www.akm-koblenz.de\/index.php\/wp-json\/wp\/v2\/pages\/1406\/revisions\/1433"}],"up":[{"embeddable":true,"href":"https:\/\/www.akm-koblenz.de\/index.php\/wp-json\/wp\/v2\/pages\/92"}],"wp:attachment":[{"href":"https:\/\/www.akm-koblenz.de\/index.php\/wp-json\/wp\/v2\/media?parent=1406"}],"curies":[{"name":"wp","href":"https:\/\/api.w.org\/{rel}","templated":true}]}}