{"id":1334,"date":"2025-11-23T12:48:15","date_gmt":"2025-11-23T11:48:15","guid":{"rendered":"https:\/\/www.akm-koblenz.de\/?page_id=1334"},"modified":"2025-11-23T12:51:08","modified_gmt":"2025-11-23T11:51:08","slug":"mitglieder-nina-midi","status":"publish","type":"page","link":"https:\/\/www.akm-koblenz.de\/index.php\/mitglieder\/mitglieder-nina-midi\/","title":{"rendered":"Nina Midi"},"content":{"rendered":"\n<div class=\"wp-block-columns is-layout-flex wp-container-core-columns-is-layout-1 wp-block-columns-is-layout-flex\">\n<div class=\"wp-block-column is-layout-flow wp-block-column-is-layout-flow\" style=\"flex-basis:66.66%\">\n<p>Geboren 1973<br>Lebt und arbeitet in Koblenz<br>Mitgliedschaft: AKM<br>Ehemalige Mitgliedschaft: mehrkunst e.V., Koblenz<br>Kontakt: <a href=\"mailto:nina@ninamidi.com\" target=\"_blank\" rel=\"noreferrer noopener\">nina@ninamidi.com<\/a><br>Website: <a href=\"http:\/\/www.ninamidi.com\" target=\"_blank\" rel=\"noreferrer noopener\">www.ninamidi.com<\/a><\/p>\n\n\n\n<div style=\"height:49px\" aria-hidden=\"true\" class=\"wp-block-spacer\"><\/div>\n\n\n\n<figure class=\"wp-block-table is-style-stripes\"><table><tbody><tr><td class=\"has-text-align-center\" data-align=\"center\">2014<\/td><td>Bachelor of Arts Kommunikationsdesign, Hochschule M\u00fcnchen<\/td><\/tr><tr><td class=\"has-text-align-center\" data-align=\"center\">2003<\/td><td>Promotion in germanistischer Linguistik, Masaryk-Universit\u00e4t Br\u00fcnn, Tschechische Republik<\/td><\/tr><\/tbody><\/table><\/figure>\n<\/div>\n\n\n\n<div class=\"wp-block-column is-layout-flow wp-block-column-is-layout-flow\" style=\"flex-basis:33.33%\">\n<figure class=\"wp-block-image size-full is-resized\"><img loading=\"lazy\" decoding=\"async\" width=\"1273\" height=\"1273\" src=\"https:\/\/www.akm-koblenz.de\/wp-content\/uploads\/2025\/11\/Nina_Midi_2025.jpg\" alt=\"\" class=\"wp-image-1335\" style=\"object-fit:cover;width:300px;height:300px\"\/><\/figure>\n\n\n\n<p class=\"has-text-align-center\">\u00a9 Markus Ackermann (<a href=\"https:\/\/www.markusackermann.de\/\">www.markusackermann.de<\/a>)<\/p>\n<\/div>\n<\/div>\n\n\n\n<h2 class=\"wp-block-heading\">Einzelausstellungen<\/h2>\n\n\n\n<figure class=\"wp-block-table is-style-stripes\"><table><tbody><tr><td class=\"has-text-align-center\" data-align=\"center\">2020<\/td><td>Apidae,\u00a0solo exhibition at\u00a0Gallery mehrkunst, Koblenz<\/td><\/tr><tr><td class=\"has-text-align-center\" data-align=\"center\">2018<\/td><td>Die Z\u00fcge fahren p\u00fcnktlich ab. solo\u00a0exhibition, pop up gallery, Koblenz<\/td><\/tr><\/tbody><\/table><\/figure>\n\n\n\n<h2 class=\"wp-block-heading\">Ausstellungsbeteiligungen (Auswahl)<\/h2>\n\n\n\n<figure class=\"wp-block-table is-style-stripes\"><table><tbody><tr><td class=\"has-text-align-center\" data-align=\"center\">2025<\/td><td>klein, toll, toll. artist run-space &#8220;pip&#8221;,\u00a0Munich<\/td><\/tr><tr><td class=\"has-text-align-center\" data-align=\"center\">2024<\/td><td>form &amp; farbe, AKM, Haus Metternich Koblenz<br>offene sackgassen, einsame nenner, Pop Up Gallery Casinostra\u00dfe, Koblenz<\/td><\/tr><tr><td class=\"has-text-align-center\" data-align=\"center\">2023<\/td><td>unbehaust, AKM, Haus Metternich Koblenz<\/td><\/tr><tr><td class=\"has-text-align-center\" data-align=\"center\">2022<\/td><td>STATEMENTS.\u00a0Pop up Gallery Casinostra\u00dfe, Koblenz<br>mehrkunst in der city,\u00a0Pop Up Gallery Casinostra\u00dfe, Koblenz<br>Kunstmarkt Kunstware,\u00a0Pop Up Gallery Casinostra\u00dfe, Koblenz<br>Kunst im Weinberg, Kulturreferat Stadt Koblenz<\/td><\/tr><tr><td class=\"has-text-align-center\" data-align=\"center\">2021<\/td><td>Kunst im Weinberg, Kulturreferat Stadt Koblenz<br>Autospektion, Gallery mehrkunst, Koblenz<br>mehrNORD,\u00a0Haus Metternich Koblenz<\/td><\/tr><\/tbody><\/table><\/figure>\n","protected":false},"excerpt":{"rendered":"<p>Geboren 1973Lebt und arbeitet in KoblenzMitgliedschaft: AKMEhemalige Mitgliedschaft: mehrkunst e.V., KoblenzKontakt: nina@ninamidi.comWebsite: www.ninamidi.com 2014 Bachelor of Arts Kommunikationsdesign, Hochschule M\u00fcnchen 2003 Promotion in germanistischer Linguistik, Masaryk-Universit\u00e4t Br\u00fcnn, Tschechische Republik \u00a9 Markus Ackermann (www.markusackermann.de) Einzelausstellungen 2020 Apidae,\u00a0solo exhibition at\u00a0Gallery mehrkunst, Koblenz 2018 Die Z\u00fcge fahren p\u00fcnktlich ab. solo\u00a0exhibition, pop up gallery, Koblenz Ausstellungsbeteiligungen (Auswahl) 2025 klein, &hellip; <\/p>\n<p class=\"link-more\"><a href=\"https:\/\/www.akm-koblenz.de\/index.php\/mitglieder\/mitglieder-nina-midi\/\" class=\"more-link\">Continue reading<span class=\"screen-reader-text\"> &#8220;Nina Midi&#8221;<\/span><\/a><\/p>\n","protected":false},"author":1,"featured_media":0,"parent":92,"menu_order":0,"comment_status":"closed","ping_status":"closed","template":"","meta":{"footnotes":""},"class_list":["post-1334","page","type-page","status-publish","hentry"],"_links":{"self":[{"href":"https:\/\/www.akm-koblenz.de\/index.php\/wp-json\/wp\/v2\/pages\/1334","targetHints":{"allow":["GET"]}}],"collection":[{"href":"https:\/\/www.akm-koblenz.de\/index.php\/wp-json\/wp\/v2\/pages"}],"about":[{"href":"https:\/\/www.akm-koblenz.de\/index.php\/wp-json\/wp\/v2\/types\/page"}],"author":[{"embeddable":true,"href":"https:\/\/www.akm-koblenz.de\/index.php\/wp-json\/wp\/v2\/users\/1"}],"replies":[{"embeddable":true,"href":"https:\/\/www.akm-koblenz.de\/index.php\/wp-json\/wp\/v2\/comments?post=1334"}],"version-history":[{"count":7,"href":"https:\/\/www.akm-koblenz.de\/index.php\/wp-json\/wp\/v2\/pages\/1334\/revisions"}],"predecessor-version":[{"id":1342,"href":"https:\/\/www.akm-koblenz.de\/index.php\/wp-json\/wp\/v2\/pages\/1334\/revisions\/1342"}],"up":[{"embeddable":true,"href":"https:\/\/www.akm-koblenz.de\/index.php\/wp-json\/wp\/v2\/pages\/92"}],"wp:attachment":[{"href":"https:\/\/www.akm-koblenz.de\/index.php\/wp-json\/wp\/v2\/media?parent=1334"}],"curies":[{"name":"wp","href":"https:\/\/api.w.org\/{rel}","templated":true}]}}