{"id":1085,"date":"2024-08-30T23:34:35","date_gmt":"2024-08-30T22:34:35","guid":{"rendered":"https:\/\/www.akm-koblenz.de\/?page_id=1085"},"modified":"2024-10-11T09:31:14","modified_gmt":"2024-10-11T08:31:14","slug":"nathalia-grotenhuis","status":"publish","type":"page","link":"https:\/\/www.akm-koblenz.de\/index.php\/nathalia-grotenhuis\/","title":{"rendered":"NATHALIA GROTENHUIS"},"content":{"rendered":"\n<h2 class=\"wp-block-heading\">Ausstellungen (Auszug ab 2020)<\/h2>\n\n\n\n<p>solo und Duo pulsIV (Nathalia Grotenhuis, Violetta Richard)<\/p>\n\n\n<div class=\"wp-block-image is-resized\">\n<figure class=\"alignright size-full\"><img loading=\"lazy\" decoding=\"async\" width=\"768\" height=\"768\" src=\"https:\/\/www.akm-koblenz.de\/wp-content\/uploads\/2024\/08\/Profilbild-temporar.jpg\" alt=\"\" class=\"wp-image-1092\" style=\"width:300px\" srcset=\"https:\/\/www.akm-koblenz.de\/wp-content\/uploads\/2024\/08\/Profilbild-temporar.jpg 768w, https:\/\/www.akm-koblenz.de\/wp-content\/uploads\/2024\/08\/Profilbild-temporar-300x300.jpg 300w, https:\/\/www.akm-koblenz.de\/wp-content\/uploads\/2024\/08\/Profilbild-temporar-200x200.jpg 200w, https:\/\/www.akm-koblenz.de\/wp-content\/uploads\/2024\/08\/Profilbild-temporar-100x100.jpg 100w\" sizes=\"auto, (max-width: 706px) 89vw, (max-width: 767px) 82vw, 740px\" \/><\/figure><\/div>\n\n\n<figure class=\"wp-block-table is-style-stripes\"><table><tbody><tr><td>2024<\/td><td><strong>hast du den Knall nicht geh\u00f6rt?, Raum-Klang-Installation<\/strong><br>Gruppenausstellung der neuen Mitglieder der AKM<br>Haus Metternich, Koblenz<br><strong>COEXIST, grafische Partitur<\/strong><br>im Rahmen der Ausstellung der Stipendiaten des K\u00fcnstlerhauses Schloss Balmoral<br>Mittelrhein-Museum, Koblenz<\/td><\/tr><tr><td>2023<\/td><td><strong>quinta essentia, grafische Partituren<\/strong><br>im Rahmen der Form und Farbe; Gruppenausstellung AKM<br>Haus Metternich, Koblenz<br><strong>ansto\u00dfen, Klanginstallation<\/strong><br>im Rahmen von Neu im BBK; Gruppenausstellung BBK RLP<br>Galerie BBK, Mainz<\/td><\/tr><tr><td>2022<\/td><td><strong>Flux4Art;<\/strong> Landeskunstschau Rheinland-Pfalz<br>Duo pulsiv: Raumklang-Installation<br>Landesmuseum RLP, Mainz<br><br><strong>Sainz innocent Montcelin ENSEMBLE<\/strong><br>Ausstellung und Performances<br>Sommant, Burgund (F)<br><br><strong>Welterbetag auf der Loreley<\/strong><br>mit Masami Hirohata<br>Klangparcours mit Klanginstallationen, Klangperformances, partizipative Klangexperimente<br>Loreley-Plateau<\/td><\/tr><tr><td>2021<\/td><td><strong>angstschleier<\/strong>, Klangcollage zu den Arbeiten von Claudia Pomowski und Violetta Richard, Gruppenausstellung \u201eNexus IV\u201c der ark, Duo pulsIV<br>Museum Boppard<br><strong>die vier Elemente<\/strong>, Einzelausstellung (Klang-Video-Installation, Klangpartituren) im studio blau, Saarl\u00e4ndisches K\u00fcnstlerhaus Saarbr\u00fccken<\/td><\/tr><tr><td>2020<\/td><td><strong>prima materia (Klang-Video-Installation) \/ quinta essentia (Klangpartituren)<\/strong>, digitale Gruppenausstellung \u201evirtual art fair\u201c, Luxembourg Art Week<br><strong>prima materia (Klang-Video-Installation)<\/strong>, Gruppenausstellung \u201eletzte Lockerung\u201c,<br>Saarl\u00e4ndisches K\u00fcnstlerhaus Saarbr\u00fccken<\/td><\/tr><\/tbody><\/table><\/figure>\n\n\n\n<h2 class=\"wp-block-heading\">Konzerte, Auff\u00fchrungen, Performances (Auszug ab 2020)<\/h2>\n\n\n\n<p>solo und Duo pulsIV (Nathalia Grotenhuis, Violetta Richard)<\/p>\n\n\n\n<figure class=\"wp-block-table is-style-stripes\"><table><tbody><tr><td>2024<\/td><td><strong>sonic imagery<\/strong><br>Klang-Konzert im Rahmen des Festvials \u201eAufs Ganze Gehen\u201c<br>Walkm\u00fchle Wiesbaden<br><strong>Konzert zur Finissage der Ausstellung COEXIST \u2013 Stipendiaten K\u00fcnstlerhaus <\/strong>Schloss Balmoral<br>Mittelrhein-Museum Koblenz<br><strong>Spiegel der Welt<\/strong><br>Klanginterventionen zur Vernissage der Ausstellung Spiegel der Welt von Anja Schindler<br>Schloss Gottorf, Schleswig<br><strong>Konzert Duo pulsIV \u201eZeile dazwischen lesen\u201c<\/strong><br>Salon Nr. 110, K\u00fcnstlerverein Walkm\u00fchle<br>Wiesbaden<br><strong>Klangkonzert \u201eim Klang des Wassers\u201c<\/strong><br>mit Axel Schweppe<br>Finissage Museumsnacht Paderborn<\/td><\/tr><tr><td>2023<\/td><td><strong>Weltget\u00fcmmel<\/strong><br>Konzerte mit dem Kammerchor Rhein-Main<br>Stadtkirche Darmstadt, Wartburgkirche Frankfurt, Christuskirche Mainz<br><strong>Klangkonzert \u201eim Klang des Wassers\u201c mit Axel Schweppe<\/strong><br>Museumsnacht Paderborn<\/td><\/tr><tr><td>2022<\/td><td><strong>circles II | Papier fl\u00fcstert laut<\/strong><br>konzertante Performance, Duo pulsIV | Karin Meiner<br>Kaiserhalle Burgbrohl<br><strong>R\u00fcckenwind ist leise | reden ist silber<\/strong><br>Duo pulsiv: Klang-Lyrik-Konzerte im Rahmen von AufWIND<br>Limeskastell Pohl | russischer Hof Bad Ems<br><strong>beben, Performance \/ Lesung<\/strong><br>mit Stefanie Schmeink, Violetta Richard (Lyrik)<br>im Rahmen von Projekt ION,<br>Hinterhof Friedrichstra\u00dfe 27, Neuwied<\/td><\/tr><tr><td>2021<\/td><td><strong>castle echos, Klang-Lyrik-Ton-Ger\u00e4usch, Konzert \/ Lesung \/ Performance, Duo pulsIV<\/strong><br>Tonnengew\u00f6lbe der Burg Rheinfels<\/td><\/tr><tr><td>2020<\/td><td><strong>RAM \u2013 Audiovisuelle Performance<\/strong><br>mit Berit J\u00e4ger (Video und Licht), Joachim F.W.Schneider (Komposition);<br>Kirche Maria Geburt, Aschaffenburg<\/td><\/tr><\/tbody><\/table><\/figure>\n\n\n\n<h2 class=\"wp-block-heading\">Organisation und Initiation<\/h2>\n\n\n\n<figure class=\"wp-block-table is-style-stripes\"><table><tbody><tr><td>seit 2023<\/td><td>Mitglied im Vorstand (Schatzmeisterin) im BBK Rheinland-Pfalz<\/td><\/tr><tr><td>2022 &#8211; 2023<\/td><td>Mitglied des Ausschuss freie Kunst des BBK Rheinland-Pfalz<\/td><\/tr><tr><td>2021<\/td><td>Mitglied im Vorstand des DTKV Rheinland-Pfalz<\/td><\/tr><tr><td>2019 &#8211; 2022<\/td><td>Sprecherin Bundesfachausschuss \u201eExistenzgrundlagen in Musikberufen\u201c des deutschen Tonk\u00fcnstlerverbands<\/td><\/tr><tr><td>2017 &#8211; 2021<\/td><td>Mitglied Lyriklabor Mainz e.V.<\/td><\/tr><tr><td>seit 2017<\/td><td>Mitglied deutscher Tonk\u00fcnstlerverband Rheinland-Pfalz<br>Mitglied percussion creative<br>Netzwerk Kunstmentoring Rheinland-Pfalz<\/td><\/tr><\/tbody><\/table><\/figure>\n\n\n\n<h2 class=\"wp-block-heading\">Stipendien und Auszeichnungen<\/h2>\n\n\n\n<figure class=\"wp-block-table is-style-stripes\"><table><tbody><tr><td>2023<\/td><td>Projektstipendium K\u00fcnstlerhaus Schloss Balmoral, RLP<\/td><\/tr><tr><td>2022<\/td><td>Projektstipendium Musikfonds<\/td><\/tr><tr><td>2021<\/td><td>Projektstipendium \u201esechs Punkte f\u00fcr Kultur Rheinland-Pfalz\u201c<\/td><\/tr><tr><td>2020 &#8211; 2021<\/td><td>Projektstipendium Musikfonds<\/td><\/tr><tr><td>2020<\/td><td>Projektstipendium \u201esechs Punkte f\u00fcr Kultur Rheinland-Pfalz\u201c<\/td><\/tr><tr><td>2019<\/td><td>artist in residence des ArtLab im Kunstpavillon Burgbrohl<\/td><\/tr><tr><td>2017 &#8211; 2019<\/td><td>Mentee Kunstmentoring Rheinland-Pfalz, Mentorin: Frauke Eckhardt<\/td><\/tr><tr><td>2016<\/td><td>Leibniz Harmonien, internationaler Kompositionswettbewerb: Auff\u00fchrungsempfehlung f\u00fcr FLOW, Kategorie radiophone Komposition \/ Klangkunst;<\/td><\/tr><tr><td>2015<\/td><td>Kulturf\u00f6rderpreis Rotary Club Mainz Churmeyntz<\/td><\/tr><\/tbody><\/table><\/figure>\n\n\n\n<p>Lebt in Mainz<br>Atelier: Opelring 3, 64572 B\u00fcttelborn<br><a href=\"mailto:n.grotenhuis@gmx.de\">n.grotenhuis@gmx.de<\/a><br>Tel.: 0175 2088 737<br><a rel=\"noreferrer noopener\" href=\"http:\/\/www.ngrotenhuis.com\" target=\"_blank\">www.ngrotenhuis.com<\/a><\/p>\n\n\n\n<h2 class=\"wp-block-heading\">Videobeispiele<\/h2>\n\n\n\n<p><a href=\"https:\/\/www.youtube.com\/@nathaliagrotenhuis6485\" target=\"_blank\" rel=\"noreferrer noopener\">https:\/\/www.youtube.com\/@nathaliagrotenhuis6485<\/a><\/p>\n\n\n\n<h2 class=\"wp-block-heading\">Soundbeispiele<\/h2>\n\n\n\n<p><a href=\"https:\/\/soundcloud.com\/ngrotenhuis\" target=\"_blank\" rel=\"noreferrer noopener\">https:\/\/soundcloud.com\/ngrotenhuis<\/a><\/p>\n\n\n\n<p class=\"has-text-align-center\">Seinsform Formverlust Lustverformung, copyright Ingrid Pickel<\/p>\n\n\n<div class=\"wp-block-image\">\n<figure class=\"aligncenter size-large is-resized\"><img loading=\"lazy\" decoding=\"async\" width=\"1024\" height=\"683\" src=\"https:\/\/www.akm-koblenz.de\/wp-content\/uploads\/2024\/08\/Seinsform-Formverlust-Lustverformung-copyright-Ingrid-Pickel-1024x683.jpg\" alt=\"\" class=\"wp-image-1086\" style=\"width:400px\" srcset=\"https:\/\/www.akm-koblenz.de\/wp-content\/uploads\/2024\/08\/Seinsform-Formverlust-Lustverformung-copyright-Ingrid-Pickel-1024x683.jpg 1024w, https:\/\/www.akm-koblenz.de\/wp-content\/uploads\/2024\/08\/Seinsform-Formverlust-Lustverformung-copyright-Ingrid-Pickel-300x200.jpg 300w, https:\/\/www.akm-koblenz.de\/wp-content\/uploads\/2024\/08\/Seinsform-Formverlust-Lustverformung-copyright-Ingrid-Pickel-768x512.jpg 768w, https:\/\/www.akm-koblenz.de\/wp-content\/uploads\/2024\/08\/Seinsform-Formverlust-Lustverformung-copyright-Ingrid-Pickel-1536x1024.jpg 1536w, https:\/\/www.akm-koblenz.de\/wp-content\/uploads\/2024\/08\/Seinsform-Formverlust-Lustverformung-copyright-Ingrid-Pickel-2048x1365.jpg 2048w\" sizes=\"auto, (max-width: 706px) 89vw, (max-width: 767px) 82vw, 740px\" \/><\/figure><\/div>\n\n\n<p class=\"has-text-align-center\">reden ist silber, copyright Violetta Richard<\/p>\n\n\n<div class=\"wp-block-image\">\n<figure class=\"aligncenter size-full is-resized\"><img loading=\"lazy\" decoding=\"async\" width=\"768\" height=\"1024\" src=\"https:\/\/www.akm-koblenz.de\/wp-content\/uploads\/2024\/08\/reden-ist-silber-copyright-Violetta-Richard.jpeg\" alt=\"\" class=\"wp-image-1087\" style=\"width:400px\" srcset=\"https:\/\/www.akm-koblenz.de\/wp-content\/uploads\/2024\/08\/reden-ist-silber-copyright-Violetta-Richard.jpeg 768w, https:\/\/www.akm-koblenz.de\/wp-content\/uploads\/2024\/08\/reden-ist-silber-copyright-Violetta-Richard-225x300.jpeg 225w\" sizes=\"auto, (max-width: 706px) 89vw, (max-width: 767px) 82vw, 740px\" \/><\/figure><\/div>\n\n\n<p class=\"has-text-align-center\">Flow, copyright Moritz Reinisch<\/p>\n\n\n<div class=\"wp-block-image\">\n<figure class=\"aligncenter size-large is-resized\"><img loading=\"lazy\" decoding=\"async\" width=\"683\" height=\"1024\" src=\"https:\/\/www.akm-koblenz.de\/wp-content\/uploads\/2024\/08\/Flow-copyright-Moritz-Reinisch-683x1024.jpg\" alt=\"\" class=\"wp-image-1088\" style=\"width:400px\" srcset=\"https:\/\/www.akm-koblenz.de\/wp-content\/uploads\/2024\/08\/Flow-copyright-Moritz-Reinisch-683x1024.jpg 683w, https:\/\/www.akm-koblenz.de\/wp-content\/uploads\/2024\/08\/Flow-copyright-Moritz-Reinisch-200x300.jpg 200w, https:\/\/www.akm-koblenz.de\/wp-content\/uploads\/2024\/08\/Flow-copyright-Moritz-Reinisch-768x1152.jpg 768w, https:\/\/www.akm-koblenz.de\/wp-content\/uploads\/2024\/08\/Flow-copyright-Moritz-Reinisch-1024x1536.jpg 1024w, https:\/\/www.akm-koblenz.de\/wp-content\/uploads\/2024\/08\/Flow-copyright-Moritz-Reinisch-1366x2048.jpg 1366w, https:\/\/www.akm-koblenz.de\/wp-content\/uploads\/2024\/08\/Flow-copyright-Moritz-Reinisch-scaled.jpg 1707w\" sizes=\"auto, (max-width: 683px) 100vw, 683px\" \/><\/figure><\/div>","protected":false},"excerpt":{"rendered":"<p>Ausstellungen (Auszug ab 2020) solo und Duo pulsIV (Nathalia Grotenhuis, Violetta Richard) 2024 hast du den Knall nicht geh\u00f6rt?, Raum-Klang-InstallationGruppenausstellung der neuen Mitglieder der AKMHaus Metternich, KoblenzCOEXIST, grafische Partiturim Rahmen der Ausstellung der Stipendiaten des K\u00fcnstlerhauses Schloss BalmoralMittelrhein-Museum, Koblenz 2023 quinta essentia, grafische Partiturenim Rahmen der Form und Farbe; Gruppenausstellung AKMHaus Metternich, Koblenzansto\u00dfen, Klanginstallationim Rahmen &hellip; <\/p>\n<p class=\"link-more\"><a href=\"https:\/\/www.akm-koblenz.de\/index.php\/nathalia-grotenhuis\/\" class=\"more-link\">Continue reading<span class=\"screen-reader-text\"> &#8220;NATHALIA GROTENHUIS&#8221;<\/span><\/a><\/p>\n","protected":false},"author":1,"featured_media":0,"parent":0,"menu_order":0,"comment_status":"closed","ping_status":"closed","template":"","meta":{"footnotes":""},"class_list":["post-1085","page","type-page","status-publish","hentry"],"_links":{"self":[{"href":"https:\/\/www.akm-koblenz.de\/index.php\/wp-json\/wp\/v2\/pages\/1085","targetHints":{"allow":["GET"]}}],"collection":[{"href":"https:\/\/www.akm-koblenz.de\/index.php\/wp-json\/wp\/v2\/pages"}],"about":[{"href":"https:\/\/www.akm-koblenz.de\/index.php\/wp-json\/wp\/v2\/types\/page"}],"author":[{"embeddable":true,"href":"https:\/\/www.akm-koblenz.de\/index.php\/wp-json\/wp\/v2\/users\/1"}],"replies":[{"embeddable":true,"href":"https:\/\/www.akm-koblenz.de\/index.php\/wp-json\/wp\/v2\/comments?post=1085"}],"version-history":[{"count":6,"href":"https:\/\/www.akm-koblenz.de\/index.php\/wp-json\/wp\/v2\/pages\/1085\/revisions"}],"predecessor-version":[{"id":1157,"href":"https:\/\/www.akm-koblenz.de\/index.php\/wp-json\/wp\/v2\/pages\/1085\/revisions\/1157"}],"wp:attachment":[{"href":"https:\/\/www.akm-koblenz.de\/index.php\/wp-json\/wp\/v2\/media?parent=1085"}],"curies":[{"name":"wp","href":"https:\/\/api.w.org\/{rel}","templated":true}]}}